{"id":2488,"date":"2024-12-19T14:07:00","date_gmt":"2024-12-19T12:07:00","guid":{"rendered":"https:\/\/cosmoflag.com\/?post_type=product&#038;p=2488"},"modified":"2025-08-12T21:20:39","modified_gmt":"2025-08-12T19:20:39","slug":"guyana-flag","status":"publish","type":"product","link":"https:\/\/cosmoflag.com\/da\/produkt-2\/guyana-flag\/","title":{"rendered":"Guyanas flag"},"content":{"rendered":"<h3><strong>Funktioner i Guyanas flag<\/strong><\/h3>\n<p>Vores Guyana-flag er fremstillet af f\u00f8rsteklasses polyester, der sikrer holdbarhed til b\u00e5de indend\u00f8rs og udend\u00f8rs brug. Det har metaltyller for nem montering og sikkert hold, selv under ugunstige vejrforhold. Dette flag m\u00e5ler 90 x 150 cm og giver fremragende synlighed p\u00e5 st\u00e6nger, v\u00e6gge eller under nationale begivenheder.<\/p>\n<h3><strong>Et symbol p\u00e5 stolthed og fremskridt<\/strong><\/h3>\n<p>Guyanas flag, kendt som \"Den gyldne pilespids\", blev officielt vedtaget i 1966, da landet blev uafh\u00e6ngigt. Dets livlige design har et gr\u00f8nt felt, der repr\u00e6senterer landets skove og landbrug, en gylden pilespids, der symboliserer landets mineralrigdom, og en sort kant, der indikerer modstandsdygtighed. Den r\u00f8de trekant repr\u00e6senterer \u00e5nden af dynamik og iver efter at opbygge en lys fremtid. Dette flag legemligg\u00f8r det guyanske folks forh\u00e5bninger og sammenhold.<\/p>\n<h3><strong>Alsidig brug<\/strong><\/h3>\n<p>Guyana-flaget er perfekt til nationale fejringer, kulturelle begivenheder, uddannelsesm\u00e6ssige form\u00e5l eller personlige samlinger og er en alsidig tilf\u00f8jelse til ethvert milj\u00f8. Dets falmebestandige farver og robuste design sikrer, at det forbliver levende og effektfuldt i mange \u00e5r fremover.<\/p>","protected":false},"excerpt":{"rendered":"<p>150 x 90 cm flag med 2 robuste metalgennemf\u00f8ringer til sikker oph\u00e6ngning.<\/p>","protected":false},"featured_media":1949,"comment_status":"open","ping_status":"closed","template":"","meta":{"_gspb_post_css":"","iawp_total_views":9},"product_brand":[],"product_cat":[63,58],"product_tag":[],"class_list":{"0":"post-2488","1":"product","2":"type-product","3":"status-publish","4":"has-post-thumbnail","6":"product_cat-south-america-flag","7":"product_cat-country-flags","9":"first","10":"instock","11":"sale","12":"shipping-taxable","13":"purchasable","14":"product-type-simple"},"_links":{"self":[{"href":"https:\/\/cosmoflag.com\/da\/wp-json\/wp\/v2\/product\/2488","targetHints":{"allow":["GET"]}}],"collection":[{"href":"https:\/\/cosmoflag.com\/da\/wp-json\/wp\/v2\/product"}],"about":[{"href":"https:\/\/cosmoflag.com\/da\/wp-json\/wp\/v2\/types\/product"}],"replies":[{"embeddable":true,"href":"https:\/\/cosmoflag.com\/da\/wp-json\/wp\/v2\/comments?post=2488"}],"wp:featuredmedia":[{"embeddable":true,"href":"https:\/\/cosmoflag.com\/da\/wp-json\/wp\/v2\/media\/1949"}],"wp:attachment":[{"href":"https:\/\/cosmoflag.com\/da\/wp-json\/wp\/v2\/media?parent=2488"}],"wp:term":[{"taxonomy":"product_brand","embeddable":true,"href":"https:\/\/cosmoflag.com\/da\/wp-json\/wp\/v2\/product_brand?post=2488"},{"taxonomy":"product_cat","embeddable":true,"href":"https:\/\/cosmoflag.com\/da\/wp-json\/wp\/v2\/product_cat?post=2488"},{"taxonomy":"product_tag","embeddable":true,"href":"https:\/\/cosmoflag.com\/da\/wp-json\/wp\/v2\/product_tag?post=2488"}],"curies":[{"name":"wp","href":"https:\/\/api.w.org\/{rel}","templated":true}]}}