{"id":2487,"date":"2024-12-19T14:03:00","date_gmt":"2024-12-19T12:03:00","guid":{"rendered":"https:\/\/cosmoflag.com\/?post_type=product&#038;p=2487"},"modified":"2025-08-12T21:20:39","modified_gmt":"2025-08-12T19:20:39","slug":"haitis-flag","status":"publish","type":"product","link":"https:\/\/cosmoflag.com\/da\/produkt-2\/haitis-flag\/","title":{"rendered":"Haitis flag"},"content":{"rendered":"<h3><strong>Haiti Flag Funktioner<\/strong><\/h3>\n<p>Vores Haiti-flag er fremstillet af f\u00f8rsteklasses polyester, der sikrer holdbarhed til b\u00e5de indend\u00f8rs og udend\u00f8rs brug. Det har metaltyller for nem montering og sikkert hold, selv under udfordrende vejrforhold. Dette flag m\u00e5ler 90 x 150 cm og giver fremragende synlighed, uanset om det vises p\u00e5 en stang, en v\u00e6g eller under nationale festligheder.<\/p>\n<h3><strong>Et symbol p\u00e5 stolthed og frihed<\/strong><\/h3>\n<p>Haitis flag, som blev officielt vedtaget i 1986, har to vandrette b\u00e5nd i bl\u00e5t og r\u00f8dt, som symboliserer sammenhold og styrke. I midten ligger landets v\u00e5benskjold p\u00e5 et hvidt panel, der viser det ber\u00f8mte palmetr\u00e6 toppet med den frygiske hue, der symboliserer frihed. Kanoner, flag og andre uafh\u00e6ngighedssymboler omgiver tr\u00e6et til minde om Haitis kamp for frihed som den f\u00f8rste uafh\u00e6ngige sorte republik.<\/p>\n<h3><strong>Alsidig brug<\/strong><\/h3>\n<p>Haiti-flaget er perfekt til nationale festligheder, kulturelle begivenheder, uddannelsesform\u00e5l eller som en del af en personlig samling og er en meningsfuld repr\u00e6sentation af landets historie og identitet. Dets robuste design og falmebestandige farver sikrer, at det bevarer sin symbolske betydning og visuelle effekt over tid.<\/p>","protected":false},"excerpt":{"rendered":"<p>150 x 90 cm flag med 2 robuste metalgennemf\u00f8ringer til sikker oph\u00e6ngning.<\/p>","protected":false},"featured_media":1963,"comment_status":"open","ping_status":"closed","template":"","meta":{"_gspb_post_css":"","iawp_total_views":11},"product_brand":[],"product_cat":[62,58],"product_tag":[],"class_list":{"0":"post-2487","1":"product","2":"type-product","3":"status-publish","4":"has-post-thumbnail","6":"product_cat-north-america-flags","7":"product_cat-country-flags","9":"first","10":"instock","11":"sale","12":"shipping-taxable","13":"purchasable","14":"product-type-simple"},"_links":{"self":[{"href":"https:\/\/cosmoflag.com\/da\/wp-json\/wp\/v2\/product\/2487","targetHints":{"allow":["GET"]}}],"collection":[{"href":"https:\/\/cosmoflag.com\/da\/wp-json\/wp\/v2\/product"}],"about":[{"href":"https:\/\/cosmoflag.com\/da\/wp-json\/wp\/v2\/types\/product"}],"replies":[{"embeddable":true,"href":"https:\/\/cosmoflag.com\/da\/wp-json\/wp\/v2\/comments?post=2487"}],"wp:featuredmedia":[{"embeddable":true,"href":"https:\/\/cosmoflag.com\/da\/wp-json\/wp\/v2\/media\/1963"}],"wp:attachment":[{"href":"https:\/\/cosmoflag.com\/da\/wp-json\/wp\/v2\/media?parent=2487"}],"wp:term":[{"taxonomy":"product_brand","embeddable":true,"href":"https:\/\/cosmoflag.com\/da\/wp-json\/wp\/v2\/product_brand?post=2487"},{"taxonomy":"product_cat","embeddable":true,"href":"https:\/\/cosmoflag.com\/da\/wp-json\/wp\/v2\/product_cat?post=2487"},{"taxonomy":"product_tag","embeddable":true,"href":"https:\/\/cosmoflag.com\/da\/wp-json\/wp\/v2\/product_tag?post=2487"}],"curies":[{"name":"wp","href":"https:\/\/api.w.org\/{rel}","templated":true}]}}