{"id":2486,"date":"2024-12-19T14:01:00","date_gmt":"2024-12-19T12:01:00","guid":{"rendered":"https:\/\/cosmoflag.com\/?post_type=product&#038;p=2486"},"modified":"2025-08-12T21:20:39","modified_gmt":"2025-08-12T19:20:39","slug":"hawaiis-flag","status":"publish","type":"product","link":"https:\/\/cosmoflag.com\/da\/produkt-2\/hawaiis-flag\/","title":{"rendered":"Hawaiis flag"},"content":{"rendered":"<h3><strong>Hawaii Flag Funktioner<\/strong><\/h3>\n<p>Vores Hawaii-flag er fremstillet af f\u00f8rsteklasses polyester, der sikrer holdbarhed til indend\u00f8rs og udend\u00f8rs brug. Det har metaltyller for nem montering og p\u00e5lideligt hold, selv under ugunstige vejrforhold. Flaget m\u00e5ler 90 x 150 cm og er meget synligt, uanset om det h\u00e6nges op p\u00e5 st\u00e6nger, v\u00e6gge eller under kulturelle festligheder.<\/p>\n<h3><strong>Et unikt symbol p\u00e5 hawaiiansk arv<\/strong><\/h3>\n<p>Hawaiis flag, ogs\u00e5 kendt som \"Ka Hae Hawai'i\", kombinerer p\u00e5 en unik m\u00e5de elementer fra Hawaiis historie og dets b\u00e5nd til Storbritannien. Flaget har otte vandrette striber i hvid, r\u00f8d og bl\u00e5, som repr\u00e6senterer de otte hoved\u00f8er p\u00e5 Hawaii. Union Jack i \u00f8verste venstre hj\u00f8rne afspejler det historiske forhold til Storbritannien. Flaget blev vedtaget i 1845 og fungerer som et symbol p\u00e5 Hawaiis kulturelle identitet og suver\u00e6nitet.<\/p>\n<h3><strong>Alsidig brug<\/strong><\/h3>\n<p>Hawaii-flaget er perfekt til kulturelle begivenheder, statsfester, uddannelsesform\u00e5l eller som et symbol p\u00e5 stolthed og er en alsidig tilf\u00f8jelse til ethvert milj\u00f8. Dets robuste design og falmebestandige farver sikrer, at det forbliver levende og effektfuldt i mange \u00e5r fremover.<\/p>","protected":false},"excerpt":{"rendered":"<p>150 x 90 cm flag med 2 robuste metalgennemf\u00f8ringer til sikker oph\u00e6ngning.<\/p>","protected":false},"featured_media":1970,"comment_status":"open","ping_status":"closed","template":"","meta":{"_gspb_post_css":"","iawp_total_views":1},"product_brand":[],"product_cat":[72,70],"product_tag":[],"class_list":{"0":"post-2486","1":"product","2":"type-product","3":"status-publish","4":"has-post-thumbnail","6":"product_cat-american-state-flags","7":"product_cat-regional-flags","9":"first","10":"instock","11":"sale","12":"shipping-taxable","13":"purchasable","14":"product-type-simple"},"_links":{"self":[{"href":"https:\/\/cosmoflag.com\/da\/wp-json\/wp\/v2\/product\/2486","targetHints":{"allow":["GET"]}}],"collection":[{"href":"https:\/\/cosmoflag.com\/da\/wp-json\/wp\/v2\/product"}],"about":[{"href":"https:\/\/cosmoflag.com\/da\/wp-json\/wp\/v2\/types\/product"}],"replies":[{"embeddable":true,"href":"https:\/\/cosmoflag.com\/da\/wp-json\/wp\/v2\/comments?post=2486"}],"wp:featuredmedia":[{"embeddable":true,"href":"https:\/\/cosmoflag.com\/da\/wp-json\/wp\/v2\/media\/1970"}],"wp:attachment":[{"href":"https:\/\/cosmoflag.com\/da\/wp-json\/wp\/v2\/media?parent=2486"}],"wp:term":[{"taxonomy":"product_brand","embeddable":true,"href":"https:\/\/cosmoflag.com\/da\/wp-json\/wp\/v2\/product_brand?post=2486"},{"taxonomy":"product_cat","embeddable":true,"href":"https:\/\/cosmoflag.com\/da\/wp-json\/wp\/v2\/product_cat?post=2486"},{"taxonomy":"product_tag","embeddable":true,"href":"https:\/\/cosmoflag.com\/da\/wp-json\/wp\/v2\/product_tag?post=2486"}],"curies":[{"name":"wp","href":"https:\/\/api.w.org\/{rel}","templated":true}]}}