{"id":2485,"date":"2024-12-19T13:56:00","date_gmt":"2024-12-19T11:56:00","guid":{"rendered":"https:\/\/cosmoflag.com\/?post_type=product&#038;p=2485"},"modified":"2025-08-12T21:20:40","modified_gmt":"2025-08-12T19:20:40","slug":"hvideruslands-historiske-flag","status":"publish","type":"product","link":"https:\/\/cosmoflag.com\/da\/produkt-2\/hvideruslands-historiske-flag\/","title":{"rendered":"Hvideruslands historiske flag"},"content":{"rendered":"<h3><strong>Hvideruslands historiske flag Funktioner<\/strong><\/h3>\n<p>Vores historiske hviderussiske flag er fremstillet af f\u00f8rsteklasses polyester, der sikrer holdbarhed til b\u00e5de indend\u00f8rs og udend\u00f8rs brug. Det har metaltyller for nem montering og sikkert hold, selv under udfordrende vejrforhold. Dette flag m\u00e5ler 90 x 150 cm og sikrer fremragende synlighed, uanset om det er p\u00e5 en stang, en v\u00e6g eller under kulturelle begivenheder.<\/p>\n<h3><strong>Et symbol p\u00e5 arv og uafh\u00e6ngighed<\/strong><\/h3>\n<p>Hvideruslands historiske flag med en r\u00f8d vandret stribe omkranset af hvidt og et ridderemblem er et vigtigt symbol p\u00e5 nationens kamp for uafh\u00e6ngighed og dens historiske identitet. Emblemet er kendt som \"Pahonia\" og repr\u00e6senterer tapperhed og beskyttelse, mens flagets r\u00f8de og hvide design symboliserer Hvideruslands kulturelle og historiske traditioner.<\/p>\n<h3><strong>Alsidig brug<\/strong><\/h3>\n<p>Hvideruslands historiske flag er perfekt til kulturelle fejringer, historiske rekonstruktioner, uddannelsesm\u00e6ssige udstillinger eller personlige samlinger og er en meningsfuld tilf\u00f8jelse til ethvert milj\u00f8. De falmebestandige farver og det robuste design sikrer en varig visuel og symbolsk effekt.<\/p>","protected":false},"excerpt":{"rendered":"<p>150 x 90 cm flag med 2 robuste metalgennemf\u00f8ringer til sikker oph\u00e6ngning.<\/p>","protected":false},"featured_media":1978,"comment_status":"open","ping_status":"closed","template":"","meta":{"_gspb_post_css":"","iawp_total_views":14},"product_brand":[],"product_cat":[65,58],"product_tag":[],"class_list":{"0":"post-2485","1":"product","2":"type-product","3":"status-publish","4":"has-post-thumbnail","6":"product_cat-europe-flags","7":"product_cat-country-flags","9":"first","10":"instock","11":"sale","12":"shipping-taxable","13":"purchasable","14":"product-type-simple"},"_links":{"self":[{"href":"https:\/\/cosmoflag.com\/da\/wp-json\/wp\/v2\/product\/2485","targetHints":{"allow":["GET"]}}],"collection":[{"href":"https:\/\/cosmoflag.com\/da\/wp-json\/wp\/v2\/product"}],"about":[{"href":"https:\/\/cosmoflag.com\/da\/wp-json\/wp\/v2\/types\/product"}],"replies":[{"embeddable":true,"href":"https:\/\/cosmoflag.com\/da\/wp-json\/wp\/v2\/comments?post=2485"}],"wp:featuredmedia":[{"embeddable":true,"href":"https:\/\/cosmoflag.com\/da\/wp-json\/wp\/v2\/media\/1978"}],"wp:attachment":[{"href":"https:\/\/cosmoflag.com\/da\/wp-json\/wp\/v2\/media?parent=2485"}],"wp:term":[{"taxonomy":"product_brand","embeddable":true,"href":"https:\/\/cosmoflag.com\/da\/wp-json\/wp\/v2\/product_brand?post=2485"},{"taxonomy":"product_cat","embeddable":true,"href":"https:\/\/cosmoflag.com\/da\/wp-json\/wp\/v2\/product_cat?post=2485"},{"taxonomy":"product_tag","embeddable":true,"href":"https:\/\/cosmoflag.com\/da\/wp-json\/wp\/v2\/product_tag?post=2485"}],"curies":[{"name":"wp","href":"https:\/\/api.w.org\/{rel}","templated":true}]}}