{"id":2484,"date":"2024-12-19T13:53:00","date_gmt":"2024-12-19T11:53:00","guid":{"rendered":"https:\/\/cosmoflag.com\/?post_type=product&#038;p=2484"},"modified":"2025-08-12T21:20:40","modified_gmt":"2025-08-12T19:20:40","slug":"kosovos-flag","status":"publish","type":"product","link":"https:\/\/cosmoflag.com\/da\/produkt-2\/kosovos-flag\/","title":{"rendered":"Kosovos flag"},"content":{"rendered":"<h3><strong>Funktioner i Kosovos flag<\/strong><\/h3>\n<p>Vores Kosovo-flag er fremstillet af f\u00f8rsteklasses polyester, der sikrer holdbarhed til langvarig brug b\u00e5de indend\u00f8rs og udend\u00f8rs. Det har metaltyller for nem montering og sikkert hold, selv under udfordrende vejrforhold. Dette flag m\u00e5ler 90 x 150 cm og er meget synligt, n\u00e5r det skal h\u00e6nges op p\u00e5 st\u00e6nger, v\u00e6gge eller ved nationale festligheder.<\/p>\n<h3><strong>Et symbol p\u00e5 uafh\u00e6ngighed og sammenhold<\/strong><\/h3>\n<p>Kosovos flag, som blev officielt vedtaget i 2008, er en repr\u00e6sentation af nationens uafh\u00e6ngighed og multikulturelle identitet. Flaget har en bl\u00e5 baggrund med Kosovos guldkontur i midten, omgivet af seks hvide stjerner. Hver stjerne symboliserer en af Kosovos st\u00f8rste etniske grupper, hvilket afspejler befolkningens enhed og mangfoldighed. Dette design udtrykker Kosovos \u00f8nske om fred og anerkendelse.<\/p>\n<h3><strong>Alsidig brug<\/strong><\/h3>\n<p>Kosovos flag er perfekt til nationale begivenheder, kulturelle fejringer, uddannelsesm\u00e6ssige form\u00e5l eller personlige samlinger og er en alsidig og meningsfuld tilf\u00f8jelse til ethvert milj\u00f8. Dets robuste design og falmebestandige farver sikrer, at det bevarer sin symbolske betydning og visuelle effekt over tid.<\/p>","protected":false},"excerpt":{"rendered":"<p>150 x 90 cm flag med 2 robuste metalgennemf\u00f8ringer til sikker oph\u00e6ngning.<\/p>","protected":false},"featured_media":2027,"comment_status":"open","ping_status":"closed","template":"","meta":{"_gspb_post_css":"","iawp_total_views":6},"product_brand":[],"product_cat":[65,58],"product_tag":[],"class_list":{"0":"post-2484","1":"product","2":"type-product","3":"status-publish","4":"has-post-thumbnail","6":"product_cat-europe-flags","7":"product_cat-country-flags","9":"first","10":"instock","11":"sale","12":"shipping-taxable","13":"purchasable","14":"product-type-simple"},"_links":{"self":[{"href":"https:\/\/cosmoflag.com\/da\/wp-json\/wp\/v2\/product\/2484","targetHints":{"allow":["GET"]}}],"collection":[{"href":"https:\/\/cosmoflag.com\/da\/wp-json\/wp\/v2\/product"}],"about":[{"href":"https:\/\/cosmoflag.com\/da\/wp-json\/wp\/v2\/types\/product"}],"replies":[{"embeddable":true,"href":"https:\/\/cosmoflag.com\/da\/wp-json\/wp\/v2\/comments?post=2484"}],"wp:featuredmedia":[{"embeddable":true,"href":"https:\/\/cosmoflag.com\/da\/wp-json\/wp\/v2\/media\/2027"}],"wp:attachment":[{"href":"https:\/\/cosmoflag.com\/da\/wp-json\/wp\/v2\/media?parent=2484"}],"wp:term":[{"taxonomy":"product_brand","embeddable":true,"href":"https:\/\/cosmoflag.com\/da\/wp-json\/wp\/v2\/product_brand?post=2484"},{"taxonomy":"product_cat","embeddable":true,"href":"https:\/\/cosmoflag.com\/da\/wp-json\/wp\/v2\/product_cat?post=2484"},{"taxonomy":"product_tag","embeddable":true,"href":"https:\/\/cosmoflag.com\/da\/wp-json\/wp\/v2\/product_tag?post=2484"}],"curies":[{"name":"wp","href":"https:\/\/api.w.org\/{rel}","templated":true}]}}