{"id":2483,"date":"2024-12-19T13:48:00","date_gmt":"2024-12-19T11:48:00","guid":{"rendered":"https:\/\/cosmoflag.com\/?post_type=product&#038;p=2483"},"modified":"2025-08-12T21:20:40","modified_gmt":"2025-08-12T19:20:40","slug":"kurdistans-flag","status":"publish","type":"product","link":"https:\/\/cosmoflag.com\/da\/produkt-2\/kurdistans-flag\/","title":{"rendered":"Kurdistans flag"},"content":{"rendered":"<h3><strong>Kurdistans flag - funktioner<\/strong><\/h3>\n<p>Vores Kurdistan-flag er fremstillet af polyester af h\u00f8j kvalitet, som giver fremragende holdbarhed til b\u00e5de indend\u00f8rs og udend\u00f8rs brug. Det har metaltyller for nem montering og sikkert hold, selv under udfordrende vejrforhold. Dette flag m\u00e5ler 90 x 150 cm og sikrer maksimal synlighed, uanset om det vises p\u00e5 en stang, en v\u00e6g eller under kulturelle sammenkomster.<\/p>\n<h3><strong>Et symbol p\u00e5 identitet og frihed<\/strong><\/h3>\n<p>Kurdistans flag, ogs\u00e5 kendt som \"Ala Reng\u00een\", blev officielt vedtaget i 1927. Dets r\u00f8de, hvide og gr\u00f8nne vandrette striber repr\u00e6senterer henholdsvis det kurdiske folks ofre, fred og landets frugtbarhed. I midten ligger den str\u00e5lende gyldne sol med 21 str\u00e5ler, som symboliserer lys, frihed og liv. Dette flag st\u00e5r som et st\u00e6rkt symbol p\u00e5 kurdisk identitet, enhed og str\u00e6ben efter frihed.<\/p>\n<h3><strong>Alsidig brug<\/strong><\/h3>\n<p>Kurdistans flag er perfekt til kulturelle fejringer, nationale begivenheder, uddannelsesm\u00e6ssige form\u00e5l eller personlige samlinger og fungerer som en meningsfuld repr\u00e6sentation af arv og h\u00e5b. Dets robuste design og falmebestandige farver sikrer, at det bevarer sin visuelle og symbolske virkning over tid.<\/p>","protected":false},"excerpt":{"rendered":"<p>150 x 90 cm flag med 2 robuste metalgennemf\u00f8ringer til sikker oph\u00e6ngning.<\/p>","protected":false},"featured_media":2034,"comment_status":"open","ping_status":"closed","template":"","meta":{"_gspb_post_css":"","iawp_total_views":165},"product_brand":[],"product_cat":[58,66],"product_tag":[],"class_list":{"0":"post-2483","1":"product","2":"type-product","3":"status-publish","4":"has-post-thumbnail","6":"product_cat-country-flags","7":"product_cat-middle-east-flags","9":"first","10":"instock","11":"sale","12":"shipping-taxable","13":"purchasable","14":"product-type-simple"},"_links":{"self":[{"href":"https:\/\/cosmoflag.com\/da\/wp-json\/wp\/v2\/product\/2483","targetHints":{"allow":["GET"]}}],"collection":[{"href":"https:\/\/cosmoflag.com\/da\/wp-json\/wp\/v2\/product"}],"about":[{"href":"https:\/\/cosmoflag.com\/da\/wp-json\/wp\/v2\/types\/product"}],"replies":[{"embeddable":true,"href":"https:\/\/cosmoflag.com\/da\/wp-json\/wp\/v2\/comments?post=2483"}],"wp:featuredmedia":[{"embeddable":true,"href":"https:\/\/cosmoflag.com\/da\/wp-json\/wp\/v2\/media\/2034"}],"wp:attachment":[{"href":"https:\/\/cosmoflag.com\/da\/wp-json\/wp\/v2\/media?parent=2483"}],"wp:term":[{"taxonomy":"product_brand","embeddable":true,"href":"https:\/\/cosmoflag.com\/da\/wp-json\/wp\/v2\/product_brand?post=2483"},{"taxonomy":"product_cat","embeddable":true,"href":"https:\/\/cosmoflag.com\/da\/wp-json\/wp\/v2\/product_cat?post=2483"},{"taxonomy":"product_tag","embeddable":true,"href":"https:\/\/cosmoflag.com\/da\/wp-json\/wp\/v2\/product_tag?post=2483"}],"curies":[{"name":"wp","href":"https:\/\/api.w.org\/{rel}","templated":true}]}}