{"id":2481,"date":"2024-12-19T13:41:00","date_gmt":"2024-12-19T11:41:00","guid":{"rendered":"https:\/\/cosmoflag.com\/?post_type=product&#038;p=2481"},"modified":"2025-08-12T21:20:41","modified_gmt":"2025-08-12T19:20:41","slug":"nepals-flag","status":"publish","type":"product","link":"https:\/\/cosmoflag.com\/da\/produkt-2\/nepals-flag\/","title":{"rendered":"Nepals flag"},"content":{"rendered":"<h3><strong>Nepal Flag Funktioner<\/strong><\/h3>\n<p>Vores Nepal-flag er fremstillet af f\u00f8rsteklasses polyester, der sikrer holdbarhed og modstandsdygtighed til indend\u00f8rs og udend\u00f8rs brug. Udstyret med metaltyller er det nemt at montere og sidder sikkert fast, selv i udfordrende vejr. Dette flag m\u00e5ler 90 x 150 cm og giver fremragende synlighed, hvilket g\u00f8r det perfekt til st\u00e6nger, v\u00e6gge eller offentlige arrangementer.<\/p>\n<h3><strong>Et virkelig unikt nationalt symbol<\/strong><\/h3>\n<p>Nepals flag, der blev vedtaget i 1962, er det eneste ikke-rektangul\u00e6re nationalflag i verden og best\u00e5r af to stablede trekanter. Den \u00f8verste trekant har en hvid m\u00e5ne, mens den nederste viser en hvid sol, der repr\u00e6senterer fred og harmoni. Den r\u00f8de farve symboliserer mod, og den bl\u00e5 kant st\u00e5r for fred. Dette karakteristiske design afspejler Nepals rige kulturarv og dets forbindelse til Himalaya.<\/p>\n<h3><strong>Alsidig brug<\/strong><\/h3>\n<p>Nepals flag er ideelt til kulturelle begivenheder, nationale festligheder, uddannelsesudstillinger eller personlige samlinger og er et st\u00e6rkt symbol p\u00e5 identitet og stolthed. De falmebestandige farver og det robuste design sikrer en varig visuel effekt og betydning.<\/p>","protected":false},"excerpt":{"rendered":"<p>150 x 90 cm flag med 2 robuste metalgennemf\u00f8ringer til sikker oph\u00e6ngning.<\/p>","protected":false},"featured_media":2076,"comment_status":"open","ping_status":"closed","template":"","meta":{"_gspb_post_css":"","iawp_total_views":22},"product_brand":[],"product_cat":[64,58],"product_tag":[],"class_list":{"0":"post-2481","1":"product","2":"type-product","3":"status-publish","4":"has-post-thumbnail","6":"product_cat-asia-flags","7":"product_cat-country-flags","9":"first","10":"instock","11":"sale","12":"shipping-taxable","13":"purchasable","14":"product-type-simple"},"_links":{"self":[{"href":"https:\/\/cosmoflag.com\/da\/wp-json\/wp\/v2\/product\/2481","targetHints":{"allow":["GET"]}}],"collection":[{"href":"https:\/\/cosmoflag.com\/da\/wp-json\/wp\/v2\/product"}],"about":[{"href":"https:\/\/cosmoflag.com\/da\/wp-json\/wp\/v2\/types\/product"}],"replies":[{"embeddable":true,"href":"https:\/\/cosmoflag.com\/da\/wp-json\/wp\/v2\/comments?post=2481"}],"wp:featuredmedia":[{"embeddable":true,"href":"https:\/\/cosmoflag.com\/da\/wp-json\/wp\/v2\/media\/2076"}],"wp:attachment":[{"href":"https:\/\/cosmoflag.com\/da\/wp-json\/wp\/v2\/media?parent=2481"}],"wp:term":[{"taxonomy":"product_brand","embeddable":true,"href":"https:\/\/cosmoflag.com\/da\/wp-json\/wp\/v2\/product_brand?post=2481"},{"taxonomy":"product_cat","embeddable":true,"href":"https:\/\/cosmoflag.com\/da\/wp-json\/wp\/v2\/product_cat?post=2481"},{"taxonomy":"product_tag","embeddable":true,"href":"https:\/\/cosmoflag.com\/da\/wp-json\/wp\/v2\/product_tag?post=2481"}],"curies":[{"name":"wp","href":"https:\/\/api.w.org\/{rel}","templated":true}]}}