{"id":2468,"date":"2024-12-17T14:01:00","date_gmt":"2024-12-17T12:01:00","guid":{"rendered":"https:\/\/cosmoflag.com\/?post_type=product&#038;p=2468"},"modified":"2026-04-27T23:16:21","modified_gmt":"2026-04-27T21:16:21","slug":"israels-flag","status":"publish","type":"product","link":"https:\/\/cosmoflag.com\/da\/produkt-2\/israels-flag\/","title":{"rendered":"Israels flag"},"content":{"rendered":"<h3>Funktioner af Israels flag<\/h3>\n<p>Vores Israel-flag er fremstillet af polyester i h\u00f8j kvalitet, hvilket g\u00f8r det ideelt til langvarig brug, b\u00e5de indend\u00f8rs og udend\u00f8rs. Det har metaltyller for nem montering og garanteret hold, selv under ugunstige vejrforhold. F\u00e5s i en st\u00f8rrelse p\u00e5 90 x 150 cm\/35 x 59 tommer for maksimal synlighed, og vores flag opfylder en r\u00e6kke forskellige behov, uanset om du vil vise det p\u00e5 en stang eller en v\u00e6g.<\/p>\n<h3>Et nationalt symbol gennemsyret af historie<\/h3>\n<p>Israels flag med sin hvide baggrund og to vandrette bl\u00e5 striber, der indrammer den bl\u00e5 Davidsstjerne, er meget mere end bare et nationalt banner. Det blev vedtaget i 1948 og symboliserer b\u00e5de den j\u00f8diske arv og h\u00e5bet om en fredelig fremtid. Bl\u00e5 fremkalder himlen og spiritualitet, mens Davidsstjernen er et centralt symbol p\u00e5 j\u00f8dedommen. Dette flag er ikke bare et dekorativt element; det legemligg\u00f8r det israelske folks historie og forh\u00e5bninger.<\/p>\n<h3>Alsidig brug<\/h3>\n<p>Det israelske flag er velegnet til alle lejligheder, uanset om det drejer sig om nationale festligheder, samfundsbegivenheder eller uddannelsesform\u00e5l. Dets robuste design og falmebestandige farver sikrer, at flaget bevarer sin betydning og visuelle effekt over tid.<\/p>","protected":false},"excerpt":{"rendered":"<p>150 x 90 cm flag med 2 robuste metalgennemf\u00f8ringer til sikker oph\u00e6ngning.<\/p>","protected":false},"featured_media":2005,"comment_status":"open","ping_status":"closed","template":"","meta":{"_gspb_post_css":"","iawp_total_views":59},"product_brand":[],"product_cat":[66,58],"product_tag":[],"class_list":{"0":"post-2468","1":"product","2":"type-product","3":"status-publish","4":"has-post-thumbnail","6":"product_cat-middle-east-flags","7":"product_cat-country-flags","9":"first","10":"instock","11":"sale","12":"shipping-taxable","13":"purchasable","14":"product-type-simple"},"_links":{"self":[{"href":"https:\/\/cosmoflag.com\/da\/wp-json\/wp\/v2\/product\/2468","targetHints":{"allow":["GET"]}}],"collection":[{"href":"https:\/\/cosmoflag.com\/da\/wp-json\/wp\/v2\/product"}],"about":[{"href":"https:\/\/cosmoflag.com\/da\/wp-json\/wp\/v2\/types\/product"}],"replies":[{"embeddable":true,"href":"https:\/\/cosmoflag.com\/da\/wp-json\/wp\/v2\/comments?post=2468"}],"wp:featuredmedia":[{"embeddable":true,"href":"https:\/\/cosmoflag.com\/da\/wp-json\/wp\/v2\/media\/2005"}],"wp:attachment":[{"href":"https:\/\/cosmoflag.com\/da\/wp-json\/wp\/v2\/media?parent=2468"}],"wp:term":[{"taxonomy":"product_brand","embeddable":true,"href":"https:\/\/cosmoflag.com\/da\/wp-json\/wp\/v2\/product_brand?post=2468"},{"taxonomy":"product_cat","embeddable":true,"href":"https:\/\/cosmoflag.com\/da\/wp-json\/wp\/v2\/product_cat?post=2468"},{"taxonomy":"product_tag","embeddable":true,"href":"https:\/\/cosmoflag.com\/da\/wp-json\/wp\/v2\/product_tag?post=2468"}],"curies":[{"name":"wp","href":"https:\/\/api.w.org\/{rel}","templated":true}]}}