{"id":2467,"date":"2024-12-17T13:55:00","date_gmt":"2024-12-17T11:55:00","guid":{"rendered":"https:\/\/cosmoflag.com\/?post_type=product&#038;p=2467"},"modified":"2025-12-18T18:41:15","modified_gmt":"2025-12-18T16:41:15","slug":"palaestinensisk-flag","status":"publish","type":"product","link":"https:\/\/cosmoflag.com\/da\/produkt-2\/palaestinensisk-flag\/","title":{"rendered":"Pal\u00e6stinas flag"},"content":{"rendered":"<h3>Funktioner af det pal\u00e6stinensiske flag<\/h3>\n<p>Vores Pal\u00e6stina-flag er fremstillet af polyester i h\u00f8j kvalitet, hvilket g\u00f8r det ideelt til holdbar indend\u00f8rs og udend\u00f8rs brug. Det har metaltyller for nem montering og sikkert greb, selv under ugunstige vejrforhold. F\u00e5s i en st\u00f8rrelse p\u00e5 90 x 150 cm\/35 x 59 tommer for maksimal synlighed, og vores flag opfylder en r\u00e6kke forskellige behov, uanset om du vil vise det p\u00e5 en stang eller en v\u00e6g.<\/p>\n<h3>Et nationalt symbol gennemsyret af historie<\/h3>\n<p>Det pal\u00e6stinensiske flag med dets sorte, hvide og gr\u00f8nne striber og r\u00f8de trekant er meget mere end bare et nationalt banner. Det blev vedtaget i 1964 og symboliserer den pal\u00e6stinensiske str\u00e6ben efter uafh\u00e6ngighed og identitet. Sort repr\u00e6senterer de udfordringer, man har m\u00e5ttet udholde, hvid symboliserer fred, gr\u00f8n repr\u00e6senterer landets frugtbarhed og velstand, og r\u00f8d symboliserer mod og opofrelse. Dette flag er ikke bare et dekorativt element; det legemligg\u00f8r det pal\u00e6stinensiske folks historie og forh\u00e5bninger.<\/p>\n<h3>Alsidig brug<\/h3>\n<p>Det pal\u00e6stinensiske flag er velegnet til alle lejligheder, uanset om det drejer sig om nationale fejringer, samfundsbegivenheder eller uddannelsesform\u00e5l. Dets robuste design og farver, der ikke falmer, sikrer, at flaget bevarer sin betydning og visuelle effekt over tid.<\/p>","protected":false},"excerpt":{"rendered":"<p>150 x 90 cm flag med 2 robuste metalgennemf\u00f8ringer til sikker oph\u00e6ngning.<\/p>","protected":false},"featured_media":2117,"comment_status":"open","ping_status":"closed","template":"","meta":{"_gspb_post_css":"","iawp_total_views":237},"product_brand":[],"product_cat":[66,58],"product_tag":[],"class_list":{"0":"post-2467","1":"product","2":"type-product","3":"status-publish","4":"has-post-thumbnail","6":"product_cat-middle-east-flags","7":"product_cat-country-flags","9":"first","10":"instock","11":"sale","12":"shipping-taxable","13":"purchasable","14":"product-type-simple"},"_links":{"self":[{"href":"https:\/\/cosmoflag.com\/da\/wp-json\/wp\/v2\/product\/2467","targetHints":{"allow":["GET"]}}],"collection":[{"href":"https:\/\/cosmoflag.com\/da\/wp-json\/wp\/v2\/product"}],"about":[{"href":"https:\/\/cosmoflag.com\/da\/wp-json\/wp\/v2\/types\/product"}],"replies":[{"embeddable":true,"href":"https:\/\/cosmoflag.com\/da\/wp-json\/wp\/v2\/comments?post=2467"}],"wp:featuredmedia":[{"embeddable":true,"href":"https:\/\/cosmoflag.com\/da\/wp-json\/wp\/v2\/media\/2117"}],"wp:attachment":[{"href":"https:\/\/cosmoflag.com\/da\/wp-json\/wp\/v2\/media?parent=2467"}],"wp:term":[{"taxonomy":"product_brand","embeddable":true,"href":"https:\/\/cosmoflag.com\/da\/wp-json\/wp\/v2\/product_brand?post=2467"},{"taxonomy":"product_cat","embeddable":true,"href":"https:\/\/cosmoflag.com\/da\/wp-json\/wp\/v2\/product_cat?post=2467"},{"taxonomy":"product_tag","embeddable":true,"href":"https:\/\/cosmoflag.com\/da\/wp-json\/wp\/v2\/product_tag?post=2467"}],"curies":[{"name":"wp","href":"https:\/\/api.w.org\/{rel}","templated":true}]}}