{"id":2464,"date":"2024-12-17T13:44:00","date_gmt":"2024-12-17T11:44:00","guid":{"rendered":"https:\/\/cosmoflag.com\/?post_type=product&#038;p=2464"},"modified":"2025-08-12T21:20:47","modified_gmt":"2025-08-12T19:20:47","slug":"egyptens-flag","status":"publish","type":"product","link":"https:\/\/cosmoflag.com\/da\/produkt-2\/egyptens-flag\/","title":{"rendered":"Egyptens flag"},"content":{"rendered":"<h3>Egenskaber ved Egyptens flag<\/h3>\n<p>Vores Egypten-flag er fremstillet af polyester i h\u00f8j kvalitet, hvilket g\u00f8r det ideelt til holdbar indend\u00f8rs og udend\u00f8rs brug. Det har metaltyller for nem montering og garanteret hold, selv under ugunstige vejrforhold. F\u00e5s i en st\u00f8rrelse p\u00e5 90 x 150 cm\/35 x 59 tommer for maksimal synlighed, og vores flag opfylder en r\u00e6kke forskellige behov, uanset om du vil vise det p\u00e5 en stang eller en v\u00e6g.<\/p>\n<h3>Et nationalt symbol gennemsyret af historie<\/h3>\n<p>Egyptens flag med sine tre vandrette striber i r\u00f8d, hvid og sort og Saladins \u00f8rn i midten er meget mere end bare et nationalt banner. Det blev vedtaget i 1984 og symboliserer de forskellige perioder i den moderne egyptiske historie. R\u00f8d repr\u00e6senterer offer og mod, hvid symboliserer renhed og lys, og sort fremkalder m\u00f8rke perioder med undertrykkelse. Saladins \u00f8rn er et symbol p\u00e5 styrke og v\u00e6rdighed. Dette flag er ikke bare et dekorativt element; det legemligg\u00f8r det egyptiske folks kamp og h\u00e5b.<\/p>\n<h3>Alsidig brug<\/h3>\n<p>Uanset om det drejer sig om nationale fejringer, kulturelle begivenheder eller uddannelsesm\u00e6ssige form\u00e5l, er det egyptiske flag velegnet til alle lejligheder. Dets robuste design og falmebestandige farver sikrer, at flaget bevarer sin betydning og visuelle effekt over tid.<\/p>","protected":false},"excerpt":{"rendered":"<p>150 x 90 cm flag med 2 robuste metalgennemf\u00f8ringer til sikker oph\u00e6ngning.<\/p>","protected":false},"featured_media":1883,"comment_status":"open","ping_status":"closed","template":"","meta":{"_gspb_post_css":"","iawp_total_views":18},"product_brand":[],"product_cat":[60,58],"product_tag":[],"class_list":{"0":"post-2464","1":"product","2":"type-product","3":"status-publish","4":"has-post-thumbnail","6":"product_cat-africa-flags","7":"product_cat-country-flags","9":"first","10":"instock","11":"sale","12":"shipping-taxable","13":"purchasable","14":"product-type-simple"},"_links":{"self":[{"href":"https:\/\/cosmoflag.com\/da\/wp-json\/wp\/v2\/product\/2464","targetHints":{"allow":["GET"]}}],"collection":[{"href":"https:\/\/cosmoflag.com\/da\/wp-json\/wp\/v2\/product"}],"about":[{"href":"https:\/\/cosmoflag.com\/da\/wp-json\/wp\/v2\/types\/product"}],"replies":[{"embeddable":true,"href":"https:\/\/cosmoflag.com\/da\/wp-json\/wp\/v2\/comments?post=2464"}],"wp:featuredmedia":[{"embeddable":true,"href":"https:\/\/cosmoflag.com\/da\/wp-json\/wp\/v2\/media\/1883"}],"wp:attachment":[{"href":"https:\/\/cosmoflag.com\/da\/wp-json\/wp\/v2\/media?parent=2464"}],"wp:term":[{"taxonomy":"product_brand","embeddable":true,"href":"https:\/\/cosmoflag.com\/da\/wp-json\/wp\/v2\/product_brand?post=2464"},{"taxonomy":"product_cat","embeddable":true,"href":"https:\/\/cosmoflag.com\/da\/wp-json\/wp\/v2\/product_cat?post=2464"},{"taxonomy":"product_tag","embeddable":true,"href":"https:\/\/cosmoflag.com\/da\/wp-json\/wp\/v2\/product_tag?post=2464"}],"curies":[{"name":"wp","href":"https:\/\/api.w.org\/{rel}","templated":true}]}}