{"id":2463,"date":"2024-12-17T13:35:00","date_gmt":"2024-12-17T11:35:00","guid":{"rendered":"https:\/\/cosmoflag.com\/?post_type=product&#038;p=2463"},"modified":"2025-10-29T20:26:47","modified_gmt":"2025-10-29T18:26:47","slug":"lower-normandy-flag","status":"publish","type":"product","link":"https:\/\/cosmoflag.com\/da\/produkt-2\/lower-normandy-flag\/","title":{"rendered":"Flag fra Nedre Normandiet"},"content":{"rendered":"<h3>Funktioner af Nedre Normandiets flag<\/h3>\n<p>Vores Lower Normandy-flag er fremstillet af polyester i h\u00f8j kvalitet, hvilket g\u00f8r det ideelt til langvarig brug, uanset om det er indend\u00f8rs eller udend\u00f8rs. Det har metaltyller til nem montering og sikrer, at det bliver p\u00e5 plads, selv under ugunstige vejrforhold. F\u00e5s i 90 x 150 cm\/35 x 59 tommer for maksimal synlighed, og vores flag opfylder en r\u00e6kke forskellige behov, uanset om du vil vise det p\u00e5 en stang eller en v\u00e6g.<\/p>\n<h3>Et regionalt symbol gennemsyret af historie<\/h3>\n<p>Basse-Normandies flag med de to r\u00f8de leoparder p\u00e5 gul baggrund er meget mere end bare et regionalt banner. Inspireret af Normandiets historiske v\u00e5benskjold, som g\u00e5r tilbage til hertugd\u00f8mmet Normandiet under Richard L\u00f8vehjerte, symboliserer dette motiv styrke og dristighed. Leoparderne, der ofte fortolkes som l\u00f8ver i engelsk heraldik, vidner om de dybe historiske b\u00e5nd mellem Normandiet og England.<\/p>\n<h3>Alsidig brug<\/h3>\n<p>Uanset om det drejer sig om regionale fejringer, historiske genopf\u00f8relser eller uddannelsesm\u00e6ssige form\u00e5l, er Lower Normandy-flaget velegnet til alle lejligheder. Dets robuste design og falmebestandige farver sikrer, at flaget bevarer sin betydning og visuelle effekt over tid.<\/p>","protected":false},"excerpt":{"rendered":"<p>150 x 90 cm flag med 2 robuste metalgennemf\u00f8ringer til sikker oph\u00e6ngning.<\/p>","protected":false},"featured_media":1233,"comment_status":"open","ping_status":"closed","template":"","meta":{"_gspb_post_css":"","iawp_total_views":8},"product_brand":[],"product_cat":[75,70],"product_tag":[],"class_list":{"0":"post-2463","1":"product","2":"type-product","3":"status-publish","4":"has-post-thumbnail","6":"product_cat-france-regional-flags","7":"product_cat-regional-flags","9":"first","10":"instock","11":"sale","12":"shipping-taxable","13":"purchasable","14":"product-type-simple"},"_links":{"self":[{"href":"https:\/\/cosmoflag.com\/da\/wp-json\/wp\/v2\/product\/2463","targetHints":{"allow":["GET"]}}],"collection":[{"href":"https:\/\/cosmoflag.com\/da\/wp-json\/wp\/v2\/product"}],"about":[{"href":"https:\/\/cosmoflag.com\/da\/wp-json\/wp\/v2\/types\/product"}],"replies":[{"embeddable":true,"href":"https:\/\/cosmoflag.com\/da\/wp-json\/wp\/v2\/comments?post=2463"}],"wp:featuredmedia":[{"embeddable":true,"href":"https:\/\/cosmoflag.com\/da\/wp-json\/wp\/v2\/media\/1233"}],"wp:attachment":[{"href":"https:\/\/cosmoflag.com\/da\/wp-json\/wp\/v2\/media?parent=2463"}],"wp:term":[{"taxonomy":"product_brand","embeddable":true,"href":"https:\/\/cosmoflag.com\/da\/wp-json\/wp\/v2\/product_brand?post=2463"},{"taxonomy":"product_cat","embeddable":true,"href":"https:\/\/cosmoflag.com\/da\/wp-json\/wp\/v2\/product_cat?post=2463"},{"taxonomy":"product_tag","embeddable":true,"href":"https:\/\/cosmoflag.com\/da\/wp-json\/wp\/v2\/product_tag?post=2463"}],"curies":[{"name":"wp","href":"https:\/\/api.w.org\/{rel}","templated":true}]}}