{"id":2457,"date":"2024-12-16T14:46:00","date_gmt":"2024-12-16T12:46:00","guid":{"rendered":"https:\/\/cosmoflag.com\/?post_type=product&#038;p=2457"},"modified":"2025-08-12T21:20:49","modified_gmt":"2025-08-12T19:20:49","slug":"kommunistisk-flag","status":"publish","type":"product","link":"https:\/\/cosmoflag.com\/da\/produkt-2\/kommunistisk-flag\/","title":{"rendered":"Kommunistisk flag"},"content":{"rendered":"<h3><strong>Kommunistiske flagfunktioner<\/strong><\/h3>\n<p>Vores kommunistflag er fremstillet af polyester i h\u00f8j kvalitet, hvilket sikrer holdbarhed og modstandsdygtighed til b\u00e5de indend\u00f8rs og udend\u00f8rs brug. Det har metaltyller for nem montering og p\u00e5lideligt hold, selv under udfordrende vejrforhold. Med en st\u00f8rrelse p\u00e5 90 x 150 cm\/35 x 59 tommer giver dette flag fremragende synlighed, uanset om det vises p\u00e5 en stang, v\u00e6g eller under offentlige sammenkomster.<\/p>\n<h3><strong>Et symbol p\u00e5 revolution og sammenhold<\/strong><\/h3>\n<p>Det kommunistiske flag med sin kraftige r\u00f8de baggrund og gyldne hammer og segl repr\u00e6senterer enheden mellem arbejdere og b\u00f8nder. Med r\u00f8dder i den revolution\u00e6re historie symboliserer den r\u00f8de farve de ofre, der er bragt for frihed og lighed, mens hammeren og seglet symboliserer samarbejdet mellem industri og landbrug. Dette flag har st\u00e5et som et st\u00e6rkt emblem for sociale og politiske bev\u00e6gelser over hele verden.<\/p>\n<h3><strong>Alsidig brug<\/strong><\/h3>\n<p>Det kommunistiske flag er perfekt til demonstrationer, historiske begivenheder, uddannelsesform\u00e5l eller som en del af en personlig samling og fungerer som en meningsfuld repr\u00e6sentation af kollektive idealer. Dets robuste design og falmebestandige farver sikrer, at det forbliver visuelt virkningsfuldt og symbolsk relevant over tid.<\/p>","protected":false},"excerpt":{"rendered":"<p>150 x 90 cm flag med 2 robuste metalgennemf\u00f8ringer til sikker oph\u00e6ngning.<\/p>","protected":false},"featured_media":2458,"comment_status":"open","ping_status":"closed","template":"","meta":{"_gspb_post_css":"","iawp_total_views":162},"product_brand":[],"product_cat":[69],"product_tag":[],"class_list":{"0":"post-2457","1":"product","2":"type-product","3":"status-publish","4":"has-post-thumbnail","6":"product_cat-historical-flags","8":"first","9":"instock","10":"sale","11":"shipping-taxable","12":"purchasable","13":"product-type-simple"},"_links":{"self":[{"href":"https:\/\/cosmoflag.com\/da\/wp-json\/wp\/v2\/product\/2457","targetHints":{"allow":["GET"]}}],"collection":[{"href":"https:\/\/cosmoflag.com\/da\/wp-json\/wp\/v2\/product"}],"about":[{"href":"https:\/\/cosmoflag.com\/da\/wp-json\/wp\/v2\/types\/product"}],"replies":[{"embeddable":true,"href":"https:\/\/cosmoflag.com\/da\/wp-json\/wp\/v2\/comments?post=2457"}],"wp:featuredmedia":[{"embeddable":true,"href":"https:\/\/cosmoflag.com\/da\/wp-json\/wp\/v2\/media\/2458"}],"wp:attachment":[{"href":"https:\/\/cosmoflag.com\/da\/wp-json\/wp\/v2\/media?parent=2457"}],"wp:term":[{"taxonomy":"product_brand","embeddable":true,"href":"https:\/\/cosmoflag.com\/da\/wp-json\/wp\/v2\/product_brand?post=2457"},{"taxonomy":"product_cat","embeddable":true,"href":"https:\/\/cosmoflag.com\/da\/wp-json\/wp\/v2\/product_cat?post=2457"},{"taxonomy":"product_tag","embeddable":true,"href":"https:\/\/cosmoflag.com\/da\/wp-json\/wp\/v2\/product_tag?post=2457"}],"curies":[{"name":"wp","href":"https:\/\/api.w.org\/{rel}","templated":true}]}}