{"id":2455,"date":"2024-12-16T14:30:00","date_gmt":"2024-12-16T12:30:00","guid":{"rendered":"https:\/\/cosmoflag.com\/?post_type=product&#038;p=2455"},"modified":"2025-08-12T21:20:49","modified_gmt":"2025-08-12T19:20:49","slug":"russisk-flag-med-tohovedet-orn","status":"publish","type":"product","link":"https:\/\/cosmoflag.com\/da\/produkt-2\/russisk-flag-med-tohovedet-orn\/","title":{"rendered":"Russisk flag med tohovedet \u00f8rn"},"content":{"rendered":"<h3>Funktioner af det russiske flag med tohovedet \u00f8rn<\/h3>\n<p>Vores russiske flag med tohovedet \u00f8rn er lavet af polyester i h\u00f8j kvalitet, hvilket g\u00f8r det ideelt til holdbar brug, uanset om det er indend\u00f8rs eller udend\u00f8rs. Det har metaltyller for nem montering og et sikkert greb, selv under ugunstige vejrforhold. F\u00e5s i 90 x 150 cm\/35 x 59 tommer for maksimal synlighed, og vores flag opfylder en r\u00e6kke forskellige behov, uanset om du vil vise det p\u00e5 en stang eller en v\u00e6g.<\/p>\n<h3>Et nationalt symbol gennemsyret af historie<\/h3>\n<p>Det russiske flag med den sorte dobbelthovedede \u00f8rn p\u00e5 gul baggrund er meget mere end bare et nationalt banner. Den dobbelthovede \u00f8rn, som er en arv fra den byzantinske periode, er et st\u00e6rkt symbol p\u00e5 det russiske imperium og autoritet, som f\u00f8rst blev indf\u00f8rt af Ivan III efter hans \u00e6gteskab med den byzantinske prinsesse Sophie Palaiologina. Den gule (guld) baggrund symboliserer den russiske stats rigdom, pragt og majest\u00e6t. Dette flag er ikke bare et dekorativt element; det legemligg\u00f8r Ruslands komplekse historie og kejserlige autoritet.<\/p>\n<h3>Alsidig brug<\/h3>\n<p>Uanset om det drejer sig om nationale fejringer, historiske udstillinger eller uddannelsesm\u00e6ssige form\u00e5l, er det russiske flag med den dobbelthovedede \u00f8rn velegnet til alle lejligheder. Dets robuste design og falmebestandige farver sikrer, at flaget bevarer sin betydning og visuelle effekt over tid.<\/p>","protected":false},"excerpt":{"rendered":"<p>150 x 90 cm flag med 2 robuste metalgennemf\u00f8ringer til sikker oph\u00e6ngning.<\/p>","protected":false},"featured_media":2163,"comment_status":"open","ping_status":"closed","template":"","meta":{"_gspb_post_css":"","iawp_total_views":30},"product_brand":[],"product_cat":[65,58],"product_tag":[],"class_list":{"0":"post-2455","1":"product","2":"type-product","3":"status-publish","4":"has-post-thumbnail","6":"product_cat-europe-flags","7":"product_cat-country-flags","9":"first","10":"instock","11":"sale","12":"shipping-taxable","13":"purchasable","14":"product-type-simple"},"_links":{"self":[{"href":"https:\/\/cosmoflag.com\/da\/wp-json\/wp\/v2\/product\/2455","targetHints":{"allow":["GET"]}}],"collection":[{"href":"https:\/\/cosmoflag.com\/da\/wp-json\/wp\/v2\/product"}],"about":[{"href":"https:\/\/cosmoflag.com\/da\/wp-json\/wp\/v2\/types\/product"}],"replies":[{"embeddable":true,"href":"https:\/\/cosmoflag.com\/da\/wp-json\/wp\/v2\/comments?post=2455"}],"wp:featuredmedia":[{"embeddable":true,"href":"https:\/\/cosmoflag.com\/da\/wp-json\/wp\/v2\/media\/2163"}],"wp:attachment":[{"href":"https:\/\/cosmoflag.com\/da\/wp-json\/wp\/v2\/media?parent=2455"}],"wp:term":[{"taxonomy":"product_brand","embeddable":true,"href":"https:\/\/cosmoflag.com\/da\/wp-json\/wp\/v2\/product_brand?post=2455"},{"taxonomy":"product_cat","embeddable":true,"href":"https:\/\/cosmoflag.com\/da\/wp-json\/wp\/v2\/product_cat?post=2455"},{"taxonomy":"product_tag","embeddable":true,"href":"https:\/\/cosmoflag.com\/da\/wp-json\/wp\/v2\/product_tag?post=2455"}],"curies":[{"name":"wp","href":"https:\/\/api.w.org\/{rel}","templated":true}]}}