{"id":2453,"date":"2024-12-16T14:25:00","date_gmt":"2024-12-16T12:25:00","guid":{"rendered":"https:\/\/cosmoflag.com\/?post_type=product&#038;p=2453"},"modified":"2025-08-12T21:20:50","modified_gmt":"2025-08-12T19:20:50","slug":"tunisiens-flag","status":"publish","type":"product","link":"https:\/\/cosmoflag.com\/da\/produkt-2\/tunisiens-flag\/","title":{"rendered":"Tunesiens flag"},"content":{"rendered":"<h3>Funktioner af Tunesiens flag<\/h3>\n<p>Vores Tunesien-flag er fremstillet af polyester i h\u00f8j kvalitet, hvilket g\u00f8r det ideelt til holdbar indend\u00f8rs og udend\u00f8rs brug. Det har metaltyller for nem montering og garanteret hold, selv under ugunstige vejrforhold. F\u00e5s i 90 x 150 cm\/35 x 59 tommer for maksimal synlighed, og vores flag opfylder en r\u00e6kke forskellige behov, uanset om du vil vise det p\u00e5 en stang eller en v\u00e6g.<\/p>\n<h3>Et nationalt symbol gennemsyret af historie<\/h3>\n<p>Tunesiens flag er med sin r\u00f8de baggrund og den centrale hvide cirkel med den r\u00f8de halvm\u00e5ne og den femtakkede r\u00f8de stjerne meget mere end bare et nationalt banner. Det blev vedtaget i 1831 og er dybt forankret i landets historie. Den r\u00f8de farve symboliserer det blod, der blev udgydt for uafh\u00e6ngighed, mens den hvide farve repr\u00e6senterer fred. Halvm\u00e5nen og stjernen, som er st\u00e6rke symboler p\u00e5 islam, fremkalder ogs\u00e5 frihed og lys. Dette flag er ikke bare et dekorativt element; det legemligg\u00f8r det tunesiske folks historie, kultur og forh\u00e5bninger.<\/p>\n<h3>Alsidig brug<\/h3>\n<p>Uanset om det er til nationale fejringer, sportsbegivenheder eller uddannelsesform\u00e5l, er det tunesiske flag velegnet til alle lejligheder. Dets robuste design og falmebestandige farver sikrer, at flaget bevarer sin betydning og visuelle effekt over tid.<\/p>","protected":false},"excerpt":{"rendered":"<p>150 x 90 cm flag med 2 robuste metalgennemf\u00f8ringer til sikker oph\u00e6ngning.<\/p>","protected":false},"featured_media":2208,"comment_status":"open","ping_status":"closed","template":"","meta":{"_gspb_post_css":"","iawp_total_views":9},"product_brand":[],"product_cat":[60,58],"product_tag":[],"class_list":{"0":"post-2453","1":"product","2":"type-product","3":"status-publish","4":"has-post-thumbnail","6":"product_cat-africa-flags","7":"product_cat-country-flags","9":"first","10":"instock","11":"sale","12":"shipping-taxable","13":"purchasable","14":"product-type-simple"},"_links":{"self":[{"href":"https:\/\/cosmoflag.com\/da\/wp-json\/wp\/v2\/product\/2453","targetHints":{"allow":["GET"]}}],"collection":[{"href":"https:\/\/cosmoflag.com\/da\/wp-json\/wp\/v2\/product"}],"about":[{"href":"https:\/\/cosmoflag.com\/da\/wp-json\/wp\/v2\/types\/product"}],"replies":[{"embeddable":true,"href":"https:\/\/cosmoflag.com\/da\/wp-json\/wp\/v2\/comments?post=2453"}],"wp:featuredmedia":[{"embeddable":true,"href":"https:\/\/cosmoflag.com\/da\/wp-json\/wp\/v2\/media\/2208"}],"wp:attachment":[{"href":"https:\/\/cosmoflag.com\/da\/wp-json\/wp\/v2\/media?parent=2453"}],"wp:term":[{"taxonomy":"product_brand","embeddable":true,"href":"https:\/\/cosmoflag.com\/da\/wp-json\/wp\/v2\/product_brand?post=2453"},{"taxonomy":"product_cat","embeddable":true,"href":"https:\/\/cosmoflag.com\/da\/wp-json\/wp\/v2\/product_cat?post=2453"},{"taxonomy":"product_tag","embeddable":true,"href":"https:\/\/cosmoflag.com\/da\/wp-json\/wp\/v2\/product_tag?post=2453"}],"curies":[{"name":"wp","href":"https:\/\/api.w.org\/{rel}","templated":true}]}}