{"id":2452,"date":"2024-12-16T14:21:00","date_gmt":"2024-12-16T12:21:00","guid":{"rendered":"https:\/\/cosmoflag.com\/?post_type=product&#038;p=2452"},"modified":"2025-08-12T21:20:50","modified_gmt":"2025-08-12T19:20:50","slug":"slovakiets-flag","status":"publish","type":"product","link":"https:\/\/cosmoflag.com\/da\/produkt-2\/slovakiets-flag\/","title":{"rendered":"Slovakiets flag"},"content":{"rendered":"<h3>Slovakiske flagfunktioner<\/h3>\n<p>Vores Slovakiet-flag er fremstillet af polyester i h\u00f8j kvalitet, hvilket g\u00f8r det ideelt til holdbar indend\u00f8rs og udend\u00f8rs brug. Det har metaltyller for nem montering og garanteret hold, selv under ugunstige vejrforhold. F\u00e5s i 90 x 150 cm\/35 x 59 tommer for maksimal synlighed, og vores flag opfylder en r\u00e6kke forskellige behov, uanset om du vil vise det p\u00e5 en stang eller en v\u00e6g.<\/p>\n<h3>Et nationalt symbol gennemsyret af historie<\/h3>\n<p>Slovakiets flag er med sine vandrette striber i hvid, bl\u00e5 og r\u00f8d og det nationale v\u00e5benskjold p\u00e5 den hvide stribe meget mere end bare et nationalt banner. Flaget blev vedtaget i 1993 efter opl\u00f8sningen af Tjekkoslovakiet og er baseret p\u00e5 de traditionelle panslaviske farver. V\u00e5benskjoldet med et dobbeltkors p\u00e5 et bjerg med tre bakker symboliserer b\u00e5de den kristne tro og Slovakiets bjergrige landskab. Dette flag er ikke bare et dekorativt element; det repr\u00e6senterer det slovakiske folks historie, suver\u00e6nitet og kulturelle v\u00e6rdier.<\/p>\n<h3>Alsidig brug<\/h3>\n<p>Uanset om det drejer sig om nationale fejringer, sportsbegivenheder eller uddannelsesm\u00e6ssige form\u00e5l, er det slovakiske flag velegnet til alle lejligheder. Dets robuste design og falmebestandige farver sikrer, at flaget bevarer sin betydning og visuelle effekt over tid.<\/p>","protected":false},"excerpt":{"rendered":"<p>150 x 90 cm flag med 2 robuste metalgennemf\u00f8ringer til sikker oph\u00e6ngning.<\/p>","protected":false},"featured_media":2170,"comment_status":"open","ping_status":"closed","template":"","meta":{"_gspb_post_css":"","iawp_total_views":7},"product_brand":[],"product_cat":[65,58],"product_tag":[],"class_list":{"0":"post-2452","1":"product","2":"type-product","3":"status-publish","4":"has-post-thumbnail","6":"product_cat-europe-flags","7":"product_cat-country-flags","9":"first","10":"instock","11":"sale","12":"shipping-taxable","13":"purchasable","14":"product-type-simple"},"_links":{"self":[{"href":"https:\/\/cosmoflag.com\/da\/wp-json\/wp\/v2\/product\/2452","targetHints":{"allow":["GET"]}}],"collection":[{"href":"https:\/\/cosmoflag.com\/da\/wp-json\/wp\/v2\/product"}],"about":[{"href":"https:\/\/cosmoflag.com\/da\/wp-json\/wp\/v2\/types\/product"}],"replies":[{"embeddable":true,"href":"https:\/\/cosmoflag.com\/da\/wp-json\/wp\/v2\/comments?post=2452"}],"wp:featuredmedia":[{"embeddable":true,"href":"https:\/\/cosmoflag.com\/da\/wp-json\/wp\/v2\/media\/2170"}],"wp:attachment":[{"href":"https:\/\/cosmoflag.com\/da\/wp-json\/wp\/v2\/media?parent=2452"}],"wp:term":[{"taxonomy":"product_brand","embeddable":true,"href":"https:\/\/cosmoflag.com\/da\/wp-json\/wp\/v2\/product_brand?post=2452"},{"taxonomy":"product_cat","embeddable":true,"href":"https:\/\/cosmoflag.com\/da\/wp-json\/wp\/v2\/product_cat?post=2452"},{"taxonomy":"product_tag","embeddable":true,"href":"https:\/\/cosmoflag.com\/da\/wp-json\/wp\/v2\/product_tag?post=2452"}],"curies":[{"name":"wp","href":"https:\/\/api.w.org\/{rel}","templated":true}]}}