{"id":2447,"date":"2024-12-16T14:04:00","date_gmt":"2024-12-16T12:04:00","guid":{"rendered":"https:\/\/cosmoflag.com\/?post_type=product&#038;p=2447"},"modified":"2025-08-12T21:20:51","modified_gmt":"2025-08-12T19:20:51","slug":"somalias-flag","status":"publish","type":"product","link":"https:\/\/cosmoflag.com\/da\/produkt-2\/somalias-flag\/","title":{"rendered":"Somalias flag"},"content":{"rendered":"<h3>Funktioner af Somalias flag<\/h3>\n<p>Vores Somalia-flag er lavet af polyester i h\u00f8j kvalitet, hvilket g\u00f8r det ideelt til langvarig brug, b\u00e5de indend\u00f8rs og udend\u00f8rs. Det har metaltyller for nem montering og garanteret hold, selv under ugunstige vejrforhold. F\u00e5s i 90 x 150 cm\/35 x 59 tommer for maksimal synlighed, og vores flag opfylder en r\u00e6kke forskellige behov, uanset om du vil vise det p\u00e5 en stang eller en v\u00e6g.<\/p>\n<h3>Et nationalt symbol gennemsyret af historie<\/h3>\n<p>Somalias flag er med sin bl\u00e5 baggrund og store hvide femtakkede stjerne i midten meget mere end bare et nationalt banner. Det blev vedtaget den 12. oktober 1954 og symboliserer den bl\u00e5 himmel og Det Indiske Ocean, som gr\u00e6nser op til Somalia. Den hvide stjerne repr\u00e6senterer de fem regioner, der er beboet af somaliere p\u00e5 tv\u00e6rs af Afrikas Horn og det tidligere kolonirige. Flaget er ikke bare et dekorativt element; det legemligg\u00f8r det somaliske folks str\u00e6ben efter enhed og uafh\u00e6ngighed.<\/p>\n<h3>Alsidig brug<\/h3>\n<p>Det somaliske flag er velegnet til alle lejligheder, uanset om det er til nationale fejringer, samfundsbegivenheder eller uddannelsesform\u00e5l. Dets robuste design og falmebestandige farver sikrer, at flaget bevarer sin betydning og visuelle effekt over tid.<\/p>","protected":false},"excerpt":{"rendered":"<p>150 x 90 cm flag med 2 robuste metalgennemf\u00f8ringer til sikker oph\u00e6ngning.<\/p>","protected":false},"featured_media":2182,"comment_status":"open","ping_status":"closed","template":"","meta":{"_gspb_post_css":"","iawp_total_views":6},"product_brand":[],"product_cat":[60,58],"product_tag":[],"class_list":{"0":"post-2447","1":"product","2":"type-product","3":"status-publish","4":"has-post-thumbnail","6":"product_cat-africa-flags","7":"product_cat-country-flags","9":"first","10":"instock","11":"sale","12":"shipping-taxable","13":"purchasable","14":"product-type-simple"},"_links":{"self":[{"href":"https:\/\/cosmoflag.com\/da\/wp-json\/wp\/v2\/product\/2447","targetHints":{"allow":["GET"]}}],"collection":[{"href":"https:\/\/cosmoflag.com\/da\/wp-json\/wp\/v2\/product"}],"about":[{"href":"https:\/\/cosmoflag.com\/da\/wp-json\/wp\/v2\/types\/product"}],"replies":[{"embeddable":true,"href":"https:\/\/cosmoflag.com\/da\/wp-json\/wp\/v2\/comments?post=2447"}],"wp:featuredmedia":[{"embeddable":true,"href":"https:\/\/cosmoflag.com\/da\/wp-json\/wp\/v2\/media\/2182"}],"wp:attachment":[{"href":"https:\/\/cosmoflag.com\/da\/wp-json\/wp\/v2\/media?parent=2447"}],"wp:term":[{"taxonomy":"product_brand","embeddable":true,"href":"https:\/\/cosmoflag.com\/da\/wp-json\/wp\/v2\/product_brand?post=2447"},{"taxonomy":"product_cat","embeddable":true,"href":"https:\/\/cosmoflag.com\/da\/wp-json\/wp\/v2\/product_cat?post=2447"},{"taxonomy":"product_tag","embeddable":true,"href":"https:\/\/cosmoflag.com\/da\/wp-json\/wp\/v2\/product_tag?post=2447"}],"curies":[{"name":"wp","href":"https:\/\/api.w.org\/{rel}","templated":true}]}}