{"id":2446,"date":"2024-12-16T13:59:00","date_gmt":"2024-12-16T11:59:00","guid":{"rendered":"https:\/\/cosmoflag.com\/?post_type=product&#038;p=2446"},"modified":"2025-08-12T21:20:54","modified_gmt":"2025-08-12T19:20:54","slug":"algeriets-flag","status":"publish","type":"product","link":"https:\/\/cosmoflag.com\/da\/produkt-2\/algeriets-flag\/","title":{"rendered":"Algeriets flag"},"content":{"rendered":"<h3>Funktioner af Algeriets flag<\/h3>\n<p>Vores Algeriet-flag er fremstillet af polyester i h\u00f8j kvalitet, hvilket g\u00f8r det ideelt til holdbar indend\u00f8rs og udend\u00f8rs brug. Det har metaltyller for nem montering og garanteret hold, selv under ugunstige vejrforhold. F\u00e5s i en st\u00f8rrelse p\u00e5 90 x 150 cm\/35 x 59 tommer for maksimal synlighed, og vores flag opfylder en r\u00e6kke forskellige behov, uanset om du vil vise det p\u00e5 en stang eller en v\u00e6g.<\/p>\n<h3>Et nationalt symbol gennemsyret af historie<\/h3>\n<p>Algeriets flag er med sine to lodrette halvdele af gr\u00f8n og hvid, en r\u00f8d halvm\u00e5ne og en femtakket stjerne i midten meget mere end bare et nationalt banner. Det blev vedtaget i 1962 efter uafh\u00e6ngigheden fra Frankrig, og det gr\u00f8nne symboliserer islam, det hvide st\u00e5r for renhed, og det r\u00f8de er et tegn p\u00e5 frihed. Halvm\u00e5nen og stjernen er traditionelle symboler p\u00e5 islam, men ogs\u00e5 en p\u00e5mindelse om revolutionen og kampen for uafh\u00e6ngighed. Dette flag er ikke bare et dekorativt element; det legemligg\u00f8r den algeriske nations forh\u00e5bninger, mod og identitet.<\/p>\n<h3>Alsidig brug<\/h3>\n<p>Uanset om det er til nationale fejringer, sportsbegivenheder eller uddannelsesm\u00e6ssige form\u00e5l, er det algeriske flag velegnet til alle lejligheder. Dets robuste design og falmebestandige farver sikrer, at flaget bevarer sin betydning og visuelle effekt over tid.<\/p>","protected":false},"excerpt":{"rendered":"<p>150 x 90 cm flag med 2 robuste metalgennemf\u00f8ringer til sikker oph\u00e6ngning.<\/p>","protected":false},"featured_media":1795,"comment_status":"open","ping_status":"closed","template":"","meta":{"_gspb_post_css":"","iawp_total_views":16},"product_brand":[],"product_cat":[60,58],"product_tag":[],"class_list":{"0":"post-2446","1":"product","2":"type-product","3":"status-publish","4":"has-post-thumbnail","6":"product_cat-africa-flags","7":"product_cat-country-flags","9":"first","10":"instock","11":"sale","12":"shipping-taxable","13":"purchasable","14":"product-type-simple"},"_links":{"self":[{"href":"https:\/\/cosmoflag.com\/da\/wp-json\/wp\/v2\/product\/2446","targetHints":{"allow":["GET"]}}],"collection":[{"href":"https:\/\/cosmoflag.com\/da\/wp-json\/wp\/v2\/product"}],"about":[{"href":"https:\/\/cosmoflag.com\/da\/wp-json\/wp\/v2\/types\/product"}],"replies":[{"embeddable":true,"href":"https:\/\/cosmoflag.com\/da\/wp-json\/wp\/v2\/comments?post=2446"}],"wp:featuredmedia":[{"embeddable":true,"href":"https:\/\/cosmoflag.com\/da\/wp-json\/wp\/v2\/media\/1795"}],"wp:attachment":[{"href":"https:\/\/cosmoflag.com\/da\/wp-json\/wp\/v2\/media?parent=2446"}],"wp:term":[{"taxonomy":"product_brand","embeddable":true,"href":"https:\/\/cosmoflag.com\/da\/wp-json\/wp\/v2\/product_brand?post=2446"},{"taxonomy":"product_cat","embeddable":true,"href":"https:\/\/cosmoflag.com\/da\/wp-json\/wp\/v2\/product_cat?post=2446"},{"taxonomy":"product_tag","embeddable":true,"href":"https:\/\/cosmoflag.com\/da\/wp-json\/wp\/v2\/product_tag?post=2446"}],"curies":[{"name":"wp","href":"https:\/\/api.w.org\/{rel}","templated":true}]}}