{"id":2435,"date":"2024-12-15T22:31:00","date_gmt":"2024-12-15T20:31:00","guid":{"rendered":"https:\/\/cosmoflag.com\/?post_type=product&#038;p=2435"},"modified":"2025-08-12T21:20:57","modified_gmt":"2025-08-12T19:20:57","slug":"kazakhstans-flag","status":"publish","type":"product","link":"https:\/\/cosmoflag.com\/da\/produkt-2\/kazakhstans-flag\/","title":{"rendered":"Kasakhstans flag"},"content":{"rendered":"<h3>Kasakhstans flagfunktioner<\/h3>\n<p>Vores Kasakhstan-flag er fremstillet af polyester i h\u00f8j kvalitet, hvilket g\u00f8r det ideelt til langvarig brug, b\u00e5de indend\u00f8rs og udend\u00f8rs. Det har metaltyller for nem montering og garanteret hold, selv under ugunstige vejrforhold. F\u00e5s i 90 x 150 cm\/35 x 59 tommer for maksimal synlighed, og vores flag opfylder en r\u00e6kke forskellige behov, uanset om du vil vise det p\u00e5 en stang eller en v\u00e6g.<\/p>\n<h3>Et nationalt symbol gennemsyret af historie<\/h3>\n<p>Kasakhstans flag, der blev vedtaget i 1992 efter landets uafh\u00e6ngighed af Sovjetunionen, har en himmelbl\u00e5 baggrund med en sol og en \u00f8rn i flugt i midten og et lodret ornamentalt motiv ved stangen. Den himmelbl\u00e5 farve symboliserer fred og ro samt Kasakhstans kulturelle og etniske enhed. Solen repr\u00e6senterer kilden til liv og energi, \u00f8rnen er et symbol p\u00e5 frihed og h\u00f8je ambitioner, og det ornamentale motiv minder om traditionel nomadekunst og -kultur.<\/p>\n<h3>Alsidig brug<\/h3>\n<p>Uanset om det er til nationale fejringer, kulturelle begivenheder, sport eller uddannelsesm\u00e6ssige form\u00e5l, er det kasakhiske flag velegnet til alle lejligheder. Dets robuste design og falmebestandige farver sikrer, at flaget bevarer sin betydning og visuelle effekt over tid.<\/p>","protected":false},"excerpt":{"rendered":"<p>150 x 90 cm flag med 2 robuste metalgennemf\u00f8ringer til sikker oph\u00e6ngning.<\/p>","protected":false},"featured_media":2019,"comment_status":"open","ping_status":"closed","template":"","meta":{"_gspb_post_css":"","iawp_total_views":5},"product_brand":[],"product_cat":[64,58],"product_tag":[],"class_list":{"0":"post-2435","1":"product","2":"type-product","3":"status-publish","4":"has-post-thumbnail","6":"product_cat-asia-flags","7":"product_cat-country-flags","9":"first","10":"instock","11":"sale","12":"shipping-taxable","13":"purchasable","14":"product-type-simple"},"_links":{"self":[{"href":"https:\/\/cosmoflag.com\/da\/wp-json\/wp\/v2\/product\/2435","targetHints":{"allow":["GET"]}}],"collection":[{"href":"https:\/\/cosmoflag.com\/da\/wp-json\/wp\/v2\/product"}],"about":[{"href":"https:\/\/cosmoflag.com\/da\/wp-json\/wp\/v2\/types\/product"}],"replies":[{"embeddable":true,"href":"https:\/\/cosmoflag.com\/da\/wp-json\/wp\/v2\/comments?post=2435"}],"wp:featuredmedia":[{"embeddable":true,"href":"https:\/\/cosmoflag.com\/da\/wp-json\/wp\/v2\/media\/2019"}],"wp:attachment":[{"href":"https:\/\/cosmoflag.com\/da\/wp-json\/wp\/v2\/media?parent=2435"}],"wp:term":[{"taxonomy":"product_brand","embeddable":true,"href":"https:\/\/cosmoflag.com\/da\/wp-json\/wp\/v2\/product_brand?post=2435"},{"taxonomy":"product_cat","embeddable":true,"href":"https:\/\/cosmoflag.com\/da\/wp-json\/wp\/v2\/product_cat?post=2435"},{"taxonomy":"product_tag","embeddable":true,"href":"https:\/\/cosmoflag.com\/da\/wp-json\/wp\/v2\/product_tag?post=2435"}],"curies":[{"name":"wp","href":"https:\/\/api.w.org\/{rel}","templated":true}]}}