{"id":2434,"date":"2024-12-15T22:28:00","date_gmt":"2024-12-15T20:28:00","guid":{"rendered":"https:\/\/cosmoflag.com\/?post_type=product&#038;p=2434"},"modified":"2025-08-12T21:20:58","modified_gmt":"2025-08-12T19:20:58","slug":"cambodjas-flag","status":"publish","type":"product","link":"https:\/\/cosmoflag.com\/da\/produkt-2\/cambodjas-flag\/","title":{"rendered":"Cambodjas flag"},"content":{"rendered":"<h3>Egenskaber ved Cambodjas flag<\/h3>\n<p>Vores Cambodja-flag er fremstillet af polyester i h\u00f8j kvalitet, hvilket g\u00f8r det ideelt til holdbar indend\u00f8rs og udend\u00f8rs brug. Det har metaltyller for nem montering og garanteret hold, selv under ugunstige vejrforhold. F\u00e5s i 90 x 150 cm\/35 x 59 tommer for maksimal synlighed, og vores flag opfylder en r\u00e6kke forskellige behov, uanset om du vil vise det p\u00e5 en stang eller en v\u00e6g.<\/p>\n<h3>Et nationalt symbol gennemsyret af historie<\/h3>\n<p>Cambodjas flag er med sine to bl\u00e5 striber, der indrammer en central r\u00f8d stribe med Angkor Wat-templet i hvidt, meget mere end bare et nationalt banner. Flaget blev officielt vedtaget i 1948 og genvedtaget i 1993 efter flere \u00e6ndringer, og det symboliserer det cambodjanske folks kulturarv og identitet. Bl\u00e5 repr\u00e6senterer kongehuset, r\u00f8d symboliserer nationen, og hvid repr\u00e6senterer religion, hvilket afspejler de grundl\u00e6ggende principper i det cambodjanske samfund.<\/p>\n<h3>Alsidig brug<\/h3>\n<p>Uanset om det er til nationale fejringer, kulturelle begivenheder eller uddannelsesm\u00e6ssige form\u00e5l, er det cambodjanske flag velegnet til alle lejligheder. Dets robuste design og farver, der ikke falmer, sikrer, at flaget bevarer sin betydning og visuelle effekt over tid.<\/p>","protected":false},"excerpt":{"rendered":"<p>150 x 90 cm flag med 2 robuste metalgennemf\u00f8ringer til sikker oph\u00e6ngning.<\/p>","protected":false},"featured_media":1844,"comment_status":"open","ping_status":"closed","template":"","meta":{"_gspb_post_css":"","iawp_total_views":6},"product_brand":[],"product_cat":[64,58],"product_tag":[],"class_list":{"0":"post-2434","1":"product","2":"type-product","3":"status-publish","4":"has-post-thumbnail","6":"product_cat-asia-flags","7":"product_cat-country-flags","9":"first","10":"instock","11":"sale","12":"shipping-taxable","13":"purchasable","14":"product-type-simple"},"_links":{"self":[{"href":"https:\/\/cosmoflag.com\/da\/wp-json\/wp\/v2\/product\/2434","targetHints":{"allow":["GET"]}}],"collection":[{"href":"https:\/\/cosmoflag.com\/da\/wp-json\/wp\/v2\/product"}],"about":[{"href":"https:\/\/cosmoflag.com\/da\/wp-json\/wp\/v2\/types\/product"}],"replies":[{"embeddable":true,"href":"https:\/\/cosmoflag.com\/da\/wp-json\/wp\/v2\/comments?post=2434"}],"wp:featuredmedia":[{"embeddable":true,"href":"https:\/\/cosmoflag.com\/da\/wp-json\/wp\/v2\/media\/1844"}],"wp:attachment":[{"href":"https:\/\/cosmoflag.com\/da\/wp-json\/wp\/v2\/media?parent=2434"}],"wp:term":[{"taxonomy":"product_brand","embeddable":true,"href":"https:\/\/cosmoflag.com\/da\/wp-json\/wp\/v2\/product_brand?post=2434"},{"taxonomy":"product_cat","embeddable":true,"href":"https:\/\/cosmoflag.com\/da\/wp-json\/wp\/v2\/product_cat?post=2434"},{"taxonomy":"product_tag","embeddable":true,"href":"https:\/\/cosmoflag.com\/da\/wp-json\/wp\/v2\/product_tag?post=2434"}],"curies":[{"name":"wp","href":"https:\/\/api.w.org\/{rel}","templated":true}]}}