{"id":2430,"date":"2024-12-15T22:15:00","date_gmt":"2024-12-15T20:15:00","guid":{"rendered":"https:\/\/cosmoflag.com\/?post_type=product&#038;p=2430"},"modified":"2025-08-12T21:20:59","modified_gmt":"2025-08-12T19:20:59","slug":"nigerias-flag","status":"publish","type":"product","link":"https:\/\/cosmoflag.com\/da\/produkt-2\/nigerias-flag\/","title":{"rendered":"Nigerias flag"},"content":{"rendered":"<h3>Funktioner af Nigerias flag<\/h3>\n<p>Vores Nigeria-flag er fremstillet af polyester i h\u00f8j kvalitet, hvilket g\u00f8r det ideelt til langvarig brug, uanset om det er indend\u00f8rs eller udend\u00f8rs. Det har metaltyller for nem montering og garanteret hold, selv under ugunstige vejrforhold. F\u00e5s i 90 x 150 cm\/35 x 59 tommer for maksimal synlighed, og vores flag opfylder en r\u00e6kke forskellige behov, uanset om du vil vise det p\u00e5 en stang eller en v\u00e6g.<\/p>\n<h3>Et nationalt symbol gennemsyret af historie<\/h3>\n<p>Det nigerianske flag, der best\u00e5r af tre lodrette striber i gr\u00f8n, hvid og gr\u00f8n, er meget mere end et simpelt nationalbanner. Det blev vedtaget i 1960 ved landets uafh\u00e6ngighed, og det gr\u00f8nne symboliserer Nigerias rige naturskove og gr\u00e6sarealer, som afspejler landets overflod af landbrug, mens den hvide stribe repr\u00e6senterer fred og enhed. Dette flag er ikke bare et dekorativt element; det legemligg\u00f8r det nigerianske folks str\u00e6ben efter fred og velstand.<\/p>\n<h3>Alsidig brug<\/h3>\n<p>Uanset om det drejer sig om nationale fejringer, sportsbegivenheder, politiske demonstrationer eller uddannelsesm\u00e6ssige form\u00e5l, er det nigerianske flag velegnet til alle lejligheder. Dets robuste design og falmebestandige farver sikrer, at flaget bevarer sin betydning og visuelle effekt over tid.<\/p>","protected":false},"excerpt":{"rendered":"<p>150 x 90 cm flag med 2 robuste metalgennemf\u00f8ringer til sikker oph\u00e6ngning.<\/p>","protected":false},"featured_media":2090,"comment_status":"open","ping_status":"closed","template":"","meta":{"_gspb_post_css":"","iawp_total_views":4},"product_brand":[],"product_cat":[60,58],"product_tag":[],"class_list":{"0":"post-2430","1":"product","2":"type-product","3":"status-publish","4":"has-post-thumbnail","6":"product_cat-africa-flags","7":"product_cat-country-flags","9":"first","10":"instock","11":"sale","12":"shipping-taxable","13":"purchasable","14":"product-type-simple"},"_links":{"self":[{"href":"https:\/\/cosmoflag.com\/da\/wp-json\/wp\/v2\/product\/2430","targetHints":{"allow":["GET"]}}],"collection":[{"href":"https:\/\/cosmoflag.com\/da\/wp-json\/wp\/v2\/product"}],"about":[{"href":"https:\/\/cosmoflag.com\/da\/wp-json\/wp\/v2\/types\/product"}],"replies":[{"embeddable":true,"href":"https:\/\/cosmoflag.com\/da\/wp-json\/wp\/v2\/comments?post=2430"}],"wp:featuredmedia":[{"embeddable":true,"href":"https:\/\/cosmoflag.com\/da\/wp-json\/wp\/v2\/media\/2090"}],"wp:attachment":[{"href":"https:\/\/cosmoflag.com\/da\/wp-json\/wp\/v2\/media?parent=2430"}],"wp:term":[{"taxonomy":"product_brand","embeddable":true,"href":"https:\/\/cosmoflag.com\/da\/wp-json\/wp\/v2\/product_brand?post=2430"},{"taxonomy":"product_cat","embeddable":true,"href":"https:\/\/cosmoflag.com\/da\/wp-json\/wp\/v2\/product_cat?post=2430"},{"taxonomy":"product_tag","embeddable":true,"href":"https:\/\/cosmoflag.com\/da\/wp-json\/wp\/v2\/product_tag?post=2430"}],"curies":[{"name":"wp","href":"https:\/\/api.w.org\/{rel}","templated":true}]}}