{"id":2427,"date":"2024-12-15T22:05:00","date_gmt":"2024-12-15T20:05:00","guid":{"rendered":"https:\/\/cosmoflag.com\/?post_type=product&#038;p=2427"},"modified":"2025-08-12T21:21:00","modified_gmt":"2025-08-12T19:21:00","slug":"cyperns-flag","status":"publish","type":"product","link":"https:\/\/cosmoflag.com\/da\/produkt-2\/cyperns-flag\/","title":{"rendered":"Cyperns flag"},"content":{"rendered":"<h3>Funktioner af Cyperns flag<\/h3>\n<p>Vores Cypern-flag er fremstillet af polyester i h\u00f8j kvalitet, hvilket g\u00f8r det ideelt til langvarig brug, b\u00e5de indend\u00f8rs og udend\u00f8rs. Det har metaltyller for nem montering og et sikkert greb, selv under ugunstige vejrforhold. F\u00e5s i 90 x 150 cm\/35 x 59 tommer for maksimal synlighed, og vores flag opfylder en r\u00e6kke forskellige behov, uanset om du vil vise det p\u00e5 en stang eller en v\u00e6g.<\/p>\n<h3>Et nationalt symbol gennemsyret af historie<\/h3>\n<p>Cyperns flag, der blev vedtaget i 1960, da landet blev uafh\u00e6ngigt af Storbritannien, er s\u00e6rligt unikt i sit design. Det har et kobberfarvet kort over \u00f8en p\u00e5 en hvid baggrund, som symboliserer den store kobberressource, der engang blev udvundet p\u00e5 Cypern (selve navnet kobber stammer fra \u00f8ens latinske navn, Cuprum). To olivengrene under kortet symboliserer freden mellem \u00f8ens tyrkiske og gr\u00e6ske samfund.<\/p>\n<h3>Alsidig brug<\/h3>\n<p>Uanset om det drejer sig om nationale festligheder, diplomatiske begivenheder, kulturelle begivenheder eller uddannelsesm\u00e6ssige form\u00e5l, er det cypriotiske flag velegnet til alle lejligheder. Dets robuste design og falmebestandige farver sikrer, at flaget bevarer sin betydning og visuelle effekt over tid.<\/p>","protected":false},"excerpt":{"rendered":"<p>150 x 90 cm flag med 2 robuste metalgennemf\u00f8ringer til sikker oph\u00e6ngning.<\/p>","protected":false},"featured_media":1070,"comment_status":"open","ping_status":"closed","template":"","meta":{"_gspb_post_css":"","iawp_total_views":9},"product_brand":[],"product_cat":[65,58],"product_tag":[],"class_list":{"0":"post-2427","1":"product","2":"type-product","3":"status-publish","4":"has-post-thumbnail","6":"product_cat-europe-flags","7":"product_cat-country-flags","9":"first","10":"instock","11":"sale","12":"shipping-taxable","13":"purchasable","14":"product-type-simple"},"_links":{"self":[{"href":"https:\/\/cosmoflag.com\/da\/wp-json\/wp\/v2\/product\/2427","targetHints":{"allow":["GET"]}}],"collection":[{"href":"https:\/\/cosmoflag.com\/da\/wp-json\/wp\/v2\/product"}],"about":[{"href":"https:\/\/cosmoflag.com\/da\/wp-json\/wp\/v2\/types\/product"}],"replies":[{"embeddable":true,"href":"https:\/\/cosmoflag.com\/da\/wp-json\/wp\/v2\/comments?post=2427"}],"wp:featuredmedia":[{"embeddable":true,"href":"https:\/\/cosmoflag.com\/da\/wp-json\/wp\/v2\/media\/1070"}],"wp:attachment":[{"href":"https:\/\/cosmoflag.com\/da\/wp-json\/wp\/v2\/media?parent=2427"}],"wp:term":[{"taxonomy":"product_brand","embeddable":true,"href":"https:\/\/cosmoflag.com\/da\/wp-json\/wp\/v2\/product_brand?post=2427"},{"taxonomy":"product_cat","embeddable":true,"href":"https:\/\/cosmoflag.com\/da\/wp-json\/wp\/v2\/product_cat?post=2427"},{"taxonomy":"product_tag","embeddable":true,"href":"https:\/\/cosmoflag.com\/da\/wp-json\/wp\/v2\/product_tag?post=2427"}],"curies":[{"name":"wp","href":"https:\/\/api.w.org\/{rel}","templated":true}]}}