{"id":2419,"date":"2024-12-15T21:46:00","date_gmt":"2024-12-15T19:46:00","guid":{"rendered":"https:\/\/cosmoflag.com\/?post_type=product&#038;p=2419"},"modified":"2025-08-12T21:23:03","modified_gmt":"2025-08-12T19:23:03","slug":"new-zealands-flag","status":"publish","type":"product","link":"https:\/\/cosmoflag.com\/da\/produkt-2\/new-zealands-flag\/","title":{"rendered":"New Zealands flag"},"content":{"rendered":"<h3>Egenskaber ved New Zealands flag<\/h3>\n<p>Vores New Zealand-flag er fremstillet af polyester i h\u00f8j kvalitet, hvilket g\u00f8r det ideelt til holdbar indend\u00f8rs og udend\u00f8rs brug. Det har metaltyller for nem montering og garanteret hold, selv under ugunstige vejrforhold. F\u00e5s i 90 x 150 cm\/35 x 59 tommer for maksimal synlighed, og vores flag opfylder en r\u00e6kke forskellige behov, uanset om du vil vise det p\u00e5 en stang eller en v\u00e6g.<\/p>\n<h3>Et nationalt symbol gennemsyret af historie<\/h3>\n<p>New Zealands flag, der blev vedtaget i 1902, har en bl\u00e5 baggrund med Union Jack i \u00f8verste venstre kanton, hvilket afspejler landets koloniale arv. Den h\u00f8jre halvdel af flaget har fire r\u00f8de stjerner omkranset af hvidt, som repr\u00e6senterer konstellationen Sydkorset. Disse stjerner symboliserer navigation og New Zealands geografiske status i det sydlige Stillehav.<\/p>\n<h3>Alsidig brug<\/h3>\n<p>Uanset om det drejer sig om nationale fejringer, sportsbegivenheder, kulturelle begivenheder eller uddannelsesm\u00e6ssige form\u00e5l, er det newzealandske flag velegnet til alle lejligheder. Dets robuste design og falmebestandige farver sikrer, at flaget bevarer sin betydning og visuelle effekt over tid.<\/p>","protected":false},"excerpt":{"rendered":"<p>150 x 90 cm flag med 2 robuste metalgennemf\u00f8ringer til sikker oph\u00e6ngning.<\/p>","protected":false},"featured_media":1281,"comment_status":"open","ping_status":"closed","template":"","meta":{"_gspb_post_css":"","iawp_total_views":12},"product_brand":[],"product_cat":[67,58],"product_tag":[],"class_list":{"0":"post-2419","1":"product","2":"type-product","3":"status-publish","4":"has-post-thumbnail","6":"product_cat-oceania-flag","7":"product_cat-country-flags","9":"first","10":"instock","11":"sale","12":"shipping-taxable","13":"purchasable","14":"product-type-simple"},"_links":{"self":[{"href":"https:\/\/cosmoflag.com\/da\/wp-json\/wp\/v2\/product\/2419","targetHints":{"allow":["GET"]}}],"collection":[{"href":"https:\/\/cosmoflag.com\/da\/wp-json\/wp\/v2\/product"}],"about":[{"href":"https:\/\/cosmoflag.com\/da\/wp-json\/wp\/v2\/types\/product"}],"replies":[{"embeddable":true,"href":"https:\/\/cosmoflag.com\/da\/wp-json\/wp\/v2\/comments?post=2419"}],"wp:featuredmedia":[{"embeddable":true,"href":"https:\/\/cosmoflag.com\/da\/wp-json\/wp\/v2\/media\/1281"}],"wp:attachment":[{"href":"https:\/\/cosmoflag.com\/da\/wp-json\/wp\/v2\/media?parent=2419"}],"wp:term":[{"taxonomy":"product_brand","embeddable":true,"href":"https:\/\/cosmoflag.com\/da\/wp-json\/wp\/v2\/product_brand?post=2419"},{"taxonomy":"product_cat","embeddable":true,"href":"https:\/\/cosmoflag.com\/da\/wp-json\/wp\/v2\/product_cat?post=2419"},{"taxonomy":"product_tag","embeddable":true,"href":"https:\/\/cosmoflag.com\/da\/wp-json\/wp\/v2\/product_tag?post=2419"}],"curies":[{"name":"wp","href":"https:\/\/api.w.org\/{rel}","templated":true}]}}