{"id":2418,"date":"2024-12-15T21:42:00","date_gmt":"2024-12-15T19:42:00","guid":{"rendered":"https:\/\/cosmoflag.com\/?post_type=product&#038;p=2418"},"modified":"2026-04-14T04:13:58","modified_gmt":"2026-04-14T02:13:58","slug":"colombias-flag","status":"publish","type":"product","link":"https:\/\/cosmoflag.com\/da\/produkt-2\/colombias-flag\/","title":{"rendered":"Colombias flag"},"content":{"rendered":"<h3>Egenskaber ved Colombias flag<\/h3>\n<p>Vores Colombia-flag er fremstillet af polyester i h\u00f8j kvalitet, hvilket g\u00f8r det ideelt til holdbar indend\u00f8rs og udend\u00f8rs brug. Det har metaltyller for nem montering og garanteret hold, selv under ugunstige vejrforhold. F\u00e5s i 90 x 150 cm\/35 x 59 tommer for maksimal synlighed, og vores flag opfylder en r\u00e6kke forskellige behov, uanset om du vil vise det p\u00e5 en stang eller en v\u00e6g.<\/p>\n<h3>Et nationalt symbol gennemsyret af historie<\/h3>\n<p>Colombias flag, der blev vedtaget i 1861, best\u00e5r af tre vandrette striber: gul \u00f8verst, der fylder halvdelen af flagets bredde, efterfulgt af bl\u00e5 og r\u00f8de striber af samme st\u00f8rrelse. Den gule stribe symboliserer landets rige naturressourcer, den bl\u00e5 repr\u00e6senterer de to oceaner, Atlanterhavet og Stillehavet, og den r\u00f8de minder om det blod, der blev udgydt for uafh\u00e6ngigheden.<\/p>\n<h3>Alsidig brug<\/h3>\n<p>Uanset om det bruges til nationale festligheder, sportsbegivenheder, kulturelle begivenheder eller uddannelsesform\u00e5l, er det colombianske flag velegnet til alle lejligheder. Dets robuste design og falmebestandige farver sikrer, at flaget bevarer sin betydning og visuelle effekt over tid.<\/p>","protected":false},"excerpt":{"rendered":"<p>150 x 90 cm flag med 2 robuste metalgennemf\u00f8ringer til sikker oph\u00e6ngning.<\/p>","protected":false},"featured_media":1049,"comment_status":"open","ping_status":"closed","template":"","meta":{"_gspb_post_css":"","iawp_total_views":14},"product_brand":[],"product_cat":[63,58],"product_tag":[],"class_list":{"0":"post-2418","1":"product","2":"type-product","3":"status-publish","4":"has-post-thumbnail","6":"product_cat-south-america-flag","7":"product_cat-country-flags","9":"first","10":"instock","11":"sale","12":"shipping-taxable","13":"purchasable","14":"product-type-simple"},"_links":{"self":[{"href":"https:\/\/cosmoflag.com\/da\/wp-json\/wp\/v2\/product\/2418","targetHints":{"allow":["GET"]}}],"collection":[{"href":"https:\/\/cosmoflag.com\/da\/wp-json\/wp\/v2\/product"}],"about":[{"href":"https:\/\/cosmoflag.com\/da\/wp-json\/wp\/v2\/types\/product"}],"replies":[{"embeddable":true,"href":"https:\/\/cosmoflag.com\/da\/wp-json\/wp\/v2\/comments?post=2418"}],"wp:featuredmedia":[{"embeddable":true,"href":"https:\/\/cosmoflag.com\/da\/wp-json\/wp\/v2\/media\/1049"}],"wp:attachment":[{"href":"https:\/\/cosmoflag.com\/da\/wp-json\/wp\/v2\/media?parent=2418"}],"wp:term":[{"taxonomy":"product_brand","embeddable":true,"href":"https:\/\/cosmoflag.com\/da\/wp-json\/wp\/v2\/product_brand?post=2418"},{"taxonomy":"product_cat","embeddable":true,"href":"https:\/\/cosmoflag.com\/da\/wp-json\/wp\/v2\/product_cat?post=2418"},{"taxonomy":"product_tag","embeddable":true,"href":"https:\/\/cosmoflag.com\/da\/wp-json\/wp\/v2\/product_tag?post=2418"}],"curies":[{"name":"wp","href":"https:\/\/api.w.org\/{rel}","templated":true}]}}