{"id":2399,"date":"2024-12-15T20:27:00","date_gmt":"2024-12-15T18:27:00","guid":{"rendered":"https:\/\/cosmoflag.com\/?post_type=product&#038;p=2399"},"modified":"2025-08-12T21:23:13","modified_gmt":"2025-08-12T19:23:13","slug":"fns-flag","status":"publish","type":"product","link":"https:\/\/cosmoflag.com\/da\/produkt-2\/fns-flag\/","title":{"rendered":"De Forenede Nationers flag"},"content":{"rendered":"<h3>Funktioner af FN's flag<\/h3>\n<p>Vores FN-flag er fremstillet af polyester i h\u00f8j kvalitet, hvilket g\u00f8r det ideelt til langvarig brug, b\u00e5de indend\u00f8rs og udend\u00f8rs. Det har metaltyller for nem montering og et sikkert greb, selv under ugunstige vejrforhold. F\u00e5s i 90 x 150 cm\/35 x 59 tommer for maksimal synlighed, og vores flag opfylder en r\u00e6kke forskellige behov, uanset om du vil vise det p\u00e5 en stang eller en v\u00e6g.<\/p>\n<h3>Et globalt symbol gennemsyret af historie<\/h3>\n<p>FN's flag, der blev vedtaget i oktober 1947, har en bl\u00e5 baggrund, der symboliserer fred og retf\u00e6rdighed, med et hvidt verdenskort centreret mellem meridianerne 40\u00b0 nord og 100\u00b0 vest. Kontinenterne er omgivet af to olivengrene, som repr\u00e6senterer fred. Valget af design afspejler organisationens universelle str\u00e6ben efter verdensfred og dens m\u00e5l om at fremme samarbejde mellem lande og reducere konflikter.<\/p>\n<h3>Alsidig brug<\/h3>\n<p>Uanset om det er til internationale konferencer, fredsbevarende missioner, institutionelle kontorer eller uddannelsesform\u00e5l, er FN-flaget velegnet til alle lejligheder. Dets robuste design og falmebestandige farver sikrer, at flaget bevarer sin betydning og visuelle effekt over tid.<\/p>","protected":false},"excerpt":{"rendered":"<p>150 x 90 cm flag med 2 robuste metalgennemf\u00f8ringer til sikker oph\u00e6ngning.<\/p>","protected":false},"featured_media":1437,"comment_status":"open","ping_status":"closed","template":"","meta":{"_gspb_post_css":"","iawp_total_views":8},"product_brand":[],"product_cat":[68],"product_tag":[],"class_list":{"0":"post-2399","1":"product","2":"type-product","3":"status-publish","4":"has-post-thumbnail","6":"product_cat-official-flags","8":"first","9":"instock","10":"sale","11":"shipping-taxable","12":"purchasable","13":"product-type-simple"},"_links":{"self":[{"href":"https:\/\/cosmoflag.com\/da\/wp-json\/wp\/v2\/product\/2399","targetHints":{"allow":["GET"]}}],"collection":[{"href":"https:\/\/cosmoflag.com\/da\/wp-json\/wp\/v2\/product"}],"about":[{"href":"https:\/\/cosmoflag.com\/da\/wp-json\/wp\/v2\/types\/product"}],"replies":[{"embeddable":true,"href":"https:\/\/cosmoflag.com\/da\/wp-json\/wp\/v2\/comments?post=2399"}],"wp:featuredmedia":[{"embeddable":true,"href":"https:\/\/cosmoflag.com\/da\/wp-json\/wp\/v2\/media\/1437"}],"wp:attachment":[{"href":"https:\/\/cosmoflag.com\/da\/wp-json\/wp\/v2\/media?parent=2399"}],"wp:term":[{"taxonomy":"product_brand","embeddable":true,"href":"https:\/\/cosmoflag.com\/da\/wp-json\/wp\/v2\/product_brand?post=2399"},{"taxonomy":"product_cat","embeddable":true,"href":"https:\/\/cosmoflag.com\/da\/wp-json\/wp\/v2\/product_cat?post=2399"},{"taxonomy":"product_tag","embeddable":true,"href":"https:\/\/cosmoflag.com\/da\/wp-json\/wp\/v2\/product_tag?post=2399"}],"curies":[{"name":"wp","href":"https:\/\/api.w.org\/{rel}","templated":true}]}}