{"id":2390,"date":"2024-12-15T19:50:00","date_gmt":"2024-12-15T17:50:00","guid":{"rendered":"https:\/\/cosmoflag.com\/?post_type=product&#038;p=2390"},"modified":"2025-08-12T21:23:16","modified_gmt":"2025-08-12T19:23:16","slug":"senegals-flag","status":"publish","type":"product","link":"https:\/\/cosmoflag.com\/da\/produkt-2\/senegals-flag\/","title":{"rendered":"Senegals flag"},"content":{"rendered":"<h3>Senegals flagfunktioner<\/h3>\n<p>Vores Senegal-flag er fremstillet af polyester i h\u00f8j kvalitet, hvilket g\u00f8r det ideelt til langvarig brug, b\u00e5de indend\u00f8rs og udend\u00f8rs. Det har metaltyller for nem montering og garanteret hold, selv under ugunstige vejrforhold. F\u00e5s i st\u00f8rrelsen 90 x 150 cm\/35 x 59 tommer for maksimal synlighed, og vores flag opfylder mange forskellige behov, uanset om du vil h\u00e6nge det op p\u00e5 en stang eller en v\u00e6g.<\/p>\n<h3>Et nationalt symbol gennemsyret af historie<\/h3>\n<p>Det senegalesiske flag blev vedtaget i 1960 og har tre lodrette striber i gr\u00f8n, gul og r\u00f8d med en gr\u00f8n femtakket stjerne i midten af den gule stribe. Det er de panafrikanske farver, som repr\u00e6senterer h\u00e5b (gr\u00f8n), rigdom (gul) og det blod, der blev udgydt for uafh\u00e6ngighed (r\u00f8d). Den gr\u00f8nne stjerne symboliserer ogs\u00e5 afrikansk enhed og h\u00e5b om en velst\u00e5ende fremtid. Dette flag afspejler det senegalesiske folks str\u00e6ben efter frihed og fremskridt.<\/p>\n<h3>Alsidig brug<\/h3>\n<p>Uanset om det drejer sig om nationale fejringer, sportsbegivenheder, politiske demonstrationer eller uddannelsesm\u00e6ssige form\u00e5l, er det senegalesiske flag velegnet til alle lejligheder. Dets robuste design og falmebestandige farver sikrer, at flaget bevarer sin betydning og visuelle effekt over tid.<\/p>","protected":false},"excerpt":{"rendered":"<p>150 x 90 cm flag med 2 robuste metalgennemf\u00f8ringer til sikker oph\u00e6ngning.<\/p>","protected":false},"featured_media":1374,"comment_status":"open","ping_status":"closed","template":"","meta":{"_gspb_post_css":"","iawp_total_views":23},"product_brand":[],"product_cat":[60,58],"product_tag":[],"class_list":{"0":"post-2390","1":"product","2":"type-product","3":"status-publish","4":"has-post-thumbnail","6":"product_cat-africa-flags","7":"product_cat-country-flags","9":"first","10":"instock","11":"sale","12":"shipping-taxable","13":"purchasable","14":"product-type-simple"},"_links":{"self":[{"href":"https:\/\/cosmoflag.com\/da\/wp-json\/wp\/v2\/product\/2390","targetHints":{"allow":["GET"]}}],"collection":[{"href":"https:\/\/cosmoflag.com\/da\/wp-json\/wp\/v2\/product"}],"about":[{"href":"https:\/\/cosmoflag.com\/da\/wp-json\/wp\/v2\/types\/product"}],"replies":[{"embeddable":true,"href":"https:\/\/cosmoflag.com\/da\/wp-json\/wp\/v2\/comments?post=2390"}],"wp:featuredmedia":[{"embeddable":true,"href":"https:\/\/cosmoflag.com\/da\/wp-json\/wp\/v2\/media\/1374"}],"wp:attachment":[{"href":"https:\/\/cosmoflag.com\/da\/wp-json\/wp\/v2\/media?parent=2390"}],"wp:term":[{"taxonomy":"product_brand","embeddable":true,"href":"https:\/\/cosmoflag.com\/da\/wp-json\/wp\/v2\/product_brand?post=2390"},{"taxonomy":"product_cat","embeddable":true,"href":"https:\/\/cosmoflag.com\/da\/wp-json\/wp\/v2\/product_cat?post=2390"},{"taxonomy":"product_tag","embeddable":true,"href":"https:\/\/cosmoflag.com\/da\/wp-json\/wp\/v2\/product_tag?post=2390"}],"curies":[{"name":"wp","href":"https:\/\/api.w.org\/{rel}","templated":true}]}}