{"id":2385,"date":"2024-12-15T19:31:00","date_gmt":"2024-12-15T17:31:00","guid":{"rendered":"https:\/\/cosmoflag.com\/?post_type=product&#038;p=2385"},"modified":"2025-08-12T21:23:17","modified_gmt":"2025-08-12T19:23:17","slug":"togos-flag","status":"publish","type":"product","link":"https:\/\/cosmoflag.com\/da\/produkt-2\/togos-flag\/","title":{"rendered":"Togos flag"},"content":{"rendered":"<h3>Egenskaber ved det togolesiske flag<\/h3>\n<p>Vores Togo-flag er fremstillet af polyester i h\u00f8j kvalitet, hvilket g\u00f8r det ideelt til holdbar indend\u00f8rs og udend\u00f8rs brug. Det har metaltyller for nem montering og sikkert greb, selv under ugunstige vejrforhold. F\u00e5s i 90 x 150 cm\/35 x 59 tommer for maksimal synlighed, og vores flag opfylder en r\u00e6kke forskellige behov, uanset om du vil vise det p\u00e5 en stang eller en v\u00e6g.<\/p>\n<h3>Et nationalt symbol gennemsyret af historie<\/h3>\n<p>Togos flag blev vedtaget i 1960 og best\u00e5r af fem vandrette striber i skiftevis gr\u00f8n og gul med en r\u00f8d firkant i \u00f8verste venstre kanton, hvori der er indsat en femtakket hvid stjerne. Flagets farver er dybt symbolske: Gr\u00f8n repr\u00e6senterer landbrug, natur og h\u00e5b; gul fremkalder landets mineralressourcer og velstand; r\u00f8d symboliserer det blod, der blev udgydt for uafh\u00e6ngighed, og den hvide stjerne repr\u00e6senterer lyset mod afrikansk enhed og fred.<\/p>\n<h3>Alsidig brug<\/h3>\n<p>Uanset om det drejer sig om nationale fejringer, sportsbegivenheder, kulturelle begivenheder eller uddannelsesm\u00e6ssige form\u00e5l, er det togolesiske flag velegnet til alle lejligheder. Dets robuste design og falmebestandige farver sikrer, at flaget bevarer sin betydning og visuelle effekt over tid.<\/p>","protected":false},"excerpt":{"rendered":"<p>150 x 90 cm flag med 2 robuste metalgennemf\u00f8ringer til sikker oph\u00e6ngning.<\/p>","protected":false},"featured_media":1423,"comment_status":"open","ping_status":"closed","template":"","meta":{"_gspb_post_css":"","iawp_total_views":7},"product_brand":[],"product_cat":[60,58],"product_tag":[],"class_list":{"0":"post-2385","1":"product","2":"type-product","3":"status-publish","4":"has-post-thumbnail","6":"product_cat-africa-flags","7":"product_cat-country-flags","9":"first","10":"instock","11":"sale","12":"shipping-taxable","13":"purchasable","14":"product-type-simple"},"_links":{"self":[{"href":"https:\/\/cosmoflag.com\/da\/wp-json\/wp\/v2\/product\/2385","targetHints":{"allow":["GET"]}}],"collection":[{"href":"https:\/\/cosmoflag.com\/da\/wp-json\/wp\/v2\/product"}],"about":[{"href":"https:\/\/cosmoflag.com\/da\/wp-json\/wp\/v2\/types\/product"}],"replies":[{"embeddable":true,"href":"https:\/\/cosmoflag.com\/da\/wp-json\/wp\/v2\/comments?post=2385"}],"wp:featuredmedia":[{"embeddable":true,"href":"https:\/\/cosmoflag.com\/da\/wp-json\/wp\/v2\/media\/1423"}],"wp:attachment":[{"href":"https:\/\/cosmoflag.com\/da\/wp-json\/wp\/v2\/media?parent=2385"}],"wp:term":[{"taxonomy":"product_brand","embeddable":true,"href":"https:\/\/cosmoflag.com\/da\/wp-json\/wp\/v2\/product_brand?post=2385"},{"taxonomy":"product_cat","embeddable":true,"href":"https:\/\/cosmoflag.com\/da\/wp-json\/wp\/v2\/product_cat?post=2385"},{"taxonomy":"product_tag","embeddable":true,"href":"https:\/\/cosmoflag.com\/da\/wp-json\/wp\/v2\/product_tag?post=2385"}],"curies":[{"name":"wp","href":"https:\/\/api.w.org\/{rel}","templated":true}]}}