{"id":2384,"date":"2024-12-15T19:26:00","date_gmt":"2024-12-15T17:26:00","guid":{"rendered":"https:\/\/cosmoflag.com\/?post_type=product&#038;p=2384"},"modified":"2025-08-12T21:23:17","modified_gmt":"2025-08-12T19:23:17","slug":"nederlandenes-flag","status":"publish","type":"product","link":"https:\/\/cosmoflag.com\/da\/produkt-2\/nederlandenes-flag\/","title":{"rendered":"Hollands flag"},"content":{"rendered":"<h3>Hollands flags funktioner<\/h3>\n<p>Vores hollandske flag, ogs\u00e5 kendt som \"Dutch Tricolor Flag\", er fremstillet af polyester i h\u00f8j kvalitet, hvilket g\u00f8r det ideelt til langvarig brug, b\u00e5de indend\u00f8rs og udend\u00f8rs. Det har metal\u00f8jer for nem montering og et sikkert greb, selv under ugunstige vejrforhold. F\u00e5s i st\u00f8rrelserne 90 x 150 cm\/35 x 59 tommer for maksimal synlighed, og vores flag opfylder en r\u00e6kke forskellige behov, uanset om du vil vise det p\u00e5 en stang eller en v\u00e6g.<\/p>\n<h3>Et nationalt symbol gennemsyret af historie<\/h3>\n<p>Hollands flag best\u00e5r af tre vandrette striber i r\u00f8d, hvid og bl\u00e5. Det blev oprindeligt vedtaget i 1572 som flag for prinsen af Nassau og blev nationalflag i 1937. R\u00f8d symboliserer folket, hvid fred og \u00e6re og bl\u00e5 troskab og sandhed. Disse farver afspejler de v\u00e6rdier som frihed og uafh\u00e6ngighed, der er grundl\u00e6ggende for den hollandske nationale identitet.<\/p>\n<h3>Alsidig brug<\/h3>\n<p>Uanset om det drejer sig om nationale fejringer, sportsbegivenheder, kulturelle begivenheder eller uddannelsesm\u00e6ssige form\u00e5l, er det hollandske flag velegnet til alle lejligheder. Dets robuste design og falmebestandige farver sikrer, at flaget bevarer sin betydning og visuelle effekt over tid.<\/p>","protected":false},"excerpt":{"rendered":"<p>150 x 90 cm flag med 2 robuste metalgennemf\u00f8ringer til sikker oph\u00e6ngning.<\/p>","protected":false},"featured_media":1274,"comment_status":"open","ping_status":"closed","template":"","meta":{"_gspb_post_css":"","iawp_total_views":13},"product_brand":[],"product_cat":[65,58],"product_tag":[],"class_list":{"0":"post-2384","1":"product","2":"type-product","3":"status-publish","4":"has-post-thumbnail","6":"product_cat-europe-flags","7":"product_cat-country-flags","9":"first","10":"instock","11":"sale","12":"shipping-taxable","13":"purchasable","14":"product-type-simple"},"_links":{"self":[{"href":"https:\/\/cosmoflag.com\/da\/wp-json\/wp\/v2\/product\/2384","targetHints":{"allow":["GET"]}}],"collection":[{"href":"https:\/\/cosmoflag.com\/da\/wp-json\/wp\/v2\/product"}],"about":[{"href":"https:\/\/cosmoflag.com\/da\/wp-json\/wp\/v2\/types\/product"}],"replies":[{"embeddable":true,"href":"https:\/\/cosmoflag.com\/da\/wp-json\/wp\/v2\/comments?post=2384"}],"wp:featuredmedia":[{"embeddable":true,"href":"https:\/\/cosmoflag.com\/da\/wp-json\/wp\/v2\/media\/1274"}],"wp:attachment":[{"href":"https:\/\/cosmoflag.com\/da\/wp-json\/wp\/v2\/media?parent=2384"}],"wp:term":[{"taxonomy":"product_brand","embeddable":true,"href":"https:\/\/cosmoflag.com\/da\/wp-json\/wp\/v2\/product_brand?post=2384"},{"taxonomy":"product_cat","embeddable":true,"href":"https:\/\/cosmoflag.com\/da\/wp-json\/wp\/v2\/product_cat?post=2384"},{"taxonomy":"product_tag","embeddable":true,"href":"https:\/\/cosmoflag.com\/da\/wp-json\/wp\/v2\/product_tag?post=2384"}],"curies":[{"name":"wp","href":"https:\/\/api.w.org\/{rel}","templated":true}]}}