{"id":2380,"date":"2024-12-15T15:15:00","date_gmt":"2024-12-15T13:15:00","guid":{"rendered":"https:\/\/cosmoflag.com\/?post_type=product&#038;p=2380"},"modified":"2025-08-12T21:23:18","modified_gmt":"2025-08-12T19:23:18","slug":"trinidad-og-tobago-flag","status":"publish","type":"product","link":"https:\/\/cosmoflag.com\/da\/produkt-2\/trinidad-og-tobago-flag\/","title":{"rendered":"Trinidad og Tobagos flag"},"content":{"rendered":"<h3>Trinidad og Tobagos flag har<\/h3>\n<p>Vores Trinidad og Tobago-flag er fremstillet af polyester i h\u00f8j kvalitet, hvilket g\u00f8r det ideelt til langvarig brug, b\u00e5de indend\u00f8rs og udend\u00f8rs. Det har metaltyller for nem montering og et sikkert greb, selv under ugunstige vejrforhold. F\u00e5s i 90 x 150 cm\/35 x 59 tommer for maksimal synlighed, og vores flag opfylder en r\u00e6kke forskellige behov, uanset om du vil vise det p\u00e5 en stang eller en v\u00e6g.<\/p>\n<h3>Et nationalt symbol gennemsyret af historie<\/h3>\n<p>Trinidad og Tobagos flag blev vedtaget ved uafh\u00e6ngigheden i 1962 og er designet med en sort diagonal med hvid kant, der deler et r\u00f8dt felt. Det r\u00f8de symboliserer solens vitalitet og varmen fra befolkningen i Trinidad og Tobago, det sorte repr\u00e6senterer landets rigdom og befolkningens vilje til at g\u00e5 sammen om det f\u00e6lles bedste, mens det hvide symboliserer lighed og befolkningens tro p\u00e5 deres kollektive fremtid. Dette design er ikke kun levende, men ogs\u00e5 rigt p\u00e5 betydning og afspejler landets nationale identitet og sammenhold.<\/p>\n<h3>Alsidig brug<\/h3>\n<p>Trinidad og Tobagos flag er velegnet til alle lejligheder, uanset om det drejer sig om nationale festligheder, sportsbegivenheder, kulturelle begivenheder eller uddannelsesm\u00e6ssige form\u00e5l. Dets robuste design og falmebestandige farver sikrer, at flaget bevarer sin betydning og visuelle effekt over tid.<\/p>","protected":false},"excerpt":{"rendered":"<p>150 x 90 cm flag med 2 robuste metalgennemf\u00f8ringer til sikker oph\u00e6ngning.<\/p>","protected":false},"featured_media":1731,"comment_status":"open","ping_status":"closed","template":"","meta":{"_gspb_post_css":"","iawp_total_views":6},"product_brand":[],"product_cat":[63,58],"product_tag":[],"class_list":{"0":"post-2380","1":"product","2":"type-product","3":"status-publish","4":"has-post-thumbnail","6":"product_cat-south-america-flag","7":"product_cat-country-flags","9":"first","10":"instock","11":"sale","12":"shipping-taxable","13":"purchasable","14":"product-type-simple"},"_links":{"self":[{"href":"https:\/\/cosmoflag.com\/da\/wp-json\/wp\/v2\/product\/2380","targetHints":{"allow":["GET"]}}],"collection":[{"href":"https:\/\/cosmoflag.com\/da\/wp-json\/wp\/v2\/product"}],"about":[{"href":"https:\/\/cosmoflag.com\/da\/wp-json\/wp\/v2\/types\/product"}],"replies":[{"embeddable":true,"href":"https:\/\/cosmoflag.com\/da\/wp-json\/wp\/v2\/comments?post=2380"}],"wp:featuredmedia":[{"embeddable":true,"href":"https:\/\/cosmoflag.com\/da\/wp-json\/wp\/v2\/media\/1731"}],"wp:attachment":[{"href":"https:\/\/cosmoflag.com\/da\/wp-json\/wp\/v2\/media?parent=2380"}],"wp:term":[{"taxonomy":"product_brand","embeddable":true,"href":"https:\/\/cosmoflag.com\/da\/wp-json\/wp\/v2\/product_brand?post=2380"},{"taxonomy":"product_cat","embeddable":true,"href":"https:\/\/cosmoflag.com\/da\/wp-json\/wp\/v2\/product_cat?post=2380"},{"taxonomy":"product_tag","embeddable":true,"href":"https:\/\/cosmoflag.com\/da\/wp-json\/wp\/v2\/product_tag?post=2380"}],"curies":[{"name":"wp","href":"https:\/\/api.w.org\/{rel}","templated":true}]}}