{"id":2379,"date":"2024-12-15T15:12:00","date_gmt":"2024-12-15T13:12:00","guid":{"rendered":"https:\/\/cosmoflag.com\/?post_type=product&#038;p=2379"},"modified":"2025-08-12T21:23:21","modified_gmt":"2025-08-12T19:23:21","slug":"uzbekistans-flag","status":"publish","type":"product","link":"https:\/\/cosmoflag.com\/da\/produkt-2\/uzbekistans-flag\/","title":{"rendered":"Usbekistans flag"},"content":{"rendered":"<h3>Egenskaber ved Usbekistans flag<\/h3>\n<p>Vores Usbekistan-flag er fremstillet af polyester i h\u00f8j kvalitet, hvilket g\u00f8r det ideelt til langvarig brug, b\u00e5de indend\u00f8rs og udend\u00f8rs. Det er udstyret med metal\u00f8jer for nem montering og et sikkert greb, selv under ugunstige vejrforhold. F\u00e5s i 90 x 150 cm\/35 x 59 tommer for maksimal synlighed, og vores flag opfylder en r\u00e6kke forskellige behov, uanset om du vil vise det p\u00e5 en stang eller en v\u00e6g.<\/p>\n<h3>Et nationalt symbol gennemsyret af historie<\/h3>\n<p>Usbekistans flag blev vedtaget i 1991 efter uafh\u00e6ngigheden fra Sovjetunionen og best\u00e5r af tre vandrette b\u00e5nd i bl\u00e5, hvid og gr\u00f8n, adskilt af tynde r\u00f8de striber. Bl\u00e5 repr\u00e6senterer himlen og vandet, symboler p\u00e5 liv, mens hvid symboliserer fred. Gr\u00f8n repr\u00e6senterer natur og frugtbarhed, og de tynde r\u00f8de linjer symboliserer menneskers livskraft. P\u00e5 skaftet ses en halvm\u00e5ne ledsaget af tolv stjerner, som symboliserer uafh\u00e6ngighed og er et tegn p\u00e5 landets tolv regioner.<\/p>\n<h3>Alsidig brug<\/h3>\n<p>Uanset om det drejer sig om nationale fejringer, sportsbegivenheder, politiske demonstrationer eller uddannelsesm\u00e6ssige form\u00e5l, er det usbekiske flag velegnet til alle lejligheder. Dets robuste design og falmebestandige farver sikrer, at flaget bevarer sin betydning og visuelle effekt over tid.<\/p>","protected":false},"excerpt":{"rendered":"<p>150 x 90 cm flag med 2 robuste metalgennemf\u00f8ringer til sikker oph\u00e6ngning.<\/p>","protected":false},"featured_media":1443,"comment_status":"open","ping_status":"closed","template":"","meta":{"_gspb_post_css":"","iawp_total_views":11},"product_brand":[],"product_cat":[64,58],"product_tag":[],"class_list":{"0":"post-2379","1":"product","2":"type-product","3":"status-publish","4":"has-post-thumbnail","6":"product_cat-asia-flags","7":"product_cat-country-flags","9":"first","10":"instock","11":"sale","12":"shipping-taxable","13":"purchasable","14":"product-type-simple"},"_links":{"self":[{"href":"https:\/\/cosmoflag.com\/da\/wp-json\/wp\/v2\/product\/2379","targetHints":{"allow":["GET"]}}],"collection":[{"href":"https:\/\/cosmoflag.com\/da\/wp-json\/wp\/v2\/product"}],"about":[{"href":"https:\/\/cosmoflag.com\/da\/wp-json\/wp\/v2\/types\/product"}],"replies":[{"embeddable":true,"href":"https:\/\/cosmoflag.com\/da\/wp-json\/wp\/v2\/comments?post=2379"}],"wp:featuredmedia":[{"embeddable":true,"href":"https:\/\/cosmoflag.com\/da\/wp-json\/wp\/v2\/media\/1443"}],"wp:attachment":[{"href":"https:\/\/cosmoflag.com\/da\/wp-json\/wp\/v2\/media?parent=2379"}],"wp:term":[{"taxonomy":"product_brand","embeddable":true,"href":"https:\/\/cosmoflag.com\/da\/wp-json\/wp\/v2\/product_brand?post=2379"},{"taxonomy":"product_cat","embeddable":true,"href":"https:\/\/cosmoflag.com\/da\/wp-json\/wp\/v2\/product_cat?post=2379"},{"taxonomy":"product_tag","embeddable":true,"href":"https:\/\/cosmoflag.com\/da\/wp-json\/wp\/v2\/product_tag?post=2379"}],"curies":[{"name":"wp","href":"https:\/\/api.w.org\/{rel}","templated":true}]}}