{"id":2378,"date":"2024-12-15T15:09:00","date_gmt":"2024-12-15T13:09:00","guid":{"rendered":"https:\/\/cosmoflag.com\/?post_type=product&#038;p=2378"},"modified":"2025-08-12T21:23:22","modified_gmt":"2025-08-12T19:23:22","slug":"tanzanias-flag","status":"publish","type":"product","link":"https:\/\/cosmoflag.com\/da\/produkt-2\/tanzanias-flag\/","title":{"rendered":"Tanzanias flag"},"content":{"rendered":"<h3>Egenskaber ved det tanzanianske flag<\/h3>\n<p>Vores Tanzania-flag er fremstillet af polyester i h\u00f8j kvalitet, hvilket g\u00f8r det ideelt til langvarig brug, b\u00e5de indend\u00f8rs og udend\u00f8rs. Det har metaltyller for nem montering og garanteret hold, selv under ugunstige vejrforhold. F\u00e5s i 90 x 150 cm\/35 x 59 tommer for maksimal synlighed, og vores flag opfylder en r\u00e6kke forskellige behov, uanset om du vil vise det p\u00e5 en stang eller en v\u00e6g.<\/p>\n<h3>Et nationalt symbol gennemsyret af historie<\/h3>\n<p>Tanzanias flag, der blev vedtaget i 1964 efter sammenslutningen af Tanganyika og Zanzibar, har diagonale sorte striber med gule kanter, der sk\u00e6rer hen over en baggrund, der er opdelt i to trekanter med gr\u00f8nt nederst og bl\u00e5t \u00f8verst. Det gr\u00f8nne symboliserer landets rige landbrug og naturressourcer, det bl\u00e5 repr\u00e6senterer de omkringliggende s\u00f8er og oceaner, det sorte minder om tanzanianernes hudfarve, og de gule striber repr\u00e6senterer landets mineralrigdom.<\/p>\n<h3>Alsidig brug<\/h3>\n<p>Uanset om det drejer sig om nationale fejringer, sportsbegivenheder, kulturelle begivenheder eller uddannelsesm\u00e6ssige form\u00e5l, er det tanzanianske flag velegnet til alle lejligheder. Dets robuste design og farver, der ikke falmer, sikrer, at flaget bevarer sin betydning og visuelle effekt over tid.<\/p>","protected":false},"excerpt":{"rendered":"<p>150 x 90 cm flag med 2 robuste metalgennemf\u00f8ringer til sikker oph\u00e6ngning.<\/p>","protected":false},"featured_media":1418,"comment_status":"open","ping_status":"closed","template":"","meta":{"_gspb_post_css":"","iawp_total_views":5},"product_brand":[],"product_cat":[58,60],"product_tag":[],"class_list":{"0":"post-2378","1":"product","2":"type-product","3":"status-publish","4":"has-post-thumbnail","6":"product_cat-country-flags","7":"product_cat-africa-flags","9":"first","10":"instock","11":"sale","12":"shipping-taxable","13":"purchasable","14":"product-type-simple"},"_links":{"self":[{"href":"https:\/\/cosmoflag.com\/da\/wp-json\/wp\/v2\/product\/2378","targetHints":{"allow":["GET"]}}],"collection":[{"href":"https:\/\/cosmoflag.com\/da\/wp-json\/wp\/v2\/product"}],"about":[{"href":"https:\/\/cosmoflag.com\/da\/wp-json\/wp\/v2\/types\/product"}],"replies":[{"embeddable":true,"href":"https:\/\/cosmoflag.com\/da\/wp-json\/wp\/v2\/comments?post=2378"}],"wp:featuredmedia":[{"embeddable":true,"href":"https:\/\/cosmoflag.com\/da\/wp-json\/wp\/v2\/media\/1418"}],"wp:attachment":[{"href":"https:\/\/cosmoflag.com\/da\/wp-json\/wp\/v2\/media?parent=2378"}],"wp:term":[{"taxonomy":"product_brand","embeddable":true,"href":"https:\/\/cosmoflag.com\/da\/wp-json\/wp\/v2\/product_brand?post=2378"},{"taxonomy":"product_cat","embeddable":true,"href":"https:\/\/cosmoflag.com\/da\/wp-json\/wp\/v2\/product_cat?post=2378"},{"taxonomy":"product_tag","embeddable":true,"href":"https:\/\/cosmoflag.com\/da\/wp-json\/wp\/v2\/product_tag?post=2378"}],"curies":[{"name":"wp","href":"https:\/\/api.w.org\/{rel}","templated":true}]}}