{"id":2377,"date":"2024-12-15T15:05:00","date_gmt":"2024-12-15T13:05:00","guid":{"rendered":"https:\/\/cosmoflag.com\/?post_type=product&#038;p=2377"},"modified":"2025-08-12T21:23:22","modified_gmt":"2025-08-12T19:23:22","slug":"benins-flag","status":"publish","type":"product","link":"https:\/\/cosmoflag.com\/da\/produkt-2\/benins-flag\/","title":{"rendered":"Benins flag"},"content":{"rendered":"<h3>Benins flagfunktioner<\/h3>\n<p>Vores Benin-flag er fremstillet af polyester i h\u00f8j kvalitet, hvilket g\u00f8r det ideelt til holdbar indend\u00f8rs og udend\u00f8rs brug. Det har metaltyller for nem montering og et sikkert greb, selv under ugunstige vejrforhold. F\u00e5s i 90 x 150 cm\/35 x 59 tommer for maksimal synlighed, og vores flag opfylder en bred vifte af behov, uanset om du vil vise det p\u00e5 en stang eller en v\u00e6g.<\/p>\n<h3>Et nationalt symbol gennemsyret af historie<\/h3>\n<p>Benins flag, der blev vedtaget i 1990, best\u00e5r af to vandrette b\u00e5nd i gult og r\u00f8dt med et lodret b\u00e5nd i gr\u00f8nt ved masten. Den gule farve symboliserer nationens bevarelse og vitalitet, den r\u00f8de farve repr\u00e6senterer forf\u00e6drenes mod, og den gr\u00f8nne farve symboliserer h\u00e5b og landets landbrugsrigdom. Dette enkle, men kraftfulde design afspejler det beninske folks forh\u00e5bninger og modstandskraft.<\/p>\n<h3>Alsidig brug<\/h3>\n<p>Uanset om det drejer sig om nationale fejringer, sportsbegivenheder, politiske demonstrationer eller uddannelsesm\u00e6ssige form\u00e5l, er det beninske flag velegnet til alle lejligheder. Dets robuste design og falmebestandige farver sikrer, at flaget bevarer sin betydning og visuelle effekt over tid.<\/p>","protected":false},"excerpt":{"rendered":"<p>150 x 90 cm flag med 2 robuste metalgennemf\u00f8ringer til sikker oph\u00e6ngning.<\/p>","protected":false},"featured_media":1004,"comment_status":"open","ping_status":"closed","template":"","meta":{"_gspb_post_css":"","iawp_total_views":3},"product_brand":[],"product_cat":[60,58],"product_tag":[],"class_list":{"0":"post-2377","1":"product","2":"type-product","3":"status-publish","4":"has-post-thumbnail","6":"product_cat-africa-flags","7":"product_cat-country-flags","9":"first","10":"instock","11":"sale","12":"shipping-taxable","13":"purchasable","14":"product-type-simple"},"_links":{"self":[{"href":"https:\/\/cosmoflag.com\/da\/wp-json\/wp\/v2\/product\/2377","targetHints":{"allow":["GET"]}}],"collection":[{"href":"https:\/\/cosmoflag.com\/da\/wp-json\/wp\/v2\/product"}],"about":[{"href":"https:\/\/cosmoflag.com\/da\/wp-json\/wp\/v2\/types\/product"}],"replies":[{"embeddable":true,"href":"https:\/\/cosmoflag.com\/da\/wp-json\/wp\/v2\/comments?post=2377"}],"wp:featuredmedia":[{"embeddable":true,"href":"https:\/\/cosmoflag.com\/da\/wp-json\/wp\/v2\/media\/1004"}],"wp:attachment":[{"href":"https:\/\/cosmoflag.com\/da\/wp-json\/wp\/v2\/media?parent=2377"}],"wp:term":[{"taxonomy":"product_brand","embeddable":true,"href":"https:\/\/cosmoflag.com\/da\/wp-json\/wp\/v2\/product_brand?post=2377"},{"taxonomy":"product_cat","embeddable":true,"href":"https:\/\/cosmoflag.com\/da\/wp-json\/wp\/v2\/product_cat?post=2377"},{"taxonomy":"product_tag","embeddable":true,"href":"https:\/\/cosmoflag.com\/da\/wp-json\/wp\/v2\/product_tag?post=2377"}],"curies":[{"name":"wp","href":"https:\/\/api.w.org\/{rel}","templated":true}]}}