{"id":2376,"date":"2024-12-15T14:59:00","date_gmt":"2024-12-15T12:59:00","guid":{"rendered":"https:\/\/cosmoflag.com\/?post_type=product&#038;p=2376"},"modified":"2025-08-12T21:23:23","modified_gmt":"2025-08-12T19:23:23","slug":"etiopiens-love-af-judas-flag","status":"publish","type":"product","link":"https:\/\/cosmoflag.com\/da\/produkt-2\/etiopiens-love-af-judas-flag\/","title":{"rendered":"Etiopiens l\u00f8ve af Judas flag"},"content":{"rendered":"<h3>Egenskaber ved det etiopiske flag med l\u00f8ve<\/h3>\n<p>Vores Etiopien-flag med Judas l\u00f8ve er fremstillet af polyester i h\u00f8j kvalitet, hvilket g\u00f8r det ideelt til langvarig brug, uanset om det er indend\u00f8rs eller udend\u00f8rs. Det har metaltyller for nem montering og et sikkert greb, selv under ugunstige vejrforhold. F\u00e5s i 90 x 150 cm\/35 x 59 tommer for maksimal synlighed, og vores flag opfylder en r\u00e6kke forskellige behov, uanset om du vil vise det p\u00e5 en stang eller en v\u00e6g.<\/p>\n<h3>Et nationalt symbol gennemsyret af historie<\/h3>\n<p>Dette historiske etiopiske flag har Judas l\u00f8ve i midten, et st\u00e6rkt symbol, der repr\u00e6senterer kong Haile Selassie I, og som skal understrege det salomoniske dynastis forbindelser med kong Davids sl\u00e6gt. Flagets farver, gr\u00f8n, gul og r\u00f8d, er arrangeret i vandrette b\u00e5nd og har en rig betydning: gr\u00f8n symboliserer jorden og h\u00e5b, gul fred og harmoni og r\u00f8d opofrelse for uafh\u00e6ngighed. L\u00f8ven af Juda afbildes ofte med et banner og et kors, som symboliserer sejr og den ortodokse kristne tro.<\/p>\n<h3>Alsidig brug<\/h3>\n<p>Dette flag bruges ofte ved kulturelle fejringer, historiske begivenheder og af rastafari-samfundet, der \u00e6rer det som et symbol p\u00e5 modstand mod undertrykkelse. Dets robuste design og falmebestandige farver sikrer, at flaget bevarer sin betydning og visuelle effekt over tid.<\/p>","protected":false},"excerpt":{"rendered":"<p>150 x 90 cm flag med 2 robuste metalgennemf\u00f8ringer til sikker oph\u00e6ngning.<\/p>","protected":false},"featured_media":1103,"comment_status":"open","ping_status":"closed","template":"","meta":{"_gspb_post_css":"","iawp_total_views":28},"product_brand":[],"product_cat":[60,58],"product_tag":[],"class_list":{"0":"post-2376","1":"product","2":"type-product","3":"status-publish","4":"has-post-thumbnail","6":"product_cat-africa-flags","7":"product_cat-country-flags","9":"first","10":"instock","11":"sale","12":"shipping-taxable","13":"purchasable","14":"product-type-simple"},"_links":{"self":[{"href":"https:\/\/cosmoflag.com\/da\/wp-json\/wp\/v2\/product\/2376","targetHints":{"allow":["GET"]}}],"collection":[{"href":"https:\/\/cosmoflag.com\/da\/wp-json\/wp\/v2\/product"}],"about":[{"href":"https:\/\/cosmoflag.com\/da\/wp-json\/wp\/v2\/types\/product"}],"replies":[{"embeddable":true,"href":"https:\/\/cosmoflag.com\/da\/wp-json\/wp\/v2\/comments?post=2376"}],"wp:featuredmedia":[{"embeddable":true,"href":"https:\/\/cosmoflag.com\/da\/wp-json\/wp\/v2\/media\/1103"}],"wp:attachment":[{"href":"https:\/\/cosmoflag.com\/da\/wp-json\/wp\/v2\/media?parent=2376"}],"wp:term":[{"taxonomy":"product_brand","embeddable":true,"href":"https:\/\/cosmoflag.com\/da\/wp-json\/wp\/v2\/product_brand?post=2376"},{"taxonomy":"product_cat","embeddable":true,"href":"https:\/\/cosmoflag.com\/da\/wp-json\/wp\/v2\/product_cat?post=2376"},{"taxonomy":"product_tag","embeddable":true,"href":"https:\/\/cosmoflag.com\/da\/wp-json\/wp\/v2\/product_tag?post=2376"}],"curies":[{"name":"wp","href":"https:\/\/api.w.org\/{rel}","templated":true}]}}