{"id":2371,"date":"2024-12-15T14:33:00","date_gmt":"2024-12-15T12:33:00","guid":{"rendered":"https:\/\/cosmoflag.com\/?post_type=product&#038;p=2371"},"modified":"2025-08-12T21:23:24","modified_gmt":"2025-08-12T19:23:24","slug":"japans-flag","status":"publish","type":"product","link":"https:\/\/cosmoflag.com\/da\/produkt-2\/japans-flag\/","title":{"rendered":"Japans flag"},"content":{"rendered":"<h3>Egenskaber ved det japanske flag<\/h3>\n<p>Vores Japan-flag, ogs\u00e5 kendt som \"Nissh\u014dki\" eller \"Hinomaru\", er fremstillet af polyester i h\u00f8j kvalitet, hvilket g\u00f8r det ideelt til langvarig brug, uanset om det er indend\u00f8rs eller udend\u00f8rs. Det har metal\u00f8jer for nem montering og garanteret hold, selv under barske vejrforhold. F\u00e5s i en st\u00f8rrelse p\u00e5 90 x 150 cm\/35 x 59 tommer for maksimal synlighed, og vores flag opfylder en r\u00e6kke forskellige behov, uanset om du vil vise det p\u00e5 en stang eller en v\u00e6g.<\/p>\n<h3>Et nationalt symbol gennemsyret af historie<\/h3>\n<p>Japans flag har en ren hvid baggrund med en central r\u00f8d skive, der repr\u00e6senterer solen. Dette elegante design blev officielt vedtaget som nationalflag i 1999, men har v\u00e6ret i brug siden midten af det 19. \u00e5rhundrede. Den r\u00f8de skive symboliserer den opg\u00e5ende sol, et navn, som Japan ofte omtales med. Dette symbol er dybt forankret i japansk kultur og repr\u00e6senterer lysstyrke, oprigtighed og national varme.<\/p>\n<h3>Alsidig brug<\/h3>\n<p>Uanset om det drejer sig om nationale fejringer, sportsbegivenheder, kulturel udveksling eller uddannelsesm\u00e6ssige form\u00e5l, er det japanske flag velegnet til alle lejligheder. Dets robuste design og falmebestandige farver sikrer, at flaget bevarer sin betydning og visuelle effekt over tid.<\/p>","protected":false},"excerpt":{"rendered":"<p>150 x 90 cm flag med 2 robuste metalgennemf\u00f8ringer til sikker oph\u00e6ngning.<\/p>","protected":false},"featured_media":1179,"comment_status":"open","ping_status":"closed","template":"","meta":{"_gspb_post_css":"","iawp_total_views":14},"product_brand":[],"product_cat":[64,58],"product_tag":[],"class_list":{"0":"post-2371","1":"product","2":"type-product","3":"status-publish","4":"has-post-thumbnail","6":"product_cat-asia-flags","7":"product_cat-country-flags","9":"first","10":"instock","11":"sale","12":"shipping-taxable","13":"purchasable","14":"product-type-simple"},"_links":{"self":[{"href":"https:\/\/cosmoflag.com\/da\/wp-json\/wp\/v2\/product\/2371","targetHints":{"allow":["GET"]}}],"collection":[{"href":"https:\/\/cosmoflag.com\/da\/wp-json\/wp\/v2\/product"}],"about":[{"href":"https:\/\/cosmoflag.com\/da\/wp-json\/wp\/v2\/types\/product"}],"replies":[{"embeddable":true,"href":"https:\/\/cosmoflag.com\/da\/wp-json\/wp\/v2\/comments?post=2371"}],"wp:featuredmedia":[{"embeddable":true,"href":"https:\/\/cosmoflag.com\/da\/wp-json\/wp\/v2\/media\/1179"}],"wp:attachment":[{"href":"https:\/\/cosmoflag.com\/da\/wp-json\/wp\/v2\/media?parent=2371"}],"wp:term":[{"taxonomy":"product_brand","embeddable":true,"href":"https:\/\/cosmoflag.com\/da\/wp-json\/wp\/v2\/product_brand?post=2371"},{"taxonomy":"product_cat","embeddable":true,"href":"https:\/\/cosmoflag.com\/da\/wp-json\/wp\/v2\/product_cat?post=2371"},{"taxonomy":"product_tag","embeddable":true,"href":"https:\/\/cosmoflag.com\/da\/wp-json\/wp\/v2\/product_tag?post=2371"}],"curies":[{"name":"wp","href":"https:\/\/api.w.org\/{rel}","templated":true}]}}