{"id":2368,"date":"2024-12-15T14:18:00","date_gmt":"2024-12-15T12:18:00","guid":{"rendered":"https:\/\/cosmoflag.com\/?post_type=product&#038;p=2368"},"modified":"2025-08-12T21:23:25","modified_gmt":"2025-08-12T19:23:25","slug":"texas-flag","status":"publish","type":"product","link":"https:\/\/cosmoflag.com\/da\/produkt-2\/texas-flag\/","title":{"rendered":"Texas Flag"},"content":{"rendered":"<h3>Texanske flagfunktioner<\/h3>\n<p>Vores Texas-flag, ogs\u00e5 kendt som \"Lone Star Flag\", er fremstillet af polyester i h\u00f8j kvalitet, hvilket g\u00f8r det ideelt til langvarig brug b\u00e5de indend\u00f8rs og udend\u00f8rs. Det har metal\u00f8jer for nem montering og et sikkert greb, selv under ugunstige vejrforhold. F\u00e5s i 90 x 150 cm\/35 x 59 tommer for maksimal synlighed, og vores flag opfylder en r\u00e6kke forskellige behov, uanset om du vil vise det p\u00e5 en stang eller en v\u00e6g.<\/p>\n<h3>Et nationalt symbol gennemsyret af historie<\/h3>\n<p>Texas' flag blev vedtaget i 1839 og har en lodret bl\u00e5 stribe ved stangen, der indeholder en enkelt hvid stjerne, med to vandrette striber, en hvid og en r\u00f8d. Den bl\u00e5 farve symboliserer loyalitet, den hvide stjerne repr\u00e6senterer enheden mellem Gud, staten og alle texanere, mens den hvide og r\u00f8de farve repr\u00e6senterer henholdsvis renhed og mod. Dette flag er et st\u00e6rkt symbol p\u00e5 texanernes identitet og historie som en uafh\u00e6ngig nation, f\u00f8r de blev en delstat i USA.<\/p>\n<h3>Alsidig brug<\/h3>\n<p>Uanset om det er til fejring af staten, sportsbegivenheder, sammenkomster i lokalsamfundet eller som p\u00e6dagogisk undervisningsmateriale, er Texas-flaget velegnet til alle lejligheder. Dets robuste design og falmebestandige farver sikrer, at flaget bevarer sin betydning og visuelle effekt over tid.<\/p>","protected":false},"excerpt":{"rendered":"<p>150 x 90 cm flag med 2 robuste metalgennemf\u00f8ringer til sikker oph\u00e6ngning.<\/p>","protected":false},"featured_media":1714,"comment_status":"open","ping_status":"closed","template":"","meta":{"_gspb_post_css":"","iawp_total_views":6},"product_brand":[],"product_cat":[72,70],"product_tag":[],"class_list":{"0":"post-2368","1":"product","2":"type-product","3":"status-publish","4":"has-post-thumbnail","6":"product_cat-american-state-flags","7":"product_cat-regional-flags","9":"first","10":"instock","11":"sale","12":"shipping-taxable","13":"purchasable","14":"product-type-simple"},"_links":{"self":[{"href":"https:\/\/cosmoflag.com\/da\/wp-json\/wp\/v2\/product\/2368","targetHints":{"allow":["GET"]}}],"collection":[{"href":"https:\/\/cosmoflag.com\/da\/wp-json\/wp\/v2\/product"}],"about":[{"href":"https:\/\/cosmoflag.com\/da\/wp-json\/wp\/v2\/types\/product"}],"replies":[{"embeddable":true,"href":"https:\/\/cosmoflag.com\/da\/wp-json\/wp\/v2\/comments?post=2368"}],"wp:featuredmedia":[{"embeddable":true,"href":"https:\/\/cosmoflag.com\/da\/wp-json\/wp\/v2\/media\/1714"}],"wp:attachment":[{"href":"https:\/\/cosmoflag.com\/da\/wp-json\/wp\/v2\/media?parent=2368"}],"wp:term":[{"taxonomy":"product_brand","embeddable":true,"href":"https:\/\/cosmoflag.com\/da\/wp-json\/wp\/v2\/product_brand?post=2368"},{"taxonomy":"product_cat","embeddable":true,"href":"https:\/\/cosmoflag.com\/da\/wp-json\/wp\/v2\/product_cat?post=2368"},{"taxonomy":"product_tag","embeddable":true,"href":"https:\/\/cosmoflag.com\/da\/wp-json\/wp\/v2\/product_tag?post=2368"}],"curies":[{"name":"wp","href":"https:\/\/api.w.org\/{rel}","templated":true}]}}