{"id":2366,"date":"2024-12-14T23:47:00","date_gmt":"2024-12-14T21:47:00","guid":{"rendered":"https:\/\/cosmoflag.com\/?post_type=product&#038;p=2366"},"modified":"2025-08-12T21:23:26","modified_gmt":"2025-08-12T19:23:26","slug":"bahrains-flag","status":"publish","type":"product","link":"https:\/\/cosmoflag.com\/da\/produkt-2\/bahrains-flag\/","title":{"rendered":"Bahrains flag"},"content":{"rendered":"<h3>Bahrains flagfunktioner<\/h3>\n<p>Vores Bahrain-flag er fremstillet af polyester i h\u00f8j kvalitet, hvilket g\u00f8r det ideelt til langvarig brug, uanset om det er indend\u00f8rs eller udend\u00f8rs. Det har metaltyller for nem montering og garanteret hold, selv under ugunstige vejrforhold. F\u00e5s i 90 x 150 cm\/35 x 59 tommer for maksimal synlighed, og vores flag opfylder en r\u00e6kke forskellige behov, uanset om du vil vise det p\u00e5 en stang eller en v\u00e6g.<\/p>\n<h3>Et nationalt symbol gennemsyret af historie<\/h3>\n<p>Bahrains flag, der blev vedtaget i 2002, har en hvid baggrund adskilt af fem r\u00f8de trekanter, der danner en zigzag-linje mod flagstangen. Den r\u00f8de farve repr\u00e6senterer mod, og den hvide symboliserer fred. Zigzag-designet skal symbolisere islams fem s\u00f8jler, som er et grundl\u00e6ggende aspekt af Bahrains identitet og kultur. Designet fremkalder ogs\u00e5 de historiske relationer og fredsaftaler mellem Bahrain og dets naboer.<\/p>\n<h3>Alsidig brug<\/h3>\n<p>Uanset om det drejer sig om nationale fejringer, sportsbegivenheder, politiske demonstrationer eller uddannelsesm\u00e6ssige form\u00e5l, er Bahrains flag velegnet til alle lejligheder. Dets robuste design og falmebestandige farver sikrer, at flaget bevarer sin betydning og visuelle effekt over tid.<\/p>","protected":false},"excerpt":{"rendered":"<p>150 x 90 cm flag med 2 robuste metalgennemf\u00f8ringer til sikker oph\u00e6ngning.<\/p>","protected":false},"featured_media":1472,"comment_status":"open","ping_status":"closed","template":"","meta":{"_gspb_post_css":"","iawp_total_views":17},"product_brand":[],"product_cat":[66,58],"product_tag":[],"class_list":{"0":"post-2366","1":"product","2":"type-product","3":"status-publish","4":"has-post-thumbnail","6":"product_cat-middle-east-flags","7":"product_cat-country-flags","9":"first","10":"instock","11":"sale","12":"shipping-taxable","13":"purchasable","14":"product-type-simple"},"_links":{"self":[{"href":"https:\/\/cosmoflag.com\/da\/wp-json\/wp\/v2\/product\/2366","targetHints":{"allow":["GET"]}}],"collection":[{"href":"https:\/\/cosmoflag.com\/da\/wp-json\/wp\/v2\/product"}],"about":[{"href":"https:\/\/cosmoflag.com\/da\/wp-json\/wp\/v2\/types\/product"}],"replies":[{"embeddable":true,"href":"https:\/\/cosmoflag.com\/da\/wp-json\/wp\/v2\/comments?post=2366"}],"wp:featuredmedia":[{"embeddable":true,"href":"https:\/\/cosmoflag.com\/da\/wp-json\/wp\/v2\/media\/1472"}],"wp:attachment":[{"href":"https:\/\/cosmoflag.com\/da\/wp-json\/wp\/v2\/media?parent=2366"}],"wp:term":[{"taxonomy":"product_brand","embeddable":true,"href":"https:\/\/cosmoflag.com\/da\/wp-json\/wp\/v2\/product_brand?post=2366"},{"taxonomy":"product_cat","embeddable":true,"href":"https:\/\/cosmoflag.com\/da\/wp-json\/wp\/v2\/product_cat?post=2366"},{"taxonomy":"product_tag","embeddable":true,"href":"https:\/\/cosmoflag.com\/da\/wp-json\/wp\/v2\/product_tag?post=2366"}],"curies":[{"name":"wp","href":"https:\/\/api.w.org\/{rel}","templated":true}]}}