{"id":2360,"date":"2024-12-14T23:26:00","date_gmt":"2024-12-14T21:26:00","guid":{"rendered":"https:\/\/cosmoflag.com\/?post_type=product&#038;p=2360"},"modified":"2026-04-14T04:13:58","modified_gmt":"2026-04-14T02:13:58","slug":"schweiz-flag","status":"publish","type":"product","link":"https:\/\/cosmoflag.com\/da\/produkt-2\/schweiz-flag\/","title":{"rendered":"Schweiz' flag"},"content":{"rendered":"<h3>Funktioner af Schweiz' flag<\/h3>\n<p>Vores Schweiz-flag er fremstillet af polyester i h\u00f8j kvalitet, hvilket g\u00f8r det ideelt til langvarig brug, b\u00e5de indend\u00f8rs og udend\u00f8rs. Det har metaltyller for nem montering og garanteret hold, selv under ugunstige vejrforhold. F\u00e5s i en st\u00f8rrelse p\u00e5 90 x 150 cm\/35 x 59 tommer for maksimal synlighed, og vores flag opfylder en r\u00e6kke forskellige behov, uanset om du vil vise det p\u00e5 en stang eller en v\u00e6g.<\/p>\n<h3>Et nationalt symbol gennemsyret af historie<\/h3>\n<p>Det schweiziske flag, der er kendt for sit karakteristiske design med et hvidt kors p\u00e5 en r\u00f8d baggrund, er et af verdens mest emblematiske nationale symboler. Med sine r\u00f8dder i det 13. \u00e5rhundrede repr\u00e6senterer det schweiziske kors den neutralitet, suver\u00e6nitet og harmoni, som Schweiz er internationalt kendt for. Flaget blev officielt vedtaget i 1889, men dets oprindelse g\u00e5r \u00e5rhundreder tilbage og symboliserede oprindeligt sydstaternes kamp mod de habsburgske h\u00e6re.<\/p>\n<h3>Alsidig brug<\/h3>\n<p>Uanset om det drejer sig om nationale begivenheder, humanit\u00e6re missioner, internationale sportskonkurrencer eller uddannelsesm\u00e6ssige form\u00e5l, er det schweiziske flag velegnet til alle lejligheder. Dets robuste design og falmebestandige farver sikrer, at flaget bevarer sin betydning og visuelle effekt over tid.<\/p>","protected":false},"excerpt":{"rendered":"<p>150 x 90 cm flag med 2 robuste metalgennemf\u00f8ringer til sikker oph\u00e6ngning.<\/p>","protected":false},"featured_media":2201,"comment_status":"open","ping_status":"closed","template":"","meta":{"_gspb_post_css":"","iawp_total_views":6},"product_brand":[],"product_cat":[65,58],"product_tag":[],"class_list":{"0":"post-2360","1":"product","2":"type-product","3":"status-publish","4":"has-post-thumbnail","6":"product_cat-europe-flags","7":"product_cat-country-flags","9":"first","10":"instock","11":"sale","12":"shipping-taxable","13":"purchasable","14":"product-type-simple"},"_links":{"self":[{"href":"https:\/\/cosmoflag.com\/da\/wp-json\/wp\/v2\/product\/2360","targetHints":{"allow":["GET"]}}],"collection":[{"href":"https:\/\/cosmoflag.com\/da\/wp-json\/wp\/v2\/product"}],"about":[{"href":"https:\/\/cosmoflag.com\/da\/wp-json\/wp\/v2\/types\/product"}],"replies":[{"embeddable":true,"href":"https:\/\/cosmoflag.com\/da\/wp-json\/wp\/v2\/comments?post=2360"}],"wp:featuredmedia":[{"embeddable":true,"href":"https:\/\/cosmoflag.com\/da\/wp-json\/wp\/v2\/media\/2201"}],"wp:attachment":[{"href":"https:\/\/cosmoflag.com\/da\/wp-json\/wp\/v2\/media?parent=2360"}],"wp:term":[{"taxonomy":"product_brand","embeddable":true,"href":"https:\/\/cosmoflag.com\/da\/wp-json\/wp\/v2\/product_brand?post=2360"},{"taxonomy":"product_cat","embeddable":true,"href":"https:\/\/cosmoflag.com\/da\/wp-json\/wp\/v2\/product_cat?post=2360"},{"taxonomy":"product_tag","embeddable":true,"href":"https:\/\/cosmoflag.com\/da\/wp-json\/wp\/v2\/product_tag?post=2360"}],"curies":[{"name":"wp","href":"https:\/\/api.w.org\/{rel}","templated":true}]}}