{"id":2356,"date":"2024-12-14T23:06:00","date_gmt":"2024-12-14T21:06:00","guid":{"rendered":"https:\/\/cosmoflag.com\/?post_type=product&#038;p=2356"},"modified":"2026-05-12T01:58:53","modified_gmt":"2026-05-11T23:58:53","slug":"portugals-flag","status":"publish","type":"product","link":"https:\/\/cosmoflag.com\/da\/produkt-2\/portugals-flag\/","title":{"rendered":"Portugals flag"},"content":{"rendered":"<h3>Egenskaber ved det portugisiske flag<\/h3>\n<p>Vores Portugal-flag er fremstillet af polyester i h\u00f8j kvalitet, hvilket g\u00f8r det ideelt til holdbar indend\u00f8rs og udend\u00f8rs brug. Det har metaltyller for nem montering og sikkert greb, selv under ugunstige vejrforhold. F\u00e5s i 90 x 150 cm\/35 x 59 tommer for maksimal synlighed og 60 x 90 cm til mindre rum, og vores flag opfylder en r\u00e6kke forskellige behov, uanset om du vil vise det p\u00e5 en stang eller en v\u00e6g.<\/p>\n<h3>Et nationalt symbol gennemsyret af historie<\/h3>\n<p>Portugals flag, som blev vedtaget i 1911 efter republikkens oprettelse, best\u00e5r af to lodrette felter: gr\u00f8nt p\u00e5 den ene side af flagstangen og r\u00f8dt p\u00e5 den anden. Gr\u00f8nt symboliserer h\u00e5b og fornyelse, mens r\u00f8dt repr\u00e6senterer mod og det blod, der blev udgydt af dem, der forsvarede nationen. I midten af flaget er det nationale emblem, der best\u00e5r af et skjold med fem sm\u00e5 korsformede bl\u00e5 skjolde arrangeret i et kors, omgivet af syv sm\u00e5 t\u00e5rne og kronet af en armillarsf\u00e6re, der symboliserer portugisiske maritime opdagelser.<\/p>\n<h3>Alsidig brug<\/h3>\n<p>Uanset om det drejer sig om nationale fejringer, sportsbegivenheder, kulturelle begivenheder eller uddannelsesm\u00e6ssige form\u00e5l, er det portugisiske flag velegnet til alle lejligheder. Dets robuste design og falmebestandige farver sikrer, at flaget bevarer sin betydning og visuelle effekt over tid.<\/p>","protected":false},"excerpt":{"rendered":"<p>150 x 90 cm flag med 2 robuste metalgennemf\u00f8ringer til sikker oph\u00e6ngning.<\/p>","protected":false},"featured_media":2154,"comment_status":"open","ping_status":"closed","template":"","meta":{"_gspb_post_css":"","iawp_total_views":52},"product_brand":[],"product_cat":[65,58],"product_tag":[],"class_list":{"0":"post-2356","1":"product","2":"type-product","3":"status-publish","4":"has-post-thumbnail","6":"product_cat-europe-flags","7":"product_cat-country-flags","9":"first","10":"instock","11":"sale","12":"shipping-taxable","13":"purchasable","14":"product-type-simple"},"_links":{"self":[{"href":"https:\/\/cosmoflag.com\/da\/wp-json\/wp\/v2\/product\/2356","targetHints":{"allow":["GET"]}}],"collection":[{"href":"https:\/\/cosmoflag.com\/da\/wp-json\/wp\/v2\/product"}],"about":[{"href":"https:\/\/cosmoflag.com\/da\/wp-json\/wp\/v2\/types\/product"}],"replies":[{"embeddable":true,"href":"https:\/\/cosmoflag.com\/da\/wp-json\/wp\/v2\/comments?post=2356"}],"wp:featuredmedia":[{"embeddable":true,"href":"https:\/\/cosmoflag.com\/da\/wp-json\/wp\/v2\/media\/2154"}],"wp:attachment":[{"href":"https:\/\/cosmoflag.com\/da\/wp-json\/wp\/v2\/media?parent=2356"}],"wp:term":[{"taxonomy":"product_brand","embeddable":true,"href":"https:\/\/cosmoflag.com\/da\/wp-json\/wp\/v2\/product_brand?post=2356"},{"taxonomy":"product_cat","embeddable":true,"href":"https:\/\/cosmoflag.com\/da\/wp-json\/wp\/v2\/product_cat?post=2356"},{"taxonomy":"product_tag","embeddable":true,"href":"https:\/\/cosmoflag.com\/da\/wp-json\/wp\/v2\/product_tag?post=2356"}],"curies":[{"name":"wp","href":"https:\/\/api.w.org\/{rel}","templated":true}]}}