{"id":2355,"date":"2024-12-14T23:03:00","date_gmt":"2024-12-14T21:03:00","guid":{"rendered":"https:\/\/cosmoflag.com\/?post_type=product&#038;p=2355"},"modified":"2025-08-12T21:23:32","modified_gmt":"2025-08-12T19:23:32","slug":"uruguay-flag","status":"publish","type":"product","link":"https:\/\/cosmoflag.com\/da\/produkt-2\/uruguay-flag\/","title":{"rendered":"Uruguays flag"},"content":{"rendered":"<h3>Kendetegn ved det uruguayanske flag<\/h3>\n<p>Vores Uruguay-flag er fremstillet af polyester i h\u00f8j kvalitet, hvilket g\u00f8r det ideelt til holdbar indend\u00f8rs og udend\u00f8rs brug. Det har metaltyller for nem montering og garanteret hold, selv under ugunstige vejrforhold. F\u00e5s i 90 x 150 cm\/35 x 59 tommer for maksimal synlighed, og vores flag opfylder en r\u00e6kke forskellige behov, uanset om du vil vise det p\u00e5 en stang eller en v\u00e6g.<\/p>\n<h3>Et nationalt symbol gennemsyret af historie<\/h3>\n<p>Uruguays flag, der blev taget i brug i 1830, best\u00e5r af ni vandrette striber, der skifter mellem himmelbl\u00e5 og hvid, og som symboliserer de ni oprindelige departementer i Uruguay. I \u00f8verste venstre hj\u00f8rne p\u00e5 en hvid baggrund ses \u201cSol de Mayo\u201d (Maj-solen), et symbol p\u00e5 frihed og uafh\u00e6ngighed inspireret af majrevolutionen i Argentina, som ogs\u00e5 p\u00e5virkede Uruguay. Solen er ogs\u00e5 en p\u00e5mindelse om inkaerne og fremh\u00e6ver regionens oprindelige r\u00f8dder.<\/p>\n<h3>Alsidig brug<\/h3>\n<p>Uanset om det drejer sig om nationale fejringer, sportsbegivenheder, politiske demonstrationer eller uddannelsesm\u00e6ssige form\u00e5l, er det uruguayanske flag velegnet til alle lejligheder. Dets robuste design og falmebestandige farver sikrer, at flaget bevarer sin betydning og visuelle effekt over tid.<\/p>","protected":false},"excerpt":{"rendered":"<p>150 x 90 cm flag med 2 robuste metalgennemf\u00f8ringer til sikker oph\u00e6ngning.<\/p>","protected":false},"featured_media":2248,"comment_status":"open","ping_status":"closed","template":"","meta":{"_gspb_post_css":"","iawp_total_views":2},"product_brand":[],"product_cat":[63,58],"product_tag":[],"class_list":{"0":"post-2355","1":"product","2":"type-product","3":"status-publish","4":"has-post-thumbnail","6":"product_cat-south-america-flag","7":"product_cat-country-flags","9":"first","10":"instock","11":"sale","12":"shipping-taxable","13":"purchasable","14":"product-type-simple"},"_links":{"self":[{"href":"https:\/\/cosmoflag.com\/da\/wp-json\/wp\/v2\/product\/2355","targetHints":{"allow":["GET"]}}],"collection":[{"href":"https:\/\/cosmoflag.com\/da\/wp-json\/wp\/v2\/product"}],"about":[{"href":"https:\/\/cosmoflag.com\/da\/wp-json\/wp\/v2\/types\/product"}],"replies":[{"embeddable":true,"href":"https:\/\/cosmoflag.com\/da\/wp-json\/wp\/v2\/comments?post=2355"}],"wp:featuredmedia":[{"embeddable":true,"href":"https:\/\/cosmoflag.com\/da\/wp-json\/wp\/v2\/media\/2248"}],"wp:attachment":[{"href":"https:\/\/cosmoflag.com\/da\/wp-json\/wp\/v2\/media?parent=2355"}],"wp:term":[{"taxonomy":"product_brand","embeddable":true,"href":"https:\/\/cosmoflag.com\/da\/wp-json\/wp\/v2\/product_brand?post=2355"},{"taxonomy":"product_cat","embeddable":true,"href":"https:\/\/cosmoflag.com\/da\/wp-json\/wp\/v2\/product_cat?post=2355"},{"taxonomy":"product_tag","embeddable":true,"href":"https:\/\/cosmoflag.com\/da\/wp-json\/wp\/v2\/product_tag?post=2355"}],"curies":[{"name":"wp","href":"https:\/\/api.w.org\/{rel}","templated":true}]}}