{"id":2352,"date":"2024-12-14T22:49:00","date_gmt":"2024-12-14T20:49:00","guid":{"rendered":"https:\/\/cosmoflag.com\/?post_type=product&#038;p=2352"},"modified":"2025-08-12T21:23:33","modified_gmt":"2025-08-12T19:23:33","slug":"wales-flag","status":"publish","type":"product","link":"https:\/\/cosmoflag.com\/da\/produkt-2\/wales-flag\/","title":{"rendered":"Wales' flag"},"content":{"rendered":"<h3>Det walisiske flags funktioner<\/h3>\n<p>Vores flag fra Wales er fremstillet af polyester i h\u00f8j kvalitet, hvilket g\u00f8r det ideelt til langvarig brug, b\u00e5de indend\u00f8rs og udend\u00f8rs. Det har metaltyller for nem montering og et sikkert greb, selv under ugunstige vejrforhold. F\u00e5s i st\u00f8rrelsen 90 x 150 cm\/35 x 59 tommer for maksimal synlighed, og vores flag opfylder mange forskellige behov, uanset om du vil h\u00e6nge det op p\u00e5 en stang eller en v\u00e6g.<\/p>\n<h3>Et nationalt symbol gennemsyret af historie<\/h3>\n<p>Wales\u201c flag, kendt som \u201dY Ddraig Goch\" (den r\u00f8de drage), har en r\u00f8d drage, der passerer hen over en baggrund best\u00e5ende af en hvid overdel og en gr\u00f8n underdel. Dette flag er et af de mest karakteristiske og symbolske, hvor den r\u00f8de drage repr\u00e6senterer tapperhed og kampen for walisisk suver\u00e6nitet gennem \u00e5rhundreder. De gr\u00f8nne og hvide farver symboliserer jord og renhed. Flaget blev officielt vedtaget i 1959, men den r\u00f8de drage har v\u00e6ret et walisisk symbol i \u00e5rhundreder og optr\u00e6der i mange historier og legender.<\/p>\n<h3>Alsidig brug<\/h3>\n<p>Uanset om det drejer sig om nationale fejringer, kulturelle festivaler, sportsbegivenheder eller uddannelsesm\u00e6ssige form\u00e5l, er det walisiske flag velegnet til alle lejligheder. Dets robuste design og falmebestandige farver sikrer, at flaget bevarer sin betydning og visuelle effekt over tid.<\/p>","protected":false},"excerpt":{"rendered":"<p>150 x 90 cm flag med 2 robuste metalgennemf\u00f8ringer til sikker oph\u00e6ngning.<\/p>","protected":false},"featured_media":1911,"comment_status":"open","ping_status":"closed","template":"","meta":{"_gspb_post_css":"","iawp_total_views":7},"product_brand":[],"product_cat":[71,70],"product_tag":[],"class_list":{"0":"post-2352","1":"product","2":"type-product","3":"status-publish","4":"has-post-thumbnail","6":"product_cat-united-kingdom-regions-flags","7":"product_cat-regional-flags","9":"first","10":"instock","11":"sale","12":"shipping-taxable","13":"purchasable","14":"product-type-simple"},"_links":{"self":[{"href":"https:\/\/cosmoflag.com\/da\/wp-json\/wp\/v2\/product\/2352","targetHints":{"allow":["GET"]}}],"collection":[{"href":"https:\/\/cosmoflag.com\/da\/wp-json\/wp\/v2\/product"}],"about":[{"href":"https:\/\/cosmoflag.com\/da\/wp-json\/wp\/v2\/types\/product"}],"replies":[{"embeddable":true,"href":"https:\/\/cosmoflag.com\/da\/wp-json\/wp\/v2\/comments?post=2352"}],"wp:featuredmedia":[{"embeddable":true,"href":"https:\/\/cosmoflag.com\/da\/wp-json\/wp\/v2\/media\/1911"}],"wp:attachment":[{"href":"https:\/\/cosmoflag.com\/da\/wp-json\/wp\/v2\/media?parent=2352"}],"wp:term":[{"taxonomy":"product_brand","embeddable":true,"href":"https:\/\/cosmoflag.com\/da\/wp-json\/wp\/v2\/product_brand?post=2352"},{"taxonomy":"product_cat","embeddable":true,"href":"https:\/\/cosmoflag.com\/da\/wp-json\/wp\/v2\/product_cat?post=2352"},{"taxonomy":"product_tag","embeddable":true,"href":"https:\/\/cosmoflag.com\/da\/wp-json\/wp\/v2\/product_tag?post=2352"}],"curies":[{"name":"wp","href":"https:\/\/api.w.org\/{rel}","templated":true}]}}