{"id":2346,"date":"2024-12-13T14:13:00","date_gmt":"2024-12-13T12:13:00","guid":{"rendered":"https:\/\/cosmoflag.com\/?post_type=product&#038;p=2346"},"modified":"2025-08-12T21:23:35","modified_gmt":"2025-08-12T19:23:35","slug":"honduras-flag","status":"publish","type":"product","link":"https:\/\/cosmoflag.com\/da\/produkt-2\/honduras-flag\/","title":{"rendered":"Honduras Flag"},"content":{"rendered":"<h3>Honduras flagfunktioner<\/h3>\n<p>Vores Honduras-flag er fremstillet af polyester i h\u00f8j kvalitet, hvilket g\u00f8r det ideelt til langvarig brug, b\u00e5de indend\u00f8rs og udend\u00f8rs. Det har metaltyller for nem montering og garanteret hold, selv under ugunstige vejrforhold. F\u00e5s i 90 x 150 cm\/35 x 59 tommer for maksimal synlighed, og vores flag opfylder en r\u00e6kke forskellige behov, uanset om du vil vise det p\u00e5 en stang eller en v\u00e6g.<\/p>\n<h3>Et nationalt symbol gennemsyret af historie<\/h3>\n<p>Honduras' flag, som blev vedtaget i 1949, best\u00e5r af tre vandrette striber med to bl\u00e5 striber \u00f8verst og nederst og en hvid stribe i midten. I midten af den hvide stribe er der fem bl\u00e5 stjerner arrangeret i en X-form. De bl\u00e5 striber repr\u00e6senterer de to oceaner, som Honduras h\u00e5bede en dag at ber\u00f8re, Stillehavet og Atlanterhavet, mens stjernerne symboliserer de fem oprindelige nationer i Den Centralamerikanske F\u00f8deration og illustrerer forh\u00e5bningerne om enhed og solidaritet mellem landene i regionen.<\/p>\n<h3>Alsidig brug<\/h3>\n<p>Hvad enten det drejer sig om nationale fejringer, sportsbegivenheder, politiske demonstrationer eller uddannelsesm\u00e6ssige form\u00e5l, er det honduranske flag velegnet til alle lejligheder. Dets robuste design og falmebestandige farver sikrer, at flaget bevarer sin betydning og visuelle effekt over tid.<\/p>","protected":false},"excerpt":{"rendered":"<p>150 x 90 cm flag med 2 robuste metalgennemf\u00f8ringer til sikker oph\u00e6ngning.<\/p>","protected":false},"featured_media":1985,"comment_status":"open","ping_status":"closed","template":"","meta":{"_gspb_post_css":"","iawp_total_views":2},"product_brand":[],"product_cat":[61,58],"product_tag":[],"class_list":{"0":"post-2346","1":"product","2":"type-product","3":"status-publish","4":"has-post-thumbnail","6":"product_cat-central-america-flags","7":"product_cat-country-flags","9":"first","10":"instock","11":"sale","12":"shipping-taxable","13":"purchasable","14":"product-type-simple"},"_links":{"self":[{"href":"https:\/\/cosmoflag.com\/da\/wp-json\/wp\/v2\/product\/2346","targetHints":{"allow":["GET"]}}],"collection":[{"href":"https:\/\/cosmoflag.com\/da\/wp-json\/wp\/v2\/product"}],"about":[{"href":"https:\/\/cosmoflag.com\/da\/wp-json\/wp\/v2\/types\/product"}],"replies":[{"embeddable":true,"href":"https:\/\/cosmoflag.com\/da\/wp-json\/wp\/v2\/comments?post=2346"}],"wp:featuredmedia":[{"embeddable":true,"href":"https:\/\/cosmoflag.com\/da\/wp-json\/wp\/v2\/media\/1985"}],"wp:attachment":[{"href":"https:\/\/cosmoflag.com\/da\/wp-json\/wp\/v2\/media?parent=2346"}],"wp:term":[{"taxonomy":"product_brand","embeddable":true,"href":"https:\/\/cosmoflag.com\/da\/wp-json\/wp\/v2\/product_brand?post=2346"},{"taxonomy":"product_cat","embeddable":true,"href":"https:\/\/cosmoflag.com\/da\/wp-json\/wp\/v2\/product_cat?post=2346"},{"taxonomy":"product_tag","embeddable":true,"href":"https:\/\/cosmoflag.com\/da\/wp-json\/wp\/v2\/product_tag?post=2346"}],"curies":[{"name":"wp","href":"https:\/\/api.w.org\/{rel}","templated":true}]}}