{"id":2335,"date":"2024-12-12T23:34:00","date_gmt":"2024-12-12T21:34:00","guid":{"rendered":"https:\/\/cosmoflag.com\/?post_type=product&#038;p=2335"},"modified":"2025-11-30T23:47:11","modified_gmt":"2025-11-30T21:47:11","slug":"armeniens-flag","status":"publish","type":"product","link":"https:\/\/cosmoflag.com\/da\/produkt-2\/armeniens-flag\/","title":{"rendered":"Armeniens flag"},"content":{"rendered":"<h3><strong>Egenskaber ved det armenske flag<\/strong><\/h3>\n<p>Vores Armenien-flag er fremstillet af polyester i h\u00f8j kvalitet, hvilket g\u00f8r det ideelt til holdbar brug b\u00e5de indend\u00f8rs og udend\u00f8rs. Det er udstyret med metaltyller, der letter monteringen og sikrer, at det sidder godt fast, selv under barske vejrforhold. F\u00e5s i st\u00f8rrelsen 90 x 150 cm\/35 x 59 tommer for maksimal synlighed, og vores flag opfylder forskellige behov, uanset om du \u00f8nsker at vise det p\u00e5 en stang eller p\u00e5 en v\u00e6g.<\/p>\n<h3><strong>Et nationalt symbol rigt p\u00e5 historie<\/strong><\/h3>\n<p>Armeniens flag, der best\u00e5r af tre vandrette striber i r\u00f8d, bl\u00e5 og orange, er meget mere end bare et nationalt banner. Det blev vedtaget i 1990, lige f\u00f8r landets uafh\u00e6ngighed fra Sovjetunionen, og hver farve har en dyb betydning: R\u00f8d symboliserer det blod, der blev udgydt for uafh\u00e6ngighed og opretholdelse af kristendommen, bl\u00e5 repr\u00e6senterer det armenske folks \u00f8nske om at leve under en fredelig himmel, og orange betegner folkets kreativitet og h\u00e5rde arbejde. Dette flag er ikke bare et dekorativt element; det legemligg\u00f8r den armenske nations forh\u00e5bninger, mod og stolthed.<\/p>\n<h3><strong>Alsidig brug<\/strong><\/h3>\n<p>Uanset om det drejer sig om nationale fejringer, kulturelle begivenheder, sportsarrangementer eller uddannelsesm\u00e6ssige form\u00e5l, passer det armenske flag til alle lejligheder. Dets robuste design og falmebestandige farver sikrer, at flaget bevarer sin betydning og visuelle effekt over tid.<\/p>","protected":false},"excerpt":{"rendered":"<p>150 x 90 cm flag med 2 robuste metalgennemf\u00f8ringer til sikker oph\u00e6ngning.<\/p>","protected":false},"featured_media":1812,"comment_status":"open","ping_status":"closed","template":"","meta":{"_gspb_post_css":"","iawp_total_views":3},"product_brand":[],"product_cat":[66],"product_tag":[],"class_list":{"0":"post-2335","1":"product","2":"type-product","3":"status-publish","4":"has-post-thumbnail","6":"product_cat-middle-east-flags","8":"first","9":"instock","10":"sale","11":"shipping-taxable","12":"purchasable","13":"product-type-simple"},"_links":{"self":[{"href":"https:\/\/cosmoflag.com\/da\/wp-json\/wp\/v2\/product\/2335","targetHints":{"allow":["GET"]}}],"collection":[{"href":"https:\/\/cosmoflag.com\/da\/wp-json\/wp\/v2\/product"}],"about":[{"href":"https:\/\/cosmoflag.com\/da\/wp-json\/wp\/v2\/types\/product"}],"replies":[{"embeddable":true,"href":"https:\/\/cosmoflag.com\/da\/wp-json\/wp\/v2\/comments?post=2335"}],"wp:featuredmedia":[{"embeddable":true,"href":"https:\/\/cosmoflag.com\/da\/wp-json\/wp\/v2\/media\/1812"}],"wp:attachment":[{"href":"https:\/\/cosmoflag.com\/da\/wp-json\/wp\/v2\/media?parent=2335"}],"wp:term":[{"taxonomy":"product_brand","embeddable":true,"href":"https:\/\/cosmoflag.com\/da\/wp-json\/wp\/v2\/product_brand?post=2335"},{"taxonomy":"product_cat","embeddable":true,"href":"https:\/\/cosmoflag.com\/da\/wp-json\/wp\/v2\/product_cat?post=2335"},{"taxonomy":"product_tag","embeddable":true,"href":"https:\/\/cosmoflag.com\/da\/wp-json\/wp\/v2\/product_tag?post=2335"}],"curies":[{"name":"wp","href":"https:\/\/api.w.org\/{rel}","templated":true}]}}