{"id":2332,"date":"2024-12-12T23:18:00","date_gmt":"2024-12-12T21:18:00","guid":{"rendered":"https:\/\/cosmoflag.com\/?post_type=product&#038;p=2332"},"modified":"2025-08-12T21:23:41","modified_gmt":"2025-08-12T19:23:41","slug":"feministisk-lesbisk-flag","status":"publish","type":"product","link":"https:\/\/cosmoflag.com\/da\/produkt-2\/feministisk-lesbisk-flag\/","title":{"rendered":"Feministisk lesbisk flag"},"content":{"rendered":"<h3><strong>Funktioner af det feministiske lesbiske flag<\/strong><\/h3>\n<p>Vores feministiske lesbiske flag er fremstillet af polyester i h\u00f8j kvalitet, hvilket g\u00f8r det ideelt til holdbar brug b\u00e5de indend\u00f8rs og udend\u00f8rs. Det er udstyret med metaltyller, der letter monteringen og sikrer, at det sidder godt fast, selv under barske vejrforhold. F\u00e5s i st\u00f8rrelser p\u00e5 90 x 150 cm\/35 x 59 tommer for maksimal synlighed, og vores flag opfylder forskellige behov, uanset om du \u00f8nsker at vise det p\u00e5 en stang eller p\u00e5 en v\u00e6g.<\/p>\n<h3><strong>Et nationalt symbol rigt p\u00e5 historie<\/strong><\/h3>\n<p>Flagets centrale symbol er en sort labyrint p\u00e5 en lilla baggrund. Labrysen er et historisk symbol p\u00e5 det feministiske og lesbiske samfund, der fremkalder styrke, uafh\u00e6ngighed og solidaritet. Den lilla baggrund er et ekko af den feministiske bev\u00e6gelses farver og forst\u00e6rker identiteten og sammenholdet i f\u00e6llesskabet.<\/p>\n<h3><strong>Alsidig brug<\/strong><\/h3>\n<p>Uanset om det drejer sig om pride-fejringer, feministiske sammenkomster, kulturelle begivenheder eller uddannelsesm\u00e6ssige form\u00e5l, passer det feministiske lesbiske labrys-flag til alle lejligheder. Dets robuste design og falmebestandige farver sikrer, at flaget bevarer sin betydning og visuelle effekt over tid.<\/p>","protected":false},"excerpt":{"rendered":"<p>150 x 90 cm flag med 2 robuste metalgennemf\u00f8ringer til sikker oph\u00e6ngning.<\/p>","protected":false},"featured_media":1200,"comment_status":"open","ping_status":"closed","template":"","meta":{"_gspb_post_css":"","iawp_total_views":14},"product_brand":[],"product_cat":[57],"product_tag":[],"class_list":{"0":"post-2332","1":"product","2":"type-product","3":"status-publish","4":"has-post-thumbnail","6":"product_cat-lgbt-flags","8":"first","9":"instock","10":"sale","11":"shipping-taxable","12":"purchasable","13":"product-type-simple"},"_links":{"self":[{"href":"https:\/\/cosmoflag.com\/da\/wp-json\/wp\/v2\/product\/2332","targetHints":{"allow":["GET"]}}],"collection":[{"href":"https:\/\/cosmoflag.com\/da\/wp-json\/wp\/v2\/product"}],"about":[{"href":"https:\/\/cosmoflag.com\/da\/wp-json\/wp\/v2\/types\/product"}],"replies":[{"embeddable":true,"href":"https:\/\/cosmoflag.com\/da\/wp-json\/wp\/v2\/comments?post=2332"}],"wp:featuredmedia":[{"embeddable":true,"href":"https:\/\/cosmoflag.com\/da\/wp-json\/wp\/v2\/media\/1200"}],"wp:attachment":[{"href":"https:\/\/cosmoflag.com\/da\/wp-json\/wp\/v2\/media?parent=2332"}],"wp:term":[{"taxonomy":"product_brand","embeddable":true,"href":"https:\/\/cosmoflag.com\/da\/wp-json\/wp\/v2\/product_brand?post=2332"},{"taxonomy":"product_cat","embeddable":true,"href":"https:\/\/cosmoflag.com\/da\/wp-json\/wp\/v2\/product_cat?post=2332"},{"taxonomy":"product_tag","embeddable":true,"href":"https:\/\/cosmoflag.com\/da\/wp-json\/wp\/v2\/product_tag?post=2332"}],"curies":[{"name":"wp","href":"https:\/\/api.w.org\/{rel}","templated":true}]}}