{"id":2331,"date":"2024-12-12T23:09:00","date_gmt":"2024-12-12T21:09:00","guid":{"rendered":"https:\/\/cosmoflag.com\/?post_type=product&#038;p=2331"},"modified":"2025-08-12T21:23:41","modified_gmt":"2025-08-12T19:23:41","slug":"agender-flag","status":"publish","type":"product","link":"https:\/\/cosmoflag.com\/da\/produkt-2\/agender-flag\/","title":{"rendered":"Agender-flag"},"content":{"rendered":"<h3><strong>Kendetegn ved agender-flaget<\/strong><\/h3>\n<p>Vores agender-flag er lavet af polyester i h\u00f8j kvalitet, hvilket g\u00f8r det ideelt til langvarig brug, uanset om det er indend\u00f8rs eller udend\u00f8rs. Det har metalgennemf\u00f8ringer for nem montering og sikrer, at det holder selv under barske vejrforhold. F\u00e5s i en st\u00f8rrelse p\u00e5 90 x 150 cm\/35 x 59 tommer for maksimal synlighed, og vores flag opfylder forskellige behov, uanset om du vil vise det p\u00e5 en stang eller en v\u00e6g.<\/p>\n<h3><strong>Et nationalt symbol rigt p\u00e5 historie<\/strong><\/h3>\n<p>Agenderflaget har vandrette striber i sort, gr\u00e5, hvid og lysegr\u00f8n. Sort og gr\u00e5 repr\u00e6senterer henholdsvis frav\u00e6ret af k\u00f8n og halvk\u00f8n, mens hvid symboliserer ikke-bin\u00e6r k\u00f8nsidentitet. Lysegr\u00f8n er agender-farven, som repr\u00e6senterer dem, der falder uden for det traditionelle k\u00f8nsspektrum.<\/p>\n<h3><strong>Alsidig brug<\/strong><\/h3>\n<p>Agender-flaget er perfekt til at fejre k\u00f8nsdiversitet, f\u00e6llesskabsm\u00f8der, kulturelle begivenheder eller som et p\u00e6dagogisk v\u00e6rkt\u00f8j. Dets holdbare design og farver, der ikke falmer, sikrer, at flaget bevarer sin betydning og visuelle effekt over tid.<\/p>","protected":false},"excerpt":{"rendered":"<p>150 x 90 cm flag med 2 robuste metalgennemf\u00f8ringer til sikker oph\u00e6ngning.<\/p>","protected":false},"featured_media":957,"comment_status":"open","ping_status":"closed","template":"","meta":{"_gspb_post_css":"","iawp_total_views":8},"product_brand":[],"product_cat":[57],"product_tag":[],"class_list":{"0":"post-2331","1":"product","2":"type-product","3":"status-publish","4":"has-post-thumbnail","6":"product_cat-lgbt-flags","8":"first","9":"instock","10":"sale","11":"shipping-taxable","12":"purchasable","13":"product-type-simple"},"_links":{"self":[{"href":"https:\/\/cosmoflag.com\/da\/wp-json\/wp\/v2\/product\/2331","targetHints":{"allow":["GET"]}}],"collection":[{"href":"https:\/\/cosmoflag.com\/da\/wp-json\/wp\/v2\/product"}],"about":[{"href":"https:\/\/cosmoflag.com\/da\/wp-json\/wp\/v2\/types\/product"}],"replies":[{"embeddable":true,"href":"https:\/\/cosmoflag.com\/da\/wp-json\/wp\/v2\/comments?post=2331"}],"wp:featuredmedia":[{"embeddable":true,"href":"https:\/\/cosmoflag.com\/da\/wp-json\/wp\/v2\/media\/957"}],"wp:attachment":[{"href":"https:\/\/cosmoflag.com\/da\/wp-json\/wp\/v2\/media?parent=2331"}],"wp:term":[{"taxonomy":"product_brand","embeddable":true,"href":"https:\/\/cosmoflag.com\/da\/wp-json\/wp\/v2\/product_brand?post=2331"},{"taxonomy":"product_cat","embeddable":true,"href":"https:\/\/cosmoflag.com\/da\/wp-json\/wp\/v2\/product_cat?post=2331"},{"taxonomy":"product_tag","embeddable":true,"href":"https:\/\/cosmoflag.com\/da\/wp-json\/wp\/v2\/product_tag?post=2331"}],"curies":[{"name":"wp","href":"https:\/\/api.w.org\/{rel}","templated":true}]}}