{"id":2328,"date":"2024-12-12T22:59:00","date_gmt":"2024-12-12T20:59:00","guid":{"rendered":"https:\/\/cosmoflag.com\/?post_type=product&#038;p=2328"},"modified":"2025-08-12T21:23:42","modified_gmt":"2025-08-12T19:23:42","slug":"ikke-binaert-flag","status":"publish","type":"product","link":"https:\/\/cosmoflag.com\/da\/produkt-2\/ikke-binaert-flag\/","title":{"rendered":"Ikke-bin\u00e6rt flag"},"content":{"rendered":"<h3>Ikke-bin\u00e6re flagfunktioner<\/h3>\n<p>Vores ikke-bin\u00e6re flag er lavet af polyester i h\u00f8j kvalitet, hvilket g\u00f8r det ideelt til langvarig brug, uanset om det er indend\u00f8rs eller udend\u00f8rs. Det har metaltyller for nem montering og garanteret hold, selv under ugunstige vejrforhold. F\u00e5s i 90 x 150 cm\/35 x 59 tommer for maksimal synlighed, og vores flag opfylder en r\u00e6kke forskellige behov, uanset om du vil vise det p\u00e5 en stang eller en v\u00e6g.<\/p>\n<h3>Et nationalt symbol gennemsyret af historie<\/h3>\n<p>Det ikke-bin\u00e6re flag har fire vandrette striber i gul, hvid, lilla og sort. Gul repr\u00e6senterer mennesker, hvis k\u00f8n ligger uden for binariteten mand-kvinde, hvid st\u00e5r for dem med flere identiteter, lilla for blandede identiteter og sort for k\u00f8nsl\u00f8se personer.<\/p>\n<h3>Alsidig brug<\/h3>\n<p>Uanset om det er til pride-arrangementer, f\u00e6llessamlinger, kulturelle begivenheder eller som et middel til at oplyse om k\u00f8nsdiversitet, er det ikke-bin\u00e6re flag velegnet til alle lejligheder. Dets robusthed og farver, der ikke falmer, sikrer, at flaget bevarer sin visuelle effekt over tid.<\/p>","protected":false},"excerpt":{"rendered":"<p>150 x 90 cm flag med 2 robuste metalgennemf\u00f8ringer til sikker oph\u00e6ngning.<\/p>","protected":false},"featured_media":1294,"comment_status":"open","ping_status":"closed","template":"","meta":{"_gspb_post_css":"","iawp_total_views":25},"product_brand":[],"product_cat":[57],"product_tag":[],"class_list":{"0":"post-2328","1":"product","2":"type-product","3":"status-publish","4":"has-post-thumbnail","6":"product_cat-lgbt-flags","8":"first","9":"instock","10":"sale","11":"shipping-taxable","12":"purchasable","13":"product-type-simple"},"_links":{"self":[{"href":"https:\/\/cosmoflag.com\/da\/wp-json\/wp\/v2\/product\/2328","targetHints":{"allow":["GET"]}}],"collection":[{"href":"https:\/\/cosmoflag.com\/da\/wp-json\/wp\/v2\/product"}],"about":[{"href":"https:\/\/cosmoflag.com\/da\/wp-json\/wp\/v2\/types\/product"}],"replies":[{"embeddable":true,"href":"https:\/\/cosmoflag.com\/da\/wp-json\/wp\/v2\/comments?post=2328"}],"wp:featuredmedia":[{"embeddable":true,"href":"https:\/\/cosmoflag.com\/da\/wp-json\/wp\/v2\/media\/1294"}],"wp:attachment":[{"href":"https:\/\/cosmoflag.com\/da\/wp-json\/wp\/v2\/media?parent=2328"}],"wp:term":[{"taxonomy":"product_brand","embeddable":true,"href":"https:\/\/cosmoflag.com\/da\/wp-json\/wp\/v2\/product_brand?post=2328"},{"taxonomy":"product_cat","embeddable":true,"href":"https:\/\/cosmoflag.com\/da\/wp-json\/wp\/v2\/product_cat?post=2328"},{"taxonomy":"product_tag","embeddable":true,"href":"https:\/\/cosmoflag.com\/da\/wp-json\/wp\/v2\/product_tag?post=2328"}],"curies":[{"name":"wp","href":"https:\/\/api.w.org\/{rel}","templated":true}]}}