{"id":2327,"date":"2024-12-12T22:50:00","date_gmt":"2024-12-12T20:50:00","guid":{"rendered":"https:\/\/cosmoflag.com\/?post_type=product&#038;p=2327"},"modified":"2025-08-12T21:23:42","modified_gmt":"2025-08-12T19:23:42","slug":"canadas-homoseksuelle-flag","status":"publish","type":"product","link":"https:\/\/cosmoflag.com\/da\/produkt-2\/canadas-homoseksuelle-flag\/","title":{"rendered":"Gay Canada Flag"},"content":{"rendered":"<h3>Gay Canada Flag Funktioner<\/h3>\n<p>Vores canadiske gay pride-flag er fremstillet af polyester i h\u00f8j kvalitet, hvilket g\u00f8r det ideelt til langvarig brug, b\u00e5de ude og inde. Det har metaltyller for nem montering og garanteret hold, selv under ugunstige vejrforhold. F\u00e5s i 90 x 150 cm\/35 x 59 tommer for maksimal synlighed, og vores flag opfylder en r\u00e6kke forskellige behov, uanset om du vil vise det p\u00e5 en stang eller en v\u00e6g.<\/p>\n<h3>Et symbol gennemsyret af historie<\/h3>\n<p>Flaget kombinerer elementer af gay pride med ikoniske canadiske symboler. Det indeholder regnbuens farver, det universelle symbol p\u00e5 LGBTQ+-samfundet, med Canadas r\u00f8de ahornblad i midten for at fejre inklusion og mangfoldighed i den canadiske kultur.<\/p>\n<h3>Alsidig brug<\/h3>\n<p>Det canadiske Gay Pride-flag er ideelt til Pride-festivaler, parader, f\u00e6llessamlinger eller som en st\u00f8ttende udstilling og er et must-have for alle, der fejrer seksuel mangfoldighed og ytringsfrihed i Canada. Med sin holdbare konstruktion og levende farver er flaget designet til en st\u00e6rk, vedvarende visuel effekt.<\/p>","protected":false},"excerpt":{"rendered":"<p>150 x 90 cm flag med 2 robuste metalgennemf\u00f8ringer til sikker oph\u00e6ngning.<\/p>","protected":false},"featured_media":1117,"comment_status":"open","ping_status":"closed","template":"","meta":{"_gspb_post_css":"","iawp_total_views":2},"product_brand":[],"product_cat":[57],"product_tag":[],"class_list":{"0":"post-2327","1":"product","2":"type-product","3":"status-publish","4":"has-post-thumbnail","6":"product_cat-lgbt-flags","8":"first","9":"instock","10":"sale","11":"shipping-taxable","12":"purchasable","13":"product-type-simple"},"_links":{"self":[{"href":"https:\/\/cosmoflag.com\/da\/wp-json\/wp\/v2\/product\/2327","targetHints":{"allow":["GET"]}}],"collection":[{"href":"https:\/\/cosmoflag.com\/da\/wp-json\/wp\/v2\/product"}],"about":[{"href":"https:\/\/cosmoflag.com\/da\/wp-json\/wp\/v2\/types\/product"}],"replies":[{"embeddable":true,"href":"https:\/\/cosmoflag.com\/da\/wp-json\/wp\/v2\/comments?post=2327"}],"wp:featuredmedia":[{"embeddable":true,"href":"https:\/\/cosmoflag.com\/da\/wp-json\/wp\/v2\/media\/1117"}],"wp:attachment":[{"href":"https:\/\/cosmoflag.com\/da\/wp-json\/wp\/v2\/media?parent=2327"}],"wp:term":[{"taxonomy":"product_brand","embeddable":true,"href":"https:\/\/cosmoflag.com\/da\/wp-json\/wp\/v2\/product_brand?post=2327"},{"taxonomy":"product_cat","embeddable":true,"href":"https:\/\/cosmoflag.com\/da\/wp-json\/wp\/v2\/product_cat?post=2327"},{"taxonomy":"product_tag","embeddable":true,"href":"https:\/\/cosmoflag.com\/da\/wp-json\/wp\/v2\/product_tag?post=2327"}],"curies":[{"name":"wp","href":"https:\/\/api.w.org\/{rel}","templated":true}]}}