{"id":2326,"date":"2024-12-12T14:47:00","date_gmt":"2024-12-12T12:47:00","guid":{"rendered":"https:\/\/cosmoflag.com\/?post_type=product&#038;p=2326"},"modified":"2025-08-12T21:23:43","modified_gmt":"2025-08-12T19:23:43","slug":"genderqueer-flag","status":"publish","type":"product","link":"https:\/\/cosmoflag.com\/da\/produkt-2\/genderqueer-flag\/","title":{"rendered":"Genderqueer-flag"},"content":{"rendered":"<h3>Genderqueer-flagets funktioner<\/h3>\n<p>Vores Genderqueer-flag er fremstillet af polyester i h\u00f8j kvalitet, hvilket g\u00f8r det ideelt til langvarig brug, b\u00e5de indend\u00f8rs og udend\u00f8rs. Det har metaltyller for nem montering og garanteret hold, selv under ugunstige vejrforhold. F\u00e5s i 90 x 150 cm\/35 x 59 tommer for maksimal synlighed, og vores flag opfylder en r\u00e6kke forskellige behov, uanset om du vil vise det p\u00e5 en stang eller en v\u00e6g.<\/p>\n<h3>Et nationalt symbol gennemsyret af historie<\/h3>\n<p>Genderqueer-flaget har tre vandrette striber i lavendel, hvid og chartreuse-gr\u00f8n. Lavendel repr\u00e6senterer androgyni og sammensmeltning af k\u00f8nsidentiteter, hvid symboliserer neutral eller neutral k\u00f8nsidentitet, og chartreuse-gr\u00f8n, det modsatte af lavendel, repr\u00e6senterer ikke-bin\u00e6re identiteter, der falder uden for mand-kvinde-spektret.<\/p>\n<h3>Alsidig brug<\/h3>\n<p>Uanset om det er til pride-fejringer, f\u00e6llessamlinger, kulturelle begivenheder eller som undervisning i k\u00f8nsdiversitet, er genderqueer-flaget velegnet til alle lejligheder. Dets robuste design og falmebestandige farver sikrer, at flaget bevarer sin betydning og visuelle effekt over tid.<\/p>","protected":false},"excerpt":{"rendered":"<p>150 x 90 cm flag med 2 robuste metalgennemf\u00f8ringer til sikker oph\u00e6ngning.<\/p>","protected":false},"featured_media":1124,"comment_status":"open","ping_status":"closed","template":"","meta":{"_gspb_post_css":"","iawp_total_views":4},"product_brand":[],"product_cat":[57],"product_tag":[],"class_list":{"0":"post-2326","1":"product","2":"type-product","3":"status-publish","4":"has-post-thumbnail","6":"product_cat-lgbt-flags","8":"first","9":"instock","10":"sale","11":"shipping-taxable","12":"purchasable","13":"product-type-simple"},"_links":{"self":[{"href":"https:\/\/cosmoflag.com\/da\/wp-json\/wp\/v2\/product\/2326","targetHints":{"allow":["GET"]}}],"collection":[{"href":"https:\/\/cosmoflag.com\/da\/wp-json\/wp\/v2\/product"}],"about":[{"href":"https:\/\/cosmoflag.com\/da\/wp-json\/wp\/v2\/types\/product"}],"replies":[{"embeddable":true,"href":"https:\/\/cosmoflag.com\/da\/wp-json\/wp\/v2\/comments?post=2326"}],"wp:featuredmedia":[{"embeddable":true,"href":"https:\/\/cosmoflag.com\/da\/wp-json\/wp\/v2\/media\/1124"}],"wp:attachment":[{"href":"https:\/\/cosmoflag.com\/da\/wp-json\/wp\/v2\/media?parent=2326"}],"wp:term":[{"taxonomy":"product_brand","embeddable":true,"href":"https:\/\/cosmoflag.com\/da\/wp-json\/wp\/v2\/product_brand?post=2326"},{"taxonomy":"product_cat","embeddable":true,"href":"https:\/\/cosmoflag.com\/da\/wp-json\/wp\/v2\/product_cat?post=2326"},{"taxonomy":"product_tag","embeddable":true,"href":"https:\/\/cosmoflag.com\/da\/wp-json\/wp\/v2\/product_tag?post=2326"}],"curies":[{"name":"wp","href":"https:\/\/api.w.org\/{rel}","templated":true}]}}