{"id":2325,"date":"2024-12-12T14:41:00","date_gmt":"2024-12-12T12:41:00","guid":{"rendered":"https:\/\/cosmoflag.com\/?post_type=product&#038;p=2325"},"modified":"2025-08-12T21:23:43","modified_gmt":"2025-08-12T19:23:43","slug":"aromantisk-flag","status":"publish","type":"product","link":"https:\/\/cosmoflag.com\/da\/produkt-2\/aromantisk-flag\/","title":{"rendered":"Aromantisk flag"},"content":{"rendered":"<h3>Aromantiske flagfunktioner<\/h3>\n<p>Vores romantiske flag er fremstillet af polyester i h\u00f8j kvalitet, hvilket g\u00f8r det ideelt til langvarig brug, b\u00e5de indend\u00f8rs og udend\u00f8rs. Det har metaltyller for nem montering og garanteret hold, selv under ugunstige vejrforhold. F\u00e5s i 90 x 150 cm\/35 x 59 tommer for maksimal synlighed, og vores flag opfylder en r\u00e6kke forskellige behov, uanset om du vil vise det p\u00e5 en stang eller en v\u00e6g.<\/p>\n<h3>Et symbol gennemsyret af historie<\/h3>\n<p>Det aromantiske flag har fem vandrette striber i farverne gr\u00f8n, lysegr\u00e5, hvid, gr\u00e5 og sort, fra top til bund. Gr\u00f8n repr\u00e6senterer aromantik, lysegr\u00e5 zonen mellem aromantik og romantik, hvid symboliserer platoniske forhold og agtelse mellem aromantiske partnere, m\u00f8rkegr\u00e5 repr\u00e6senterer den aromantiske gr\u00e5zone og sort aseksualitet.<\/p>\n<h3>Alsidig brug<\/h3>\n<p>Det aromantiske flag er ideelt til Pride-begivenheder, f\u00e6llessamlinger, kulturelle begivenheder eller som et uddannelsesv\u00e6rkt\u00f8j, og det er en meningsfuld m\u00e5de at repr\u00e6sentere det aromantiske samfund p\u00e5 og \u00f8ge bevidstheden om denne orientering. Dets robuste design og falmebestandige farver sikrer, at flaget bevarer sin livskraft og betydning.<\/p>","protected":false},"excerpt":{"rendered":"<p>150 x 90 cm flag med 2 robuste metalgennemf\u00f8ringer til sikker oph\u00e6ngning.<\/p>","protected":false},"featured_media":971,"comment_status":"open","ping_status":"closed","template":"","meta":{"_gspb_post_css":"","iawp_total_views":6},"product_brand":[],"product_cat":[57],"product_tag":[],"class_list":{"0":"post-2325","1":"product","2":"type-product","3":"status-publish","4":"has-post-thumbnail","6":"product_cat-lgbt-flags","8":"first","9":"instock","10":"sale","11":"shipping-taxable","12":"purchasable","13":"product-type-simple"},"_links":{"self":[{"href":"https:\/\/cosmoflag.com\/da\/wp-json\/wp\/v2\/product\/2325","targetHints":{"allow":["GET"]}}],"collection":[{"href":"https:\/\/cosmoflag.com\/da\/wp-json\/wp\/v2\/product"}],"about":[{"href":"https:\/\/cosmoflag.com\/da\/wp-json\/wp\/v2\/types\/product"}],"replies":[{"embeddable":true,"href":"https:\/\/cosmoflag.com\/da\/wp-json\/wp\/v2\/comments?post=2325"}],"wp:featuredmedia":[{"embeddable":true,"href":"https:\/\/cosmoflag.com\/da\/wp-json\/wp\/v2\/media\/971"}],"wp:attachment":[{"href":"https:\/\/cosmoflag.com\/da\/wp-json\/wp\/v2\/media?parent=2325"}],"wp:term":[{"taxonomy":"product_brand","embeddable":true,"href":"https:\/\/cosmoflag.com\/da\/wp-json\/wp\/v2\/product_brand?post=2325"},{"taxonomy":"product_cat","embeddable":true,"href":"https:\/\/cosmoflag.com\/da\/wp-json\/wp\/v2\/product_cat?post=2325"},{"taxonomy":"product_tag","embeddable":true,"href":"https:\/\/cosmoflag.com\/da\/wp-json\/wp\/v2\/product_tag?post=2325"}],"curies":[{"name":"wp","href":"https:\/\/api.w.org\/{rel}","templated":true}]}}