{"id":2324,"date":"2024-12-12T14:36:00","date_gmt":"2024-12-12T12:36:00","guid":{"rendered":"https:\/\/cosmoflag.com\/?post_type=product&#038;p=2324"},"modified":"2025-08-12T21:23:43","modified_gmt":"2025-08-12T19:23:43","slug":"flag-i-laeder","status":"publish","type":"product","link":"https:\/\/cosmoflag.com\/da\/produkt-2\/flag-i-laeder\/","title":{"rendered":"Flag i l\u00e6der"},"content":{"rendered":"<h3>L\u00e6derflagets funktioner<\/h3>\n<p>Vores Leather-flag er fremstillet af polyester i h\u00f8j kvalitet, hvilket g\u00f8r det ideelt til langvarig brug, b\u00e5de indend\u00f8rs og udend\u00f8rs. Det har metaltyller for nem montering og garanteret hold, selv under ugunstige vejrforhold. F\u00e5s i 90 x 150 cm\/35 x 59 tommer for maksimal synlighed, og vores flag opfylder en r\u00e6kke forskellige behov, uanset om du vil vise det p\u00e5 en stang eller en v\u00e6g.<\/p>\n<h3>Et symbol gennemsyret af historie<\/h3>\n<p>Leather-flaget, der blev designet af Tony DeBlase i 1989, er et vigtigt symbol p\u00e5 Leather-milj\u00f8et. Det har skiftevis sorte og bl\u00e5 vandrette striber med et r\u00f8dt hjerte i \u00f8verste venstre hj\u00f8rne. Hver farve har sin egen betydning: Sort repr\u00e6senterer l\u00e6der, bl\u00e5 loyalitet og dedikation, og r\u00f8d lidenskab og k\u00e6rlighed.<\/p>\n<h3>Alsidig brug<\/h3>\n<p>Uanset om det er til pride-parader, samlinger i l\u00e6dersamfundet, kulturelle begivenheder eller BDSM-begivenheder, er l\u00e6derflaget et st\u00e6rkt symbol p\u00e5 stolthed og identitet. Dets robuste design og falmebestandige farver sikrer, at flaget bevarer sin betydning og visuelle effekt over tid.<\/p>","protected":false},"excerpt":{"rendered":"<p>150 x 90 cm flag med 2 robuste metalgennemf\u00f8ringer til sikker oph\u00e6ngning.<\/p>","protected":false},"featured_media":1193,"comment_status":"open","ping_status":"closed","template":"","meta":{"_gspb_post_css":"","iawp_total_views":2},"product_brand":[],"product_cat":[57],"product_tag":[],"class_list":{"0":"post-2324","1":"product","2":"type-product","3":"status-publish","4":"has-post-thumbnail","6":"product_cat-lgbt-flags","8":"first","9":"instock","10":"sale","11":"shipping-taxable","12":"purchasable","13":"product-type-simple"},"_links":{"self":[{"href":"https:\/\/cosmoflag.com\/da\/wp-json\/wp\/v2\/product\/2324","targetHints":{"allow":["GET"]}}],"collection":[{"href":"https:\/\/cosmoflag.com\/da\/wp-json\/wp\/v2\/product"}],"about":[{"href":"https:\/\/cosmoflag.com\/da\/wp-json\/wp\/v2\/types\/product"}],"replies":[{"embeddable":true,"href":"https:\/\/cosmoflag.com\/da\/wp-json\/wp\/v2\/comments?post=2324"}],"wp:featuredmedia":[{"embeddable":true,"href":"https:\/\/cosmoflag.com\/da\/wp-json\/wp\/v2\/media\/1193"}],"wp:attachment":[{"href":"https:\/\/cosmoflag.com\/da\/wp-json\/wp\/v2\/media?parent=2324"}],"wp:term":[{"taxonomy":"product_brand","embeddable":true,"href":"https:\/\/cosmoflag.com\/da\/wp-json\/wp\/v2\/product_brand?post=2324"},{"taxonomy":"product_cat","embeddable":true,"href":"https:\/\/cosmoflag.com\/da\/wp-json\/wp\/v2\/product_cat?post=2324"},{"taxonomy":"product_tag","embeddable":true,"href":"https:\/\/cosmoflag.com\/da\/wp-json\/wp\/v2\/product_tag?post=2324"}],"curies":[{"name":"wp","href":"https:\/\/api.w.org\/{rel}","templated":true}]}}