{"id":2323,"date":"2024-12-12T14:32:00","date_gmt":"2024-12-12T12:32:00","guid":{"rendered":"https:\/\/cosmoflag.com\/?post_type=product&#038;p=2323"},"modified":"2025-08-12T21:23:44","modified_gmt":"2025-08-12T19:23:44","slug":"bjorneflag","status":"publish","type":"product","link":"https:\/\/cosmoflag.com\/da\/produkt-2\/bjorneflag\/","title":{"rendered":"Bj\u00f8rneflag"},"content":{"rendered":"<h3>Bj\u00f8rneflagets funktioner<\/h3>\n<p>Vores Bear-flag er fremstillet af polyester i h\u00f8j kvalitet, hvilket g\u00f8r det ideelt til holdbar indend\u00f8rs og udend\u00f8rs brug. Det har metaltyller for nem montering og garanteret hold, selv under ugunstige vejrforhold. F\u00e5s i 90\u00d7150 cm\/35\u00d759 tommer for maksimal synlighed, og vores flag opfylder en r\u00e6kke forskellige behov, uanset om du vil vise det p\u00e5 en stang eller en v\u00e6g.<\/p>\n<h3>Et symbol gennemsyret af historie<\/h3>\n<p>Bear-samfundets flag har vandrette striber i brun, beige og hvid med en bj\u00f8rnepote trykt i \u00f8verste venstre hj\u00f8rne, et genkendeligt symbol p\u00e5 denne kultur. Hver farve repr\u00e6senterer de forskellige farver af bj\u00f8rnepels og symboliserer inklusionen af mennesker af forskellige racer og etniske oprindelser i samfundet.<\/p>\n<h3>Alsidig brug<\/h3>\n<p>Uanset om det er til pride-parader, f\u00e6llessamlinger, kulturelle begivenheder eller som et middel til at udtrykke bj\u00f8rnesamfundets stolthed, er dette flag velegnet til alle lejligheder. Dets robuste design og falmebestandige farver sikrer, at flaget bevarer sin betydning og visuelle effekt over tid.<\/p>","protected":false},"excerpt":{"rendered":"<p>150 x 90 cm flag med 2 robuste metalgennemf\u00f8ringer til sikker oph\u00e6ngning.<\/p>","protected":false},"featured_media":1002,"comment_status":"open","ping_status":"closed","template":"","meta":{"_gspb_post_css":"","iawp_total_views":10},"product_brand":[],"product_cat":[57],"product_tag":[],"class_list":{"0":"post-2323","1":"product","2":"type-product","3":"status-publish","4":"has-post-thumbnail","6":"product_cat-lgbt-flags","8":"first","9":"instock","10":"sale","11":"shipping-taxable","12":"purchasable","13":"product-type-simple"},"_links":{"self":[{"href":"https:\/\/cosmoflag.com\/da\/wp-json\/wp\/v2\/product\/2323","targetHints":{"allow":["GET"]}}],"collection":[{"href":"https:\/\/cosmoflag.com\/da\/wp-json\/wp\/v2\/product"}],"about":[{"href":"https:\/\/cosmoflag.com\/da\/wp-json\/wp\/v2\/types\/product"}],"replies":[{"embeddable":true,"href":"https:\/\/cosmoflag.com\/da\/wp-json\/wp\/v2\/comments?post=2323"}],"wp:featuredmedia":[{"embeddable":true,"href":"https:\/\/cosmoflag.com\/da\/wp-json\/wp\/v2\/media\/1002"}],"wp:attachment":[{"href":"https:\/\/cosmoflag.com\/da\/wp-json\/wp\/v2\/media?parent=2323"}],"wp:term":[{"taxonomy":"product_brand","embeddable":true,"href":"https:\/\/cosmoflag.com\/da\/wp-json\/wp\/v2\/product_brand?post=2323"},{"taxonomy":"product_cat","embeddable":true,"href":"https:\/\/cosmoflag.com\/da\/wp-json\/wp\/v2\/product_cat?post=2323"},{"taxonomy":"product_tag","embeddable":true,"href":"https:\/\/cosmoflag.com\/da\/wp-json\/wp\/v2\/product_tag?post=2323"}],"curies":[{"name":"wp","href":"https:\/\/api.w.org\/{rel}","templated":true}]}}