{"id":2322,"date":"2024-12-12T14:27:00","date_gmt":"2024-12-12T12:27:00","guid":{"rendered":"https:\/\/cosmoflag.com\/?post_type=product&#038;p=2322"},"modified":"2025-09-04T10:22:20","modified_gmt":"2025-09-04T08:22:20","slug":"lesbisk-flag","status":"publish","type":"product","link":"https:\/\/cosmoflag.com\/da\/produkt-2\/lesbisk-flag\/","title":{"rendered":"Lesbisk flag"},"content":{"rendered":"<h3>Lesbiske flagfunktioner<\/h3>\n<p>Vores lesbiske flag er lavet af polyester i h\u00f8j kvalitet, hvilket g\u00f8r det ideelt til langvarig brug, uanset om det er indend\u00f8rs eller udend\u00f8rs. Det har metaltyller for nem montering og garanteret hold, selv under ugunstige vejrforhold. F\u00e5s i 90\u00d7150 cm\/35\u00d759 tommer for maksimal synlighed, og vores flag opfylder en r\u00e6kke forskellige behov, uanset om du vil vise det p\u00e5 en stang eller en v\u00e6g.<\/p>\n<h3>Et nationalt symbol gennemsyret af historie<\/h3>\n<p>Det lesbiske flag har striber i farver fra orange til lilla, som repr\u00e6senterer mangfoldigheden og sammenholdet i det lesbiske samfund. Hver farve har en betydning, som hylder f\u00e6llesskabets identitet og solidaritet, og som afspejler den lesbiske mangfoldigheds rigdom.<\/p>\n<h3>Alsidig brug<\/h3>\n<p>Dette flag er perfekt til fejring af lesbisk stolthed, arrangementer i lokalsamfundet, kulturelle begivenheder eller som undervisningsredskab. Dets holdbare design og falmebestandige farver sikrer en stolt og levende repr\u00e6sentation af det lesbiske samfund.<\/p>","protected":false},"excerpt":{"rendered":"<p>150 x 90 cm flag med 2 robuste metalgennemf\u00f8ringer til sikker oph\u00e6ngning.<\/p>","protected":false},"featured_media":1204,"comment_status":"open","ping_status":"closed","template":"","meta":{"_gspb_post_css":"","iawp_total_views":29},"product_brand":[],"product_cat":[57],"product_tag":[],"class_list":{"0":"post-2322","1":"product","2":"type-product","3":"status-publish","4":"has-post-thumbnail","6":"product_cat-lgbt-flags","8":"first","9":"instock","10":"sale","11":"shipping-taxable","12":"purchasable","13":"product-type-simple"},"_links":{"self":[{"href":"https:\/\/cosmoflag.com\/da\/wp-json\/wp\/v2\/product\/2322","targetHints":{"allow":["GET"]}}],"collection":[{"href":"https:\/\/cosmoflag.com\/da\/wp-json\/wp\/v2\/product"}],"about":[{"href":"https:\/\/cosmoflag.com\/da\/wp-json\/wp\/v2\/types\/product"}],"replies":[{"embeddable":true,"href":"https:\/\/cosmoflag.com\/da\/wp-json\/wp\/v2\/comments?post=2322"}],"wp:featuredmedia":[{"embeddable":true,"href":"https:\/\/cosmoflag.com\/da\/wp-json\/wp\/v2\/media\/1204"}],"wp:attachment":[{"href":"https:\/\/cosmoflag.com\/da\/wp-json\/wp\/v2\/media?parent=2322"}],"wp:term":[{"taxonomy":"product_brand","embeddable":true,"href":"https:\/\/cosmoflag.com\/da\/wp-json\/wp\/v2\/product_brand?post=2322"},{"taxonomy":"product_cat","embeddable":true,"href":"https:\/\/cosmoflag.com\/da\/wp-json\/wp\/v2\/product_cat?post=2322"},{"taxonomy":"product_tag","embeddable":true,"href":"https:\/\/cosmoflag.com\/da\/wp-json\/wp\/v2\/product_tag?post=2322"}],"curies":[{"name":"wp","href":"https:\/\/api.w.org\/{rel}","templated":true}]}}